{"id":1050,"date":"2021-01-30T22:07:08","date_gmt":"2021-01-30T21:07:08","guid":{"rendered":"http:\/\/kre-art.fr\/?page_id=1050"},"modified":"2021-07-15T23:12:46","modified_gmt":"2021-07-15T21:12:46","slug":"lope-de-vega","status":"publish","type":"page","link":"https:\/\/kre-art.fr\/index.php\/litterature\/resumes-de-livres\/lope-de-vega\/","title":{"rendered":"Lope de Vega"},"content":{"rendered":"\n<p class=\"has-text-align-center\">&#8220;Le Chien du jardinier&#8221;<\/p>\n\n\n\n<p>Th\u00e9odore est le secr\u00e9taire de Diane, la comtesse de Belflor. Il sort avec Marcelle, la femme de chambre. Diane d\u00e9couvre que Th\u00e9odore et Marcelle sont ensemble, elle commence \u00e0 \u00eatre jalouse et tombe amoureuse de Th\u00e9odore. Elle voulait tout lui dire, mais elle comprend bien qu&#8217;ils ne peuvent pas \u00eatre ensemble \u00e0 cause de leur statut social diff\u00e8rent.  Elle \u00e9crit tout de m\u00eame une lettre ou elle parle de ses sentiments et la fait lire \u00e0 Th\u00e9odore, il comprend alors tout. Ils commencent \u00e0 \u00eatre proches, mais Diane n&#8217;arrive pas \u00e0 d\u00e9cider ce qu&#8217;elle veut,  elle repousse Th\u00e9odore et tout suite apr\u00e8s se rapproche de nouveau de lui. La relation entre Marcelle et Th\u00e9odore est d\u00e9sormais finie.  Un des admirateurs de Diane devient le t\u00e9moin du scandale entre Th\u00e9odore et Diane. Fr\u00e9d\u00e9ric et Ricardo d\u00e9cident d&#8217;\u00e9liminer le concurrent et demande \u00e0 Tristan (domestique de Th\u00e9odore) de le tuer. Mais \u00e0 la place Tristan dit tout \u00e0 Th\u00e9odore et propose un plan qui permet \u00e0 Th\u00e9odore d&#8217;\u00eatre avec Diane.  Tristan arrive \u00e0 convaincre le comte Ludovic que Th\u00e9odore est son fils (qui est mort en r\u00e9alit\u00e9). Diane est heureuse car d\u00e9sormais elle peut \u00eatre avec son amour.<\/p>\n","protected":false},"excerpt":{"rendered":"<p>&#8220;Le Chien du jardinier&#8221; Th\u00e9odore est le secr\u00e9taire de Diane, la comtesse de Belflor. Il sort avec Marcelle, la femme de chambre. Diane d\u00e9couvre que Th\u00e9odore et Marcelle sont ensemble, elle commence \u00e0 \u00eatre jalouse et tombe amoureuse de Th\u00e9odore. Elle voulait tout lui dire, mais elle comprend bien qu&#8217;ils &hellip;<\/p>\n","protected":false},"author":1,"featured_media":548,"parent":272,"menu_order":41,"comment_status":"closed","ping_status":"closed","template":"","meta":{"footnotes":""},"class_list":["post-1050","page","type-page","status-publish","has-post-thumbnail","hentry"],"_links":{"self":[{"href":"https:\/\/kre-art.fr\/index.php\/wp-json\/wp\/v2\/pages\/1050","targetHints":{"allow":["GET"]}}],"collection":[{"href":"https:\/\/kre-art.fr\/index.php\/wp-json\/wp\/v2\/pages"}],"about":[{"href":"https:\/\/kre-art.fr\/index.php\/wp-json\/wp\/v2\/types\/page"}],"author":[{"embeddable":true,"href":"https:\/\/kre-art.fr\/index.php\/wp-json\/wp\/v2\/users\/1"}],"replies":[{"embeddable":true,"href":"https:\/\/kre-art.fr\/index.php\/wp-json\/wp\/v2\/comments?post=1050"}],"version-history":[{"count":5,"href":"https:\/\/kre-art.fr\/index.php\/wp-json\/wp\/v2\/pages\/1050\/revisions"}],"predecessor-version":[{"id":2024,"href":"https:\/\/kre-art.fr\/index.php\/wp-json\/wp\/v2\/pages\/1050\/revisions\/2024"}],"up":[{"embeddable":true,"href":"https:\/\/kre-art.fr\/index.php\/wp-json\/wp\/v2\/pages\/272"}],"wp:featuredmedia":[{"embeddable":true,"href":"https:\/\/kre-art.fr\/index.php\/wp-json\/wp\/v2\/media\/548"}],"wp:attachment":[{"href":"https:\/\/kre-art.fr\/index.php\/wp-json\/wp\/v2\/media?parent=1050"}],"curies":[{"name":"wp","href":"https:\/\/api.w.org\/{rel}","templated":true}]}}