{"id":1117,"date":"2021-01-31T22:38:52","date_gmt":"2021-01-31T21:38:52","guid":{"rendered":"http:\/\/kre-art.fr\/?page_id=1117"},"modified":"2021-07-18T23:53:35","modified_gmt":"2021-07-18T21:53:35","slug":"mes-plus-beaux-souvenirs","status":"publish","type":"page","link":"https:\/\/kre-art.fr\/index.php\/creations\/mes-livres\/mes-plus-beaux-souvenirs\/","title":{"rendered":"&#8220;Mes plus beaux souvenirs&#8221;"},"content":{"rendered":"\n<p class=\"has-text-align-center has-accent-1-color has-text-color\">Kre-Art \u00abMes plus beaux souvenirs\u00bb<\/p>\n\n\n\n<p>C&#8217;\u00e9tait pr\u00e9vu de publier une citation mignonne, mais quelqu&#8217;un lui \u00e0 demand\u00e9 aujourd&#8217;hui : \u00abQuel est ton plus beau souvenir ?\u00bb<\/p>\n\n\n\n<p>Cette question \u00e0 l&#8217;air d&#8217;\u00eatre plus la simple du monde, mais \u00e7a l&#8217;a fait r\u00e9fl\u00e9chir. Les souvenirs ont commenc\u00e9 \u00e0 apparaitre lentement, comme les choses pr\u00e9cieuses tir\u00e9es d&#8217;un vieux coffret. Les moments pr\u00e9cieux cach\u00e9s si profond\u00e9ment que c&#8217;est comme s&#8217;ils n&#8217;existaient plus : <\/p>\n\n\n\n<p class=\"has-accent-1-color has-text-color\">\u2661 L&#8217;\u00e9t\u00e9\u2026<\/p>\n\n\n\n<p>\u2013 Premier voyage \u00e0 la mer avec la famille, en voiture.  Elle faisait semblant d&#8217;\u00eatre endormie mais en vrai elle admirait les lumi\u00e8res des villes;<\/p>\n\n\n\n<p>\u2013 La maison o\u00f9 elle a grandi. Elle rentre dans sa chambre et voit le cadeau de ses parents, qu&#8217;elle voulait depuis longtemps,  sur son lit &#8211; Barbie dans un joli emballage;<\/p>\n\n\n\n<p>\u2013 Il fait tr\u00e8s chaud. Elle mange une glace avec sa meilleure copine, assises sur le si\u00e8ge arri\u00e8re, et son p\u00e8re conduit tr\u00e8s vite comme d&#8217;habitude. Les fen\u00eatres sont ouvertes et le vent coupe le souffle;<\/p>\n\n\n\n<p>\u2013 La nuit, elle est sur balance avec sa meilleure copine, le vent, la libert\u00e9;<\/p>\n\n\n\n<p>\u2013 Meilleur ami, street racer, premier drift, la nuit, MKAD, la vitesse plus que;<\/p>\n\n\n\n<p>\u2013 La f\u00eate de la ville.  Elle est tomb\u00e9e sur son meilleur ami par accident, la pluie, son coffee pr\u00e9f\u00e9r\u00e9e, elle se cache derri\u00e8re lui, il dit qu&#8217;elle sera toujours sa s\u0153ur et il sera toujours \u00e0 ses c\u00f4t\u00e9s;<\/p>\n\n\n\n<p>\u2013 La nuit, on ne peut pas voir l&#8217;eau car c&#8217;est trop sombre, la hauteur, le saut et la libert\u00e9;<\/p>\n\n\n\n<p>\u2013 La rivi\u00e8re, les amis, le soleil, il lui prendre dans ses bras, court vers l&#8217;eau, le plouf, le bonheur;<\/p>\n\n\n\n<p>\u2013 Costa Brava. La nuit. La pleine lune. Elle part dans la v\u00e9randa et voit ses amies, elles rentrent tous dans la chambre, elles parlent et rient jusqu&#8217;\u00e0 le matin;<\/p>\n\n\n\n<p>\u2013 Positano. La v\u00e9randa. Elle parle avec sa m\u00e8re, le vin italien est sur la table, et sa constellation brille au-dessous d&#8217;eux.<\/p>\n\n\n\n<p class=\"has-accent-1-color has-text-color\">\u2661 Printemps\u2026<\/p>\n\n\n\n<p>\u2013 Le soleil, les cong\u00e8res fondent en prenant des formes fantastiques. Elle et sa maman sont en comp\u00e9tition sur qui va nommer le plus de choses r\u00e9elles \u00e0 partir de ces formes qui se ressemblent;<\/p>\n\n\n\n<p>\u2013 Premi\u00e8re conduite, la sensation de la vitesse et la libert\u00e9;<\/p>\n\n\n\n<p>\u2013 Une conversation et la musique. La nuit est tomb\u00e9e. Ils sortent dehors et voient que \u00e7a neige en Mai. Il la pose sur ses \u00e9paules comme une enfant et la ram\u00e8ne comme \u00e7a chez elle;<\/p>\n\n\n\n<p>\u2013 La nuit, la f\u00eate, ils sont assis par terre, il chuchote \u00abmerci\u00bb;<\/p>\n\n\n\n<p>\u2013 La grande \u00e9tendue d&#8217;eau, des lumi\u00e8res de la ville d&#8217;autre cot\u00e9 du lac, la hauteur, des cigarettes, la music, \u00abreste?\u00bb, mordre; &nbsp;<\/p>\n\n\n\n<p>\u2013 Rendez-vous tant attendu avec ses amies, le whiskey, la dance sur le toit; la panorama de la ville et encore \u2013 la libert\u00e9;<\/p>\n\n\n\n<p>\u2013 Son arriv\u00e9e en Paris et la Tour Eiffel avec lumi\u00e8res ;<\/p>\n\n\n\n<p>\u2013 Rio de Janeiro. La r\u00eave se r\u00e9alise. Sa premi\u00e8re ascension \u00e0 la montagne, l&#8217;\u00e9limination de la peur, la libert\u00e9. La visite de la Statue du Christ R\u00e9dempteur et des larmes de joie.<\/p>\n\n\n\n<p class=\"has-accent-1-color has-text-color\">\u2661 L&#8217;hiver\u2026<\/p>\n\n\n\n<p>\u2013 La neige brille. Le matin est super froid. Elle va au Hill avec sa meilleure copine \u00e0 la place de l&#8217;\u00e9cole. Elles mettent les chaussures d&#8217;\u00e9t\u00e9 et, avec un bon \u00e9lan, elles descendent tr\u00e8s vite;<\/p>\n\n\n\n<p>\u2013 Cascade, l&#8217;endroit o\u00f9 ils se rencontrer pour premier fois. Il se met \u00e0 genou \u2013 \u201cTu vas m&#8217;\u00e9pouser\u201d?<\/p>\n\n\n\n<p class=\"has-accent-1-color has-text-color\">\u2661 Et, bien-s\u00fbr, toutes les fois o\u00f9 elle retournait \u00e0 la maison quand elle \u00e9tait encore vivante, son \u00e2me\u2026<\/p>\n\n\n\n<p>Elle se souvenait de tout \u00e7a et beaucoup d&#8217;autre choses, les images se changent tellement vite, comme dans le kal\u00e9idoscope, et elle sourit car envers et contre tout, elle est heureuse. <\/p>\n","protected":false},"excerpt":{"rendered":"<p>Kre-Art \u00abMes plus beaux souvenirs\u00bb C&#8217;\u00e9tait pr\u00e9vu de publier une citation mignonne, mais quelqu&#8217;un lui \u00e0 demand\u00e9 aujourd&#8217;hui : \u00abQuel est ton plus beau souvenir ?\u00bb Cette question \u00e0 l&#8217;air d&#8217;\u00eatre plus la simple du monde, mais \u00e7a l&#8217;a fait r\u00e9fl\u00e9chir. Les souvenirs ont commenc\u00e9 \u00e0 apparaitre lentement, comme les &hellip;<\/p>\n","protected":false},"author":1,"featured_media":542,"parent":376,"menu_order":43,"comment_status":"closed","ping_status":"closed","template":"","meta":{"footnotes":""},"class_list":["post-1117","page","type-page","status-publish","has-post-thumbnail","hentry"],"_links":{"self":[{"href":"https:\/\/kre-art.fr\/index.php\/wp-json\/wp\/v2\/pages\/1117","targetHints":{"allow":["GET"]}}],"collection":[{"href":"https:\/\/kre-art.fr\/index.php\/wp-json\/wp\/v2\/pages"}],"about":[{"href":"https:\/\/kre-art.fr\/index.php\/wp-json\/wp\/v2\/types\/page"}],"author":[{"embeddable":true,"href":"https:\/\/kre-art.fr\/index.php\/wp-json\/wp\/v2\/users\/1"}],"replies":[{"embeddable":true,"href":"https:\/\/kre-art.fr\/index.php\/wp-json\/wp\/v2\/comments?post=1117"}],"version-history":[{"count":13,"href":"https:\/\/kre-art.fr\/index.php\/wp-json\/wp\/v2\/pages\/1117\/revisions"}],"predecessor-version":[{"id":2107,"href":"https:\/\/kre-art.fr\/index.php\/wp-json\/wp\/v2\/pages\/1117\/revisions\/2107"}],"up":[{"embeddable":true,"href":"https:\/\/kre-art.fr\/index.php\/wp-json\/wp\/v2\/pages\/376"}],"wp:featuredmedia":[{"embeddable":true,"href":"https:\/\/kre-art.fr\/index.php\/wp-json\/wp\/v2\/media\/542"}],"wp:attachment":[{"href":"https:\/\/kre-art.fr\/index.php\/wp-json\/wp\/v2\/media?parent=1117"}],"curies":[{"name":"wp","href":"https:\/\/api.w.org\/{rel}","templated":true}]}}