{"id":126,"date":"2020-08-18T00:21:21","date_gmt":"2020-08-17T22:21:21","guid":{"rendered":"http:\/\/kre-art.fr\/?page_id=126"},"modified":"2022-06-18T21:27:57","modified_gmt":"2022-06-18T19:27:57","slug":"traductions","status":"publish","type":"page","link":"https:\/\/kre-art.fr\/index.php\/traductions\/","title":{"rendered":"Traductions"},"content":{"rendered":"\n<figure class=\"wp-block-gallery columns-3 is-cropped\"><ul class=\"blocks-gallery-grid\"><li class=\"blocks-gallery-item\"><figure><a href=\"https:\/\/kre-art.fr\/index.php\/traductions\/films\/\"><img loading=\"lazy\" decoding=\"async\" width=\"640\" height=\"423\" src=\"https:\/\/kre-art.fr\/wp-content\/uploads\/2020\/12\/Kre-Art-film-1.jpg\" alt=\"\" data-id=\"761\" data-link=\"https:\/\/kre-art.fr\/?attachment_id=761\" class=\"wp-image-761\" srcset=\"https:\/\/kre-art.fr\/wp-content\/uploads\/2020\/12\/Kre-Art-film-1.jpg 640w, https:\/\/kre-art.fr\/wp-content\/uploads\/2020\/12\/Kre-Art-film-1-300x198.jpg 300w, https:\/\/kre-art.fr\/wp-content\/uploads\/2020\/12\/Kre-Art-film-1-454x300.jpg 454w, https:\/\/kre-art.fr\/wp-content\/uploads\/2020\/12\/Kre-Art-film-1-600x397.jpg 600w\" sizes=\"auto, (max-width: 640px) 100vw, 640px\" \/><\/a><figcaption class=\"blocks-gallery-item__caption\"><a href=\"https:\/\/kre-art.fr\/index.php\/traductions\/films\/\" data-type=\"page\" data-id=\"187\">Films<\/a><\/figcaption><\/figure><\/li><li class=\"blocks-gallery-item\"><figure><a href=\"https:\/\/kre-art.fr\/index.php\/traductions\/livres\/\"><img loading=\"lazy\" decoding=\"async\" width=\"640\" height=\"426\" src=\"https:\/\/kre-art.fr\/wp-content\/uploads\/2020\/12\/Kre-Art-livres.jpg\" alt=\"\" data-id=\"762\" data-link=\"https:\/\/kre-art.fr\/?attachment_id=762\" class=\"wp-image-762\" srcset=\"https:\/\/kre-art.fr\/wp-content\/uploads\/2020\/12\/Kre-Art-livres.jpg 640w, https:\/\/kre-art.fr\/wp-content\/uploads\/2020\/12\/Kre-Art-livres-300x200.jpg 300w, https:\/\/kre-art.fr\/wp-content\/uploads\/2020\/12\/Kre-Art-livres-451x300.jpg 451w, https:\/\/kre-art.fr\/wp-content\/uploads\/2020\/12\/Kre-Art-livres-600x399.jpg 600w\" sizes=\"auto, (max-width: 640px) 100vw, 640px\" \/><\/a><figcaption class=\"blocks-gallery-item__caption\"><a href=\"https:\/\/kre-art.fr\/index.php\/traductions\/livres\/\" data-type=\"page\" data-id=\"194\">Livres<\/a><\/figcaption><\/figure><\/li><li class=\"blocks-gallery-item\"><figure><a href=\"https:\/\/kre-art.fr\/index.php\/traductions\/chansons\/\"><img loading=\"lazy\" decoding=\"async\" width=\"640\" height=\"426\" src=\"https:\/\/kre-art.fr\/wp-content\/uploads\/2020\/12\/Kre-Art-chansons.jpg\" alt=\"\" data-id=\"763\" data-link=\"https:\/\/kre-art.fr\/?attachment_id=763\" class=\"wp-image-763\" srcset=\"https:\/\/kre-art.fr\/wp-content\/uploads\/2020\/12\/Kre-Art-chansons.jpg 640w, https:\/\/kre-art.fr\/wp-content\/uploads\/2020\/12\/Kre-Art-chansons-300x200.jpg 300w, https:\/\/kre-art.fr\/wp-content\/uploads\/2020\/12\/Kre-Art-chansons-451x300.jpg 451w, https:\/\/kre-art.fr\/wp-content\/uploads\/2020\/12\/Kre-Art-chansons-600x399.jpg 600w\" sizes=\"auto, (max-width: 640px) 100vw, 640px\" \/><\/a><figcaption class=\"blocks-gallery-item__caption\"><a href=\"https:\/\/kre-art.fr\/index.php\/traductions\/chansons\/\" data-type=\"page\" data-id=\"274\">Chansons<\/a><\/figcaption><\/figure><\/li><li class=\"blocks-gallery-item\"><figure><a href=\"https:\/\/kre-art.fr\/index.php\/traductions\/documentation\/\"><img loading=\"lazy\" decoding=\"async\" width=\"640\" height=\"414\" src=\"https:\/\/kre-art.fr\/wp-content\/uploads\/2020\/12\/Kre-Art-documentation.jpg\" alt=\"\" data-id=\"764\" data-link=\"https:\/\/kre-art.fr\/?attachment_id=764\" class=\"wp-image-764\" srcset=\"https:\/\/kre-art.fr\/wp-content\/uploads\/2020\/12\/Kre-Art-documentation.jpg 640w, https:\/\/kre-art.fr\/wp-content\/uploads\/2020\/12\/Kre-Art-documentation-300x194.jpg 300w, https:\/\/kre-art.fr\/wp-content\/uploads\/2020\/12\/Kre-Art-documentation-464x300.jpg 464w, https:\/\/kre-art.fr\/wp-content\/uploads\/2020\/12\/Kre-Art-documentation-600x388.jpg 600w\" sizes=\"auto, (max-width: 640px) 100vw, 640px\" \/><\/a><figcaption class=\"blocks-gallery-item__caption\"><a href=\"https:\/\/kre-art.fr\/index.php\/traductions\/documentation\/\" data-type=\"page\" data-id=\"284\">Documentation<\/a><\/figcaption><\/figure><\/li><li class=\"blocks-gallery-item\"><figure><a href=\"https:\/\/kre-art.fr\/index.php\/traductions\/sur-demande\/\"><img loading=\"lazy\" decoding=\"async\" width=\"640\" height=\"408\" src=\"https:\/\/kre-art.fr\/wp-content\/uploads\/2020\/12\/Kre-Art-sur-demande.jpg\" alt=\"\" data-id=\"765\" data-full-url=\"https:\/\/kre-art.fr\/wp-content\/uploads\/2020\/12\/Kre-Art-sur-demande.jpg\" data-link=\"https:\/\/kre-art.fr\/?attachment_id=765\" class=\"wp-image-765\" srcset=\"https:\/\/kre-art.fr\/wp-content\/uploads\/2020\/12\/Kre-Art-sur-demande.jpg 640w, https:\/\/kre-art.fr\/wp-content\/uploads\/2020\/12\/Kre-Art-sur-demande-300x191.jpg 300w, https:\/\/kre-art.fr\/wp-content\/uploads\/2020\/12\/Kre-Art-sur-demande-471x300.jpg 471w, https:\/\/kre-art.fr\/wp-content\/uploads\/2020\/12\/Kre-Art-sur-demande-600x383.jpg 600w\" sizes=\"auto, (max-width: 640px) 100vw, 640px\" \/><\/a><figcaption class=\"blocks-gallery-item__caption\"><a href=\"https:\/\/kre-art.fr\/index.php\/traductions\/sur-demande\/\" data-type=\"page\" data-id=\"280\">Sur demande<\/a><\/figcaption><\/figure><\/li><\/ul><\/figure>\n\n\n\n<p class=\"has-text-align-center\">La galaxie traduction<br>Plus jeune, je d\u00e9testais l\u2019anglais. Je ne voulais absolument pas parler les langues \u00e9trang\u00e8res ; mais j\u2019ai eu de la chance, un bon professeur d\u2019anglais \u00e0 l&#8217;universit\u00e9, et du coup j\u2019ai d\u00e9cid\u00e9 de faire un Master en traduction Anglais.<br>De nouveau, j\u2019ai eu de la chance avec la professeure \ud83d\udc69\u200d\ud83c\udfeb, qui m&#8217;a tout appris. J\u2019ai obtenu une tr\u00e8s belle note \u00e0 mon dipl\u00f4me, le niveau C1 ; et cultiv\u00e9 la passion de parler en anglais, lire les livres et voir les films dans cette langue \ud83c\udfa5<br>En quelques ann\u00e9es, cette m\u00eame professeure est devenue une amie qui m\u2019a aid\u00e9 dans l&#8217;apprentissage du fran\u00e7ais avant que je n&#8217;arrive en France.<br>L\u2019amour pour les langues \u00e9trang\u00e8res a pris sa place dans mon c\u0153ur, je m&#8217;at\u00e8le d\u00e9sormais \u00e0 l\u2019espagnol et l\u2019italien \ud83d\ude09<\/p>\n","protected":false},"excerpt":{"rendered":"<p>Films Livres Chansons Documentation Sur demande La galaxie traductionPlus jeune, je d\u00e9testais l\u2019anglais. Je ne voulais absolument pas parler les langues \u00e9trang\u00e8res ; mais j\u2019ai eu de la chance, un bon professeur d\u2019anglais \u00e0 l&#8217;universit\u00e9, et du coup j\u2019ai d\u00e9cid\u00e9 de faire un Master en traduction Anglais.De nouveau, j\u2019ai eu &hellip;<\/p>\n","protected":false},"author":1,"featured_media":538,"parent":0,"menu_order":2,"comment_status":"closed","ping_status":"closed","template":"","meta":{"footnotes":""},"class_list":["post-126","page","type-page","status-publish","has-post-thumbnail","hentry"],"_links":{"self":[{"href":"https:\/\/kre-art.fr\/index.php\/wp-json\/wp\/v2\/pages\/126","targetHints":{"allow":["GET"]}}],"collection":[{"href":"https:\/\/kre-art.fr\/index.php\/wp-json\/wp\/v2\/pages"}],"about":[{"href":"https:\/\/kre-art.fr\/index.php\/wp-json\/wp\/v2\/types\/page"}],"author":[{"embeddable":true,"href":"https:\/\/kre-art.fr\/index.php\/wp-json\/wp\/v2\/users\/1"}],"replies":[{"embeddable":true,"href":"https:\/\/kre-art.fr\/index.php\/wp-json\/wp\/v2\/comments?post=126"}],"version-history":[{"count":10,"href":"https:\/\/kre-art.fr\/index.php\/wp-json\/wp\/v2\/pages\/126\/revisions"}],"predecessor-version":[{"id":2960,"href":"https:\/\/kre-art.fr\/index.php\/wp-json\/wp\/v2\/pages\/126\/revisions\/2960"}],"wp:featuredmedia":[{"embeddable":true,"href":"https:\/\/kre-art.fr\/index.php\/wp-json\/wp\/v2\/media\/538"}],"wp:attachment":[{"href":"https:\/\/kre-art.fr\/index.php\/wp-json\/wp\/v2\/media?parent=126"}],"curies":[{"name":"wp","href":"https:\/\/api.w.org\/{rel}","templated":true}]}}