{"id":140,"date":"2020-09-10T22:29:50","date_gmt":"2020-09-10T20:29:50","guid":{"rendered":"http:\/\/kre-art.fr\/?page_id=140"},"modified":"2023-08-07T23:43:13","modified_gmt":"2023-08-07T21:43:13","slug":"webmastering","status":"publish","type":"page","link":"https:\/\/kre-art.fr\/index.php\/webmastering\/","title":{"rendered":"Webmastering"},"content":{"rendered":"\n<div class=\"wp-block-group alignfull\"><div class=\"wp-block-group__inner-container is-layout-flow wp-block-group-is-layout-flow\">\n<figure class=\"wp-block-gallery alignfull columns-3 is-cropped\"><ul class=\"blocks-gallery-grid\"><li class=\"blocks-gallery-item\"><figure><a href=\"https:\/\/kre-art.fr\/index.php\/webmastering\/gestion-de-contenu\/\" data-type=\"page\" data-id=\"297\"><img loading=\"lazy\" decoding=\"async\" width=\"1024\" height=\"880\" src=\"https:\/\/kre-art.fr\/wp-content\/uploads\/2020\/12\/Kre-Art-Gestion-de-contenu-4-1024x880.jpg\" alt=\"\" data-id=\"888\" data-full-url=\"https:\/\/kre-art.fr\/wp-content\/uploads\/2020\/12\/Kre-Art-Gestion-de-contenu-4.jpg\" data-link=\"https:\/\/kre-art.fr\/?attachment_id=888\" class=\"wp-image-888\" srcset=\"https:\/\/kre-art.fr\/wp-content\/uploads\/2020\/12\/Kre-Art-Gestion-de-contenu-4-1024x880.jpg 1024w, https:\/\/kre-art.fr\/wp-content\/uploads\/2020\/12\/Kre-Art-Gestion-de-contenu-4-300x258.jpg 300w, https:\/\/kre-art.fr\/wp-content\/uploads\/2020\/12\/Kre-Art-Gestion-de-contenu-4-768x660.jpg 768w, https:\/\/kre-art.fr\/wp-content\/uploads\/2020\/12\/Kre-Art-Gestion-de-contenu-4-1536x1320.jpg 1536w, https:\/\/kre-art.fr\/wp-content\/uploads\/2020\/12\/Kre-Art-Gestion-de-contenu-4-349x300.jpg 349w, https:\/\/kre-art.fr\/wp-content\/uploads\/2020\/12\/Kre-Art-Gestion-de-contenu-4-600x515.jpg 600w, https:\/\/kre-art.fr\/wp-content\/uploads\/2020\/12\/Kre-Art-Gestion-de-contenu-4.jpg 2016w\" sizes=\"auto, (max-width: 1024px) 100vw, 1024px\" \/><figcaption class=\"blocks-gallery-item__caption\"><a href=\"https:\/\/kre-art.fr\/index.php\/webmastering\/gestion-de-contenu\/\" data-type=\"page\" data-id=\"297\">Gestion de contenu<\/a><\/figcaption><\/figure><\/li><li class=\"blocks-gallery-item\"><figure><a href=\"https:\/\/kre-art.fr\/index.php\/webmastering\/logo\/\"><img loading=\"lazy\" decoding=\"async\" width=\"1024\" height=\"880\" src=\"https:\/\/kre-art.fr\/wp-content\/uploads\/2020\/12\/Kre-Art-logo-1024x880.jpg\" alt=\"\" data-id=\"883\" data-link=\"https:\/\/kre-art.fr\/?attachment_id=883\" class=\"wp-image-883\" srcset=\"https:\/\/kre-art.fr\/wp-content\/uploads\/2020\/12\/Kre-Art-logo-1024x880.jpg 1024w, https:\/\/kre-art.fr\/wp-content\/uploads\/2020\/12\/Kre-Art-logo-300x258.jpg 300w, https:\/\/kre-art.fr\/wp-content\/uploads\/2020\/12\/Kre-Art-logo-768x660.jpg 768w, https:\/\/kre-art.fr\/wp-content\/uploads\/2020\/12\/Kre-Art-logo-1536x1320.jpg 1536w, https:\/\/kre-art.fr\/wp-content\/uploads\/2020\/12\/Kre-Art-logo-349x300.jpg 349w, https:\/\/kre-art.fr\/wp-content\/uploads\/2020\/12\/Kre-Art-logo-600x515.jpg 600w, https:\/\/kre-art.fr\/wp-content\/uploads\/2020\/12\/Kre-Art-logo.jpg 2016w\" sizes=\"auto, (max-width: 1024px) 100vw, 1024px\" \/><\/a><figcaption class=\"blocks-gallery-item__caption\"><a href=\"https:\/\/kre-art.fr\/index.php\/webmastering\/logo\/\" data-type=\"page\" data-id=\"303\">Logo<\/a><\/figcaption><\/figure><\/li><li class=\"blocks-gallery-item\"><figure><a href=\"https:\/\/kre-art.fr\/index.php\/webmastering\/flyers\/\"><img loading=\"lazy\" decoding=\"async\" width=\"1024\" height=\"880\" src=\"https:\/\/kre-art.fr\/wp-content\/uploads\/2020\/12\/Kre-Art-flyers-3-1024x880.jpg\" alt=\"\" data-id=\"884\" data-link=\"https:\/\/kre-art.fr\/?attachment_id=884\" class=\"wp-image-884\" srcset=\"https:\/\/kre-art.fr\/wp-content\/uploads\/2020\/12\/Kre-Art-flyers-3-1024x880.jpg 1024w, https:\/\/kre-art.fr\/wp-content\/uploads\/2020\/12\/Kre-Art-flyers-3-300x258.jpg 300w, https:\/\/kre-art.fr\/wp-content\/uploads\/2020\/12\/Kre-Art-flyers-3-768x660.jpg 768w, https:\/\/kre-art.fr\/wp-content\/uploads\/2020\/12\/Kre-Art-flyers-3-1536x1320.jpg 1536w, https:\/\/kre-art.fr\/wp-content\/uploads\/2020\/12\/Kre-Art-flyers-3-349x300.jpg 349w, https:\/\/kre-art.fr\/wp-content\/uploads\/2020\/12\/Kre-Art-flyers-3-600x515.jpg 600w, https:\/\/kre-art.fr\/wp-content\/uploads\/2020\/12\/Kre-Art-flyers-3.jpg 2016w\" sizes=\"auto, (max-width: 1024px) 100vw, 1024px\" \/><\/a><figcaption class=\"blocks-gallery-item__caption\"><a href=\"https:\/\/kre-art.fr\/index.php\/webmastering\/flyers\/\" data-type=\"page\" data-id=\"863\">Flyers<\/a><\/figcaption><\/figure><\/li><\/ul><\/figure>\n\n\n\n<p class=\"has-text-align-center\">La galaxie webmastering \ud83d\udc69\ud83c\udffc\u200d\ud83d\udcbb\ud83c\udf10<br>Ce n\u2019est pas qu\u2019une comp\u00e9tence professionnelle mais aussi une passion.<br>Form\u00e9e sur plusieurs point-cl\u00e9s, dont : Photoshop, cr\u00e9ation de sites, CorelDraw pour les logos.<br>J\u2019ai commenc\u00e9 la cr\u00e9ation de sites en Russie par une r\u00e9alisation pour une \u00e9glise. Puis j&#8217;ai aid\u00e9 mon p\u00e8re avec la cr\u00e9ation du logo de sa firme et de son site.<br>Ensuite j&#8217;ai cr\u00e9e, g\u00e9r\u00e9 et maintenu les contenus du site de l&#8217;Office de Tourisme d\u2019Irkoutsk. En compl\u00e9ment je g\u00e9rais les autres aspects digitaux et de communication, comme les flyers par exemple.<br>J&#8217;ai \u00e9galement pilot\u00e9 int\u00e9gralement le renouvellement du site internet.<br>Plus r\u00e9cemment, en France, mes principales r\u00e9alisations sont le site internet de la mairie de Seyssel Haute-Savoie, ainsi que des contenus pour articles et r\u00e9seaux sociaux, et des flyers.<br>Ce travail conserve un aspect cr\u00e9atif et artistique; au travers de son site, c&#8217;est l&#8217;image de l&#8217;entreprise qui est refl\u00e9t\u00e9e.<\/p>\n<\/div><\/div>\n","protected":false},"excerpt":{"rendered":"<p>Gestion de contenu Logo Flyers La galaxie webmastering \ud83d\udc69\ud83c\udffc\u200d\ud83d\udcbb\ud83c\udf10Ce n\u2019est pas qu\u2019une comp\u00e9tence professionnelle mais aussi une passion.Form\u00e9e sur plusieurs point-cl\u00e9s, dont : Photoshop, cr\u00e9ation de sites, CorelDraw pour les logos.J\u2019ai commenc\u00e9 la cr\u00e9ation de sites en Russie par une r\u00e9alisation pour une \u00e9glise. Puis j&#8217;ai aid\u00e9 mon p\u00e8re avec &hellip;<\/p>\n","protected":false},"author":1,"featured_media":537,"parent":0,"menu_order":1,"comment_status":"closed","ping_status":"closed","template":"","meta":{"footnotes":""},"class_list":["post-140","page","type-page","status-publish","has-post-thumbnail","hentry"],"_links":{"self":[{"href":"https:\/\/kre-art.fr\/index.php\/wp-json\/wp\/v2\/pages\/140","targetHints":{"allow":["GET"]}}],"collection":[{"href":"https:\/\/kre-art.fr\/index.php\/wp-json\/wp\/v2\/pages"}],"about":[{"href":"https:\/\/kre-art.fr\/index.php\/wp-json\/wp\/v2\/types\/page"}],"author":[{"embeddable":true,"href":"https:\/\/kre-art.fr\/index.php\/wp-json\/wp\/v2\/users\/1"}],"replies":[{"embeddable":true,"href":"https:\/\/kre-art.fr\/index.php\/wp-json\/wp\/v2\/comments?post=140"}],"version-history":[{"count":27,"href":"https:\/\/kre-art.fr\/index.php\/wp-json\/wp\/v2\/pages\/140\/revisions"}],"predecessor-version":[{"id":3986,"href":"https:\/\/kre-art.fr\/index.php\/wp-json\/wp\/v2\/pages\/140\/revisions\/3986"}],"wp:featuredmedia":[{"embeddable":true,"href":"https:\/\/kre-art.fr\/index.php\/wp-json\/wp\/v2\/media\/537"}],"wp:attachment":[{"href":"https:\/\/kre-art.fr\/index.php\/wp-json\/wp\/v2\/media?parent=140"}],"curies":[{"name":"wp","href":"https:\/\/api.w.org\/{rel}","templated":true}]}}