{"id":143,"date":"2020-09-10T22:31:25","date_gmt":"2020-09-10T20:31:25","guid":{"rendered":"http:\/\/kre-art.fr\/?page_id=143"},"modified":"2022-06-19T19:14:18","modified_gmt":"2022-06-19T17:14:18","slug":"voyages","status":"publish","type":"page","link":"https:\/\/kre-art.fr\/index.php\/voyages\/","title":{"rendered":"Voyages"},"content":{"rendered":"\n<figure class=\"wp-block-gallery columns-3 is-cropped\"><ul class=\"blocks-gallery-grid\"><li class=\"blocks-gallery-item\"><figure><a href=\"https:\/\/kre-art.fr\/index.php\/voyages\/pays\/\"><img loading=\"lazy\" decoding=\"async\" width=\"640\" height=\"480\" src=\"https:\/\/kre-art.fr\/wp-content\/uploads\/2020\/12\/Kre-Art-pays.jpg\" alt=\"\" data-id=\"787\" data-link=\"https:\/\/kre-art.fr\/?attachment_id=787\" class=\"wp-image-787\" srcset=\"https:\/\/kre-art.fr\/wp-content\/uploads\/2020\/12\/Kre-Art-pays.jpg 640w, https:\/\/kre-art.fr\/wp-content\/uploads\/2020\/12\/Kre-Art-pays-300x225.jpg 300w, https:\/\/kre-art.fr\/wp-content\/uploads\/2020\/12\/Kre-Art-pays-400x300.jpg 400w, https:\/\/kre-art.fr\/wp-content\/uploads\/2020\/12\/Kre-Art-pays-600x450.jpg 600w\" sizes=\"auto, (max-width: 640px) 100vw, 640px\" \/><\/a><figcaption class=\"blocks-gallery-item__caption\"><a href=\"https:\/\/kre-art.fr\/index.php\/voyages\/pays\/\" data-type=\"page\" data-id=\"312\">Pays<\/a><\/figcaption><\/figure><\/li><li class=\"blocks-gallery-item\"><figure><a href=\"https:\/\/kre-art.fr\/index.php\/voyages\/service-de-guide\/\"><img loading=\"lazy\" decoding=\"async\" width=\"640\" height=\"426\" src=\"https:\/\/kre-art.fr\/wp-content\/uploads\/2020\/12\/Kre-Art-service-de-guide.jpg\" alt=\"\" data-id=\"789\" data-link=\"https:\/\/kre-art.fr\/?attachment_id=789\" class=\"wp-image-789\" srcset=\"https:\/\/kre-art.fr\/wp-content\/uploads\/2020\/12\/Kre-Art-service-de-guide.jpg 640w, https:\/\/kre-art.fr\/wp-content\/uploads\/2020\/12\/Kre-Art-service-de-guide-300x200.jpg 300w, https:\/\/kre-art.fr\/wp-content\/uploads\/2020\/12\/Kre-Art-service-de-guide-451x300.jpg 451w, https:\/\/kre-art.fr\/wp-content\/uploads\/2020\/12\/Kre-Art-service-de-guide-600x399.jpg 600w\" sizes=\"auto, (max-width: 640px) 100vw, 640px\" \/><\/a><figcaption class=\"blocks-gallery-item__caption\"><a href=\"https:\/\/kre-art.fr\/index.php\/voyages\/service-de-guide\/\" data-type=\"page\" data-id=\"325\">Service de guide<\/a><\/figcaption><\/figure><\/li><li class=\"blocks-gallery-item\"><figure><a href=\"https:\/\/kre-art.fr\/index.php\/voyages\/service-de-traduction\/\"><img loading=\"lazy\" decoding=\"async\" width=\"640\" height=\"425\" src=\"https:\/\/kre-art.fr\/wp-content\/uploads\/2020\/12\/Kre-Art-service-de-traduction.jpg\" alt=\"\" data-id=\"790\" data-full-url=\"https:\/\/kre-art.fr\/wp-content\/uploads\/2020\/12\/Kre-Art-service-de-traduction.jpg\" data-link=\"https:\/\/kre-art.fr\/?attachment_id=790\" class=\"wp-image-790\" srcset=\"https:\/\/kre-art.fr\/wp-content\/uploads\/2020\/12\/Kre-Art-service-de-traduction.jpg 640w, https:\/\/kre-art.fr\/wp-content\/uploads\/2020\/12\/Kre-Art-service-de-traduction-300x199.jpg 300w, https:\/\/kre-art.fr\/wp-content\/uploads\/2020\/12\/Kre-Art-service-de-traduction-452x300.jpg 452w, https:\/\/kre-art.fr\/wp-content\/uploads\/2020\/12\/Kre-Art-service-de-traduction-600x398.jpg 600w\" sizes=\"auto, (max-width: 640px) 100vw, 640px\" \/><\/a><figcaption class=\"blocks-gallery-item__caption\"><a href=\"https:\/\/kre-art.fr\/index.php\/voyages\/service-de-traduction\/\" data-type=\"page\" data-id=\"334\">Service de traduction<\/a><\/figcaption><\/figure><\/li><\/ul><\/figure>\n\n\n\n<p class=\"has-text-align-center\">La galaxie voyage \ud83e\uddf3 \ud83d\uddfa<br>Ma maman m\u2019a toujours dis que je suis &#8220;une personne du monde&#8221;, ni russe ni fran\u00e7aise mais qui appartient au monde entier \ud83d\ude0a<br>J\u2019ai voyag\u00e9 avec ma maman depuis toute petite, principalement des vacances en Russie au d\u00e9but, puis en Ukraine, en Abkhazie, Turquie, Vietnam, \u00c9gypte, ensuite les pays europ\u00e9ens, et un r\u00eave accompli, le Br\u00e9sil.<br>Nous avons continu\u00e9 de voyager avec mon mari, le but &#8211; visiter chaque pays qui existe et partager quelques avis, conseil avec vous \u2764\ufe0f<\/p>\n","protected":false},"excerpt":{"rendered":"<p>Pays Service de guide Service de traduction La galaxie voyage \ud83e\uddf3 \ud83d\uddfaMa maman m\u2019a toujours dis que je suis &#8220;une personne du monde&#8221;, ni russe ni fran\u00e7aise mais qui appartient au monde entier \ud83d\ude0aJ\u2019ai voyag\u00e9 avec ma maman depuis toute petite, principalement des vacances en Russie au d\u00e9but, puis en &hellip;<\/p>\n","protected":false},"author":1,"featured_media":240,"parent":0,"menu_order":3,"comment_status":"closed","ping_status":"closed","template":"","meta":{"footnotes":""},"class_list":["post-143","page","type-page","status-publish","has-post-thumbnail","hentry"],"_links":{"self":[{"href":"https:\/\/kre-art.fr\/index.php\/wp-json\/wp\/v2\/pages\/143","targetHints":{"allow":["GET"]}}],"collection":[{"href":"https:\/\/kre-art.fr\/index.php\/wp-json\/wp\/v2\/pages"}],"about":[{"href":"https:\/\/kre-art.fr\/index.php\/wp-json\/wp\/v2\/types\/page"}],"author":[{"embeddable":true,"href":"https:\/\/kre-art.fr\/index.php\/wp-json\/wp\/v2\/users\/1"}],"replies":[{"embeddable":true,"href":"https:\/\/kre-art.fr\/index.php\/wp-json\/wp\/v2\/comments?post=143"}],"version-history":[{"count":11,"href":"https:\/\/kre-art.fr\/index.php\/wp-json\/wp\/v2\/pages\/143\/revisions"}],"predecessor-version":[{"id":2963,"href":"https:\/\/kre-art.fr\/index.php\/wp-json\/wp\/v2\/pages\/143\/revisions\/2963"}],"wp:featuredmedia":[{"embeddable":true,"href":"https:\/\/kre-art.fr\/index.php\/wp-json\/wp\/v2\/media\/240"}],"wp:attachment":[{"href":"https:\/\/kre-art.fr\/index.php\/wp-json\/wp\/v2\/media?parent=143"}],"curies":[{"name":"wp","href":"https:\/\/api.w.org\/{rel}","templated":true}]}}