{"id":187,"date":"2020-09-13T16:52:12","date_gmt":"2020-09-13T14:52:12","guid":{"rendered":"http:\/\/kre-art.fr\/?page_id=187"},"modified":"2024-01-27T16:56:36","modified_gmt":"2024-01-27T15:56:36","slug":"films","status":"publish","type":"page","link":"https:\/\/kre-art.fr\/index.php\/traductions\/films\/","title":{"rendered":"Films"},"content":{"rendered":"\n<p>Kre-Art cr\u00e9e des sous-titres en Fran\u00e7ais pour vos films, vid\u00e9os, s\u00e9ries et dessins anim\u00e9s  en russe et\/ou en anglais. Le temps de la traduction d\u00e9pend de la dur\u00e9e de la vid\u00e9o, sa complexit\u00e9 et la   quantit\u00e9 de mots. Le prix est de 0.13 euros par mot. <\/p>\n\n\n\n<p>Pour plus d\u2019informations, devis gratuit ou pour toute question, n\u2019h\u00e9sitez pas \u00e0 me contacter via mon formulaire :\u00a0<a href=\"https:\/\/kre-art.fr\/index.php\/contact\/\">Contact\u00a0<\/a><\/p>\n","protected":false},"excerpt":{"rendered":"<p>Kre-Art cr\u00e9e des sous-titres en Fran\u00e7ais pour vos films, vid\u00e9os, s\u00e9ries et dessins anim\u00e9s en russe et\/ou en anglais. Le temps de la traduction d\u00e9pend de la dur\u00e9e de la vid\u00e9o, sa complexit\u00e9 et la quantit\u00e9 de mots. Le prix est de 0.13 euros par mot. Pour plus d\u2019informations, devis &hellip;<\/p>\n","protected":false},"author":1,"featured_media":538,"parent":126,"menu_order":8,"comment_status":"closed","ping_status":"closed","template":"","meta":{"footnotes":""},"class_list":["post-187","page","type-page","status-publish","has-post-thumbnail","hentry"],"_links":{"self":[{"href":"https:\/\/kre-art.fr\/index.php\/wp-json\/wp\/v2\/pages\/187","targetHints":{"allow":["GET"]}}],"collection":[{"href":"https:\/\/kre-art.fr\/index.php\/wp-json\/wp\/v2\/pages"}],"about":[{"href":"https:\/\/kre-art.fr\/index.php\/wp-json\/wp\/v2\/types\/page"}],"author":[{"embeddable":true,"href":"https:\/\/kre-art.fr\/index.php\/wp-json\/wp\/v2\/users\/1"}],"replies":[{"embeddable":true,"href":"https:\/\/kre-art.fr\/index.php\/wp-json\/wp\/v2\/comments?post=187"}],"version-history":[{"count":6,"href":"https:\/\/kre-art.fr\/index.php\/wp-json\/wp\/v2\/pages\/187\/revisions"}],"predecessor-version":[{"id":4036,"href":"https:\/\/kre-art.fr\/index.php\/wp-json\/wp\/v2\/pages\/187\/revisions\/4036"}],"up":[{"embeddable":true,"href":"https:\/\/kre-art.fr\/index.php\/wp-json\/wp\/v2\/pages\/126"}],"wp:featuredmedia":[{"embeddable":true,"href":"https:\/\/kre-art.fr\/index.php\/wp-json\/wp\/v2\/media\/538"}],"wp:attachment":[{"href":"https:\/\/kre-art.fr\/index.php\/wp-json\/wp\/v2\/media?parent=187"}],"curies":[{"name":"wp","href":"https:\/\/api.w.org\/{rel}","templated":true}]}}