{"id":2109,"date":"2021-12-22T21:59:57","date_gmt":"2021-12-22T20:59:57","guid":{"rendered":"http:\/\/kre-art.fr\/?page_id=2109"},"modified":"2022-06-19T19:33:44","modified_gmt":"2022-06-19T17:33:44","slug":"crochet","status":"publish","type":"page","link":"https:\/\/kre-art.fr\/index.php\/boutique\/crochet\/","title":{"rendered":"Crochet"},"content":{"rendered":"\n<p class=\"has-text-align-center\"><\/p>\n\n\n\n<figure class=\"wp-block-gallery has-nested-images columns-default is-cropped wp-block-gallery-1 is-layout-flex wp-block-gallery-is-layout-flex\">\n<figure class=\"wp-block-image size-large\"><a href=\"https:\/\/kre-art.fr\/index.php\/boutique\/crochet\/jouets\/\"><img loading=\"lazy\" decoding=\"async\" width=\"1440\" height=\"1440\" data-id=\"2116\" src=\"https:\/\/kre-art.fr\/wp-content\/uploads\/2021\/12\/Jouets.jpg\" alt=\"\" class=\"wp-image-2116\" srcset=\"https:\/\/kre-art.fr\/wp-content\/uploads\/2021\/12\/Jouets.jpg 1440w, https:\/\/kre-art.fr\/wp-content\/uploads\/2021\/12\/Jouets-300x300.jpg 300w, https:\/\/kre-art.fr\/wp-content\/uploads\/2021\/12\/Jouets-1024x1024.jpg 1024w, https:\/\/kre-art.fr\/wp-content\/uploads\/2021\/12\/Jouets-150x150.jpg 150w, https:\/\/kre-art.fr\/wp-content\/uploads\/2021\/12\/Jouets-768x768.jpg 768w, https:\/\/kre-art.fr\/wp-content\/uploads\/2021\/12\/Jouets-600x600.jpg 600w, https:\/\/kre-art.fr\/wp-content\/uploads\/2021\/12\/Jouets-100x100.jpg 100w\" sizes=\"auto, (max-width: 1440px) 100vw, 1440px\" \/><\/a><figcaption><a href=\"https:\/\/kre-art.fr\/index.php\/boutique\/crochet\/jouets\/\">JOUETS<\/a><\/figcaption><\/figure>\n\n\n\n<figure class=\"wp-block-image size-large\"><a href=\"https:\/\/kre-art.fr\/index.php\/boutique\/crochet\/jouets-pour-chats\/\"><img loading=\"lazy\" decoding=\"async\" width=\"2560\" height=\"2469\" data-id=\"2115\" src=\"https:\/\/kre-art.fr\/wp-content\/uploads\/2021\/12\/Jouets-pour-chats-scaled.jpg\" alt=\"\" class=\"wp-image-2115\" srcset=\"https:\/\/kre-art.fr\/wp-content\/uploads\/2021\/12\/Jouets-pour-chats-scaled.jpg 2560w, https:\/\/kre-art.fr\/wp-content\/uploads\/2021\/12\/Jouets-pour-chats-300x289.jpg 300w, https:\/\/kre-art.fr\/wp-content\/uploads\/2021\/12\/Jouets-pour-chats-1024x987.jpg 1024w, https:\/\/kre-art.fr\/wp-content\/uploads\/2021\/12\/Jouets-pour-chats-768x741.jpg 768w, https:\/\/kre-art.fr\/wp-content\/uploads\/2021\/12\/Jouets-pour-chats-1536x1481.jpg 1536w, https:\/\/kre-art.fr\/wp-content\/uploads\/2021\/12\/Jouets-pour-chats-2048x1975.jpg 2048w, https:\/\/kre-art.fr\/wp-content\/uploads\/2021\/12\/Jouets-pour-chats-311x300.jpg 311w, https:\/\/kre-art.fr\/wp-content\/uploads\/2021\/12\/Jouets-pour-chats-600x579.jpg 600w\" sizes=\"auto, (max-width: 2560px) 100vw, 2560px\" \/><\/a><figcaption><a href=\"https:\/\/kre-art.fr\/index.php\/boutique\/crochet\/jouets-pour-chats\/\">JOUETS POUR CHATS<\/a><\/figcaption><\/figure>\n\n\n\n<figure class=\"wp-block-image size-large\"><a href=\"https:\/\/kre-art.fr\/index.php\/boutique\/crochet\/chaussettes-pour-nouveau-nes\/\"><img loading=\"lazy\" decoding=\"async\" width=\"1440\" height=\"1440\" data-id=\"2113\" src=\"https:\/\/kre-art.fr\/wp-content\/uploads\/2021\/12\/Chaussettes-pour-nouveau-nes.jpg\" alt=\"\" class=\"wp-image-2113\" srcset=\"https:\/\/kre-art.fr\/wp-content\/uploads\/2021\/12\/Chaussettes-pour-nouveau-nes.jpg 1440w, https:\/\/kre-art.fr\/wp-content\/uploads\/2021\/12\/Chaussettes-pour-nouveau-nes-300x300.jpg 300w, https:\/\/kre-art.fr\/wp-content\/uploads\/2021\/12\/Chaussettes-pour-nouveau-nes-1024x1024.jpg 1024w, https:\/\/kre-art.fr\/wp-content\/uploads\/2021\/12\/Chaussettes-pour-nouveau-nes-150x150.jpg 150w, https:\/\/kre-art.fr\/wp-content\/uploads\/2021\/12\/Chaussettes-pour-nouveau-nes-768x768.jpg 768w, https:\/\/kre-art.fr\/wp-content\/uploads\/2021\/12\/Chaussettes-pour-nouveau-nes-600x600.jpg 600w, https:\/\/kre-art.fr\/wp-content\/uploads\/2021\/12\/Chaussettes-pour-nouveau-nes-100x100.jpg 100w\" sizes=\"auto, (max-width: 1440px) 100vw, 1440px\" \/><\/a><figcaption><a href=\"https:\/\/kre-art.fr\/index.php\/boutique\/crochet\/chaussettes-pour-nouveau-nes\/\">CHAUSSETTES POUR NOUVEAU-NES<\/a><\/figcaption><\/figure>\n<\/figure>\n\n\n\n<p>La galaxie crochet \ud83e\uddf6<br>Ma grand-m\u00e8re faisait des v\u00eatements incroyables au crochet, et m\u2019as appris cette technique quand j\u2019\u00e9tais petite.<br>Puis j\u2019ai grandi et tout oubli\u00e9.<br>Avec le temps, je ne pensais m\u00eame plus au crochet, puis il y a un an mon chat est arriv\u00e9 dans ma famille.<br>Quel rapport entre le crochet et le chat vous devez vous demander ?<br>Mon chat a cach\u00e9 tous ses jouets souris, au bout d&#8217;un moment j\u2019en avais marre d\u2019acheter de nouveaux jouets ; et je me suis dis qu&#8217;il \u00e9tait temps de r\u00e9essayer le crochet.<br>Elle a ador\u00e9 la premi\u00e8re r\u00e9alisation \ud83d\udc2d, et moi j\u2019ai ador\u00e9 le process et le r\u00e9sultat :<br>-handmade<br>-jouet unique pour mon tr\u00e9sor<br>-d&#8217;une qualit\u00e9 dont je suis certaine<br>Donc j\u2019ai continu\u00e9 de faire plus de mod\u00e8les, pour arriver au r\u00e9sultat que vous pouvez voir en boutique.<br>Je mets toute mon c\u0153ur dans mes jouets, je passe beaucoup de temps pour finir chacun d&#8217;entre eux avec la plus grande attention.<br>Si je n\u2019aime pas le rendu, je ne mets pas la cr\u00e9ation en vente.<br>L&#8217;aspect le plus important, c&#8217;est de savoir que les b\u00e9b\u00e9s, ou chats ou les femmes aiment mes cr\u00e9ations, et que celles-ci vivent gr\u00e2ce \u00e0 eux; et que moi aussi je vis dans mes cr\u00e9ations.<\/p>\n","protected":false},"excerpt":{"rendered":"<p>La galaxie crochet \ud83e\uddf6Ma grand-m\u00e8re faisait des v\u00eatements incroyables au crochet, et m\u2019as appris cette technique quand j\u2019\u00e9tais petite.Puis j\u2019ai grandi et tout oubli\u00e9.Avec le temps, je ne pensais m\u00eame plus au crochet, puis il y a un an mon chat est arriv\u00e9 dans ma famille.Quel rapport entre le crochet &hellip;<\/p>\n","protected":false},"author":1,"featured_media":2112,"parent":152,"menu_order":38,"comment_status":"closed","ping_status":"closed","template":"","meta":{"footnotes":""},"class_list":["post-2109","page","type-page","status-publish","has-post-thumbnail","hentry"],"_links":{"self":[{"href":"https:\/\/kre-art.fr\/index.php\/wp-json\/wp\/v2\/pages\/2109","targetHints":{"allow":["GET"]}}],"collection":[{"href":"https:\/\/kre-art.fr\/index.php\/wp-json\/wp\/v2\/pages"}],"about":[{"href":"https:\/\/kre-art.fr\/index.php\/wp-json\/wp\/v2\/types\/page"}],"author":[{"embeddable":true,"href":"https:\/\/kre-art.fr\/index.php\/wp-json\/wp\/v2\/users\/1"}],"replies":[{"embeddable":true,"href":"https:\/\/kre-art.fr\/index.php\/wp-json\/wp\/v2\/comments?post=2109"}],"version-history":[{"count":6,"href":"https:\/\/kre-art.fr\/index.php\/wp-json\/wp\/v2\/pages\/2109\/revisions"}],"predecessor-version":[{"id":2986,"href":"https:\/\/kre-art.fr\/index.php\/wp-json\/wp\/v2\/pages\/2109\/revisions\/2986"}],"up":[{"embeddable":true,"href":"https:\/\/kre-art.fr\/index.php\/wp-json\/wp\/v2\/pages\/152"}],"wp:featuredmedia":[{"embeddable":true,"href":"https:\/\/kre-art.fr\/index.php\/wp-json\/wp\/v2\/media\/2112"}],"wp:attachment":[{"href":"https:\/\/kre-art.fr\/index.php\/wp-json\/wp\/v2\/media?parent=2109"}],"curies":[{"name":"wp","href":"https:\/\/api.w.org\/{rel}","templated":true}]}}