{"id":2121,"date":"2021-12-22T22:03:12","date_gmt":"2021-12-22T21:03:12","guid":{"rendered":"http:\/\/kre-art.fr\/?page_id=2121"},"modified":"2023-09-02T01:50:31","modified_gmt":"2023-09-01T23:50:31","slug":"jouets-vetements-pour-chats-et-chien","status":"publish","type":"page","link":"https:\/\/kre-art.fr\/index.php\/boutique\/crochet\/jouets-vetements-pour-chats-et-chien\/","title":{"rendered":"Jouets\/v\u00eatements pour chats et chien"},"content":{"rendered":"\n<p>Kre-Art propose plusieurs objets pour vos chats fait main. La couleur de jouet peut \u00eatre adapter. <br>N\u2019h\u00e9sitez pas \u00e0 me contacter via mon formulaire de&nbsp;<a href=\"https:\/\/kre-art.fr\/index.php\/contact\/\">Contact<\/a>&nbsp;pour effectuer la commande, et d\u00e9finir le mode de livraison.<br>Le temps de r\u00e9alisation d\u00e9pend de la complexit\u00e9 du jouet\/v\u00eatement.<br>Le prix et le mode de livraison seront d\u00e9finis avec vous.<br>La livraison en France s\u2019effectue par La Poste, le prix de la livraison d\u00e9pend du poids, le prix minimum est de 4,5 euros.<\/p>\n\n\n\n<p><\/p>\n\n\n<div class=\"wp-block-image is-style-rounded\">\n<figure class=\"aligncenter size-large is-resized\"><img loading=\"lazy\" decoding=\"async\" src=\"https:\/\/kre-art.fr\/wp-content\/uploads\/2022\/01\/kre-art-jouet-pour-chat-souris-1-1024x987.jpg\" alt=\"\" class=\"wp-image-2244\" width=\"512\" height=\"494\" srcset=\"https:\/\/kre-art.fr\/wp-content\/uploads\/2022\/01\/kre-art-jouet-pour-chat-souris-1-1024x987.jpg 1024w, https:\/\/kre-art.fr\/wp-content\/uploads\/2022\/01\/kre-art-jouet-pour-chat-souris-1-300x289.jpg 300w, https:\/\/kre-art.fr\/wp-content\/uploads\/2022\/01\/kre-art-jouet-pour-chat-souris-1-768x741.jpg 768w, https:\/\/kre-art.fr\/wp-content\/uploads\/2022\/01\/kre-art-jouet-pour-chat-souris-1-1536x1481.jpg 1536w, https:\/\/kre-art.fr\/wp-content\/uploads\/2022\/01\/kre-art-jouet-pour-chat-souris-1-2048x1975.jpg 2048w, https:\/\/kre-art.fr\/wp-content\/uploads\/2022\/01\/kre-art-jouet-pour-chat-souris-1-311x300.jpg 311w, https:\/\/kre-art.fr\/wp-content\/uploads\/2022\/01\/kre-art-jouet-pour-chat-souris-1-600x579.jpg 600w\" sizes=\"auto, (max-width: 512px) 100vw, 512px\" \/><figcaption class=\"wp-element-caption\">Souris pour chat. 6 euros TTC. Fait main. Fil acrylique, fibres creuses silicon\u00e9es dedans. La taille est 6 cm (sans queue).<br>Lavable en machine en programme d\u00e9licat \u00e0 30\u00b0c, essorage conseill\u00e9 \u00e0 600 trs., s\u00e8che linge interdit, s\u00e9cher \u00e0 plat \u00e0 l\u2019air libre.<\/figcaption><\/figure><\/div>\n\n\n<p><\/p>\n\n\n<div class=\"wp-block-image is-style-default\">\n<figure class=\"aligncenter size-large is-resized\"><img loading=\"lazy\" decoding=\"async\" src=\"https:\/\/kre-art.fr\/wp-content\/uploads\/2022\/01\/kre-art-jouet-pour-chat-souris-2-768x1024.jpg\" alt=\"\" class=\"wp-image-2245\" width=\"384\" height=\"512\" srcset=\"https:\/\/kre-art.fr\/wp-content\/uploads\/2022\/01\/kre-art-jouet-pour-chat-souris-2-768x1024.jpg 768w, https:\/\/kre-art.fr\/wp-content\/uploads\/2022\/01\/kre-art-jouet-pour-chat-souris-2-225x300.jpg 225w, https:\/\/kre-art.fr\/wp-content\/uploads\/2022\/01\/kre-art-jouet-pour-chat-souris-2-1152x1536.jpg 1152w, https:\/\/kre-art.fr\/wp-content\/uploads\/2022\/01\/kre-art-jouet-pour-chat-souris-2-1536x2048.jpg 1536w, https:\/\/kre-art.fr\/wp-content\/uploads\/2022\/01\/kre-art-jouet-pour-chat-souris-2-600x800.jpg 600w, https:\/\/kre-art.fr\/wp-content\/uploads\/2022\/01\/kre-art-jouet-pour-chat-souris-2-scaled.jpg 1920w\" sizes=\"auto, (max-width: 384px) 100vw, 384px\" \/><figcaption class=\"wp-element-caption\"> Souris pour chat. 6 euros TTC. Fait main. Fil acrylique, fibres creuses silicon\u00e9es dedans. La taille est 6 cm (sans queue).<br>Lavable en machine en programme d\u00e9licat \u00e0 30\u00b0c, essorage conseill\u00e9 \u00e0 600 trs., s\u00e8che linge interdit, s\u00e9cher \u00e0 plat \u00e0 l\u2019air libre.<\/figcaption><\/figure><\/div>\n\n\n<p><\/p>\n\n\n<div class=\"wp-block-image is-style-rounded\">\n<figure class=\"aligncenter size-large is-resized\"><img loading=\"lazy\" decoding=\"async\" src=\"https:\/\/kre-art.fr\/wp-content\/uploads\/2022\/01\/kre-art-jouet-pour-chat-souris-1024x768.jpg\" alt=\"\" class=\"wp-image-2246\" width=\"512\" height=\"384\" srcset=\"https:\/\/kre-art.fr\/wp-content\/uploads\/2022\/01\/kre-art-jouet-pour-chat-souris-1024x768.jpg 1024w, https:\/\/kre-art.fr\/wp-content\/uploads\/2022\/01\/kre-art-jouet-pour-chat-souris-300x225.jpg 300w, https:\/\/kre-art.fr\/wp-content\/uploads\/2022\/01\/kre-art-jouet-pour-chat-souris-768x576.jpg 768w, https:\/\/kre-art.fr\/wp-content\/uploads\/2022\/01\/kre-art-jouet-pour-chat-souris-1536x1152.jpg 1536w, https:\/\/kre-art.fr\/wp-content\/uploads\/2022\/01\/kre-art-jouet-pour-chat-souris-400x300.jpg 400w, https:\/\/kre-art.fr\/wp-content\/uploads\/2022\/01\/kre-art-jouet-pour-chat-souris-600x450.jpg 600w, https:\/\/kre-art.fr\/wp-content\/uploads\/2022\/01\/kre-art-jouet-pour-chat-souris.jpg 2048w\" sizes=\"auto, (max-width: 512px) 100vw, 512px\" \/><figcaption class=\"wp-element-caption\"> Souris pour chat. 5 euros TTC par jouet. Fait main. Fil acrylique, fibres creuses silicon\u00e9es dedans. La taille est 6 cm \/ 5 cm \/ 4 cm sans queue (de gauche \u00e0 droite).<br>Lavable en machine en programme d\u00e9licat \u00e0 30\u00b0c, essorage conseill\u00e9 \u00e0 600 trs., s\u00e8che linge interdit, s\u00e9cher \u00e0 plat \u00e0 l\u2019air libre.  <\/figcaption><\/figure><\/div>\n\n\n<p><\/p>\n\n\n<div class=\"wp-block-image is-style-default\">\n<figure class=\"aligncenter size-large is-resized\"><img loading=\"lazy\" decoding=\"async\" src=\"https:\/\/kre-art.fr\/wp-content\/uploads\/2022\/01\/kre-art-jouet-pour-chat-ball-1-1024x801.jpg\" alt=\"\" class=\"wp-image-2256\" width=\"512\" height=\"401\" srcset=\"https:\/\/kre-art.fr\/wp-content\/uploads\/2022\/01\/kre-art-jouet-pour-chat-ball-1-1024x801.jpg 1024w, https:\/\/kre-art.fr\/wp-content\/uploads\/2022\/01\/kre-art-jouet-pour-chat-ball-1-300x235.jpg 300w, https:\/\/kre-art.fr\/wp-content\/uploads\/2022\/01\/kre-art-jouet-pour-chat-ball-1-768x601.jpg 768w, https:\/\/kre-art.fr\/wp-content\/uploads\/2022\/01\/kre-art-jouet-pour-chat-ball-1-1536x1201.jpg 1536w, https:\/\/kre-art.fr\/wp-content\/uploads\/2022\/01\/kre-art-jouet-pour-chat-ball-1-2048x1602.jpg 2048w, https:\/\/kre-art.fr\/wp-content\/uploads\/2022\/01\/kre-art-jouet-pour-chat-ball-1-384x300.jpg 384w, https:\/\/kre-art.fr\/wp-content\/uploads\/2022\/01\/kre-art-jouet-pour-chat-ball-1-600x469.jpg 600w\" sizes=\"auto, (max-width: 512px) 100vw, 512px\" \/><figcaption class=\"wp-element-caption\">Ball pour chat.  5 euros TTC la taille plus grande, 4 euros TTC la taille plus petite. Fait main. Fil acrylique, fibres creuses silicon\u00e9es dedans. La taille est 6 cm \/ 4 cm (de gauche \u00e0 droite).<br>Lavable en machine en programme d\u00e9licat \u00e0 30\u00b0c, essorage conseill\u00e9 \u00e0 600 trs., s\u00e8che linge interdit, s\u00e9cher \u00e0 plat \u00e0 l\u2019air libre.   <\/figcaption><\/figure><\/div>\n\n\n<p><\/p>\n\n\n<div class=\"wp-block-image is-style-rounded\">\n<figure class=\"aligncenter size-large is-resized\"><img loading=\"lazy\" decoding=\"async\" src=\"https:\/\/kre-art.fr\/wp-content\/uploads\/2022\/01\/kre-art-jouet-pour-chat-Poke-Ball-1015x1024.jpg\" alt=\"\" class=\"wp-image-2243\" width=\"508\" height=\"512\" srcset=\"https:\/\/kre-art.fr\/wp-content\/uploads\/2022\/01\/kre-art-jouet-pour-chat-Poke-Ball-1015x1024.jpg 1015w, https:\/\/kre-art.fr\/wp-content\/uploads\/2022\/01\/kre-art-jouet-pour-chat-Poke-Ball-297x300.jpg 297w, https:\/\/kre-art.fr\/wp-content\/uploads\/2022\/01\/kre-art-jouet-pour-chat-Poke-Ball-150x150.jpg 150w, https:\/\/kre-art.fr\/wp-content\/uploads\/2022\/01\/kre-art-jouet-pour-chat-Poke-Ball-768x775.jpg 768w, https:\/\/kre-art.fr\/wp-content\/uploads\/2022\/01\/kre-art-jouet-pour-chat-Poke-Ball-1522x1536.jpg 1522w, https:\/\/kre-art.fr\/wp-content\/uploads\/2022\/01\/kre-art-jouet-pour-chat-Poke-Ball-2030x2048.jpg 2030w, https:\/\/kre-art.fr\/wp-content\/uploads\/2022\/01\/kre-art-jouet-pour-chat-Poke-Ball-600x605.jpg 600w, https:\/\/kre-art.fr\/wp-content\/uploads\/2022\/01\/kre-art-jouet-pour-chat-Poke-Ball-100x100.jpg 100w\" sizes=\"auto, (max-width: 508px) 100vw, 508px\" \/><figcaption class=\"wp-element-caption\">Pok\u00e9 Ball pour chat. 9 euros TTC. Fait main. Fil acrylique, fibres creuses silicon\u00e9es dedans. La taille est environ 8 cm.<br>Lavable en machine en programme d\u00e9licat \u00e0 30\u00b0c, essorage conseill\u00e9 \u00e0 600 trs., s\u00e8che linge interdit, s\u00e9cher \u00e0 plat \u00e0 l\u2019air libre.<\/figcaption><\/figure><\/div>\n\n<div class=\"wp-block-image\">\n<figure class=\"aligncenter size-large is-resized\"><img loading=\"lazy\" decoding=\"async\" src=\"https:\/\/kre-art.fr\/wp-content\/uploads\/2022\/02\/kre-art-jouet-pour-chat-coeur-1024x913.jpg\" alt=\"\" class=\"wp-image-2444\" width=\"512\" height=\"457\" srcset=\"https:\/\/kre-art.fr\/wp-content\/uploads\/2022\/02\/kre-art-jouet-pour-chat-coeur-1024x913.jpg 1024w, https:\/\/kre-art.fr\/wp-content\/uploads\/2022\/02\/kre-art-jouet-pour-chat-coeur-300x267.jpg 300w, https:\/\/kre-art.fr\/wp-content\/uploads\/2022\/02\/kre-art-jouet-pour-chat-coeur-768x685.jpg 768w, https:\/\/kre-art.fr\/wp-content\/uploads\/2022\/02\/kre-art-jouet-pour-chat-coeur-1536x1369.jpg 1536w, https:\/\/kre-art.fr\/wp-content\/uploads\/2022\/02\/kre-art-jouet-pour-chat-coeur-2048x1826.jpg 2048w, https:\/\/kre-art.fr\/wp-content\/uploads\/2022\/02\/kre-art-jouet-pour-chat-coeur-337x300.jpg 337w, https:\/\/kre-art.fr\/wp-content\/uploads\/2022\/02\/kre-art-jouet-pour-chat-coeur-600x535.jpg 600w\" sizes=\"auto, (max-width: 512px) 100vw, 512px\" \/><figcaption class=\"wp-element-caption\"> Jouet c\u0153ur pour chat. 10 euros TTC. Fait main. Fil acrylique, fibres creuses silicon\u00e9es dedans. La taille est environ 7&#215;8 cm.<br>Lavable en machine en programme d\u00e9licat \u00e0 30\u00b0c, essorage conseill\u00e9 \u00e0 600 trs., s\u00e8che linge interdit, s\u00e9cher \u00e0 plat \u00e0 l\u2019air libre. <\/figcaption><\/figure><\/div>\n\n<div class=\"wp-block-image\">\n<figure class=\"aligncenter size-large is-resized\"><img loading=\"lazy\" decoding=\"async\" src=\"https:\/\/kre-art.fr\/wp-content\/uploads\/2022\/05\/kre-art-jouet-pour-chat-souris-3-1024x1024.webp\" alt=\"\" class=\"wp-image-2641\" width=\"512\" height=\"512\" srcset=\"https:\/\/kre-art.fr\/wp-content\/uploads\/2022\/05\/kre-art-jouet-pour-chat-souris-3-1024x1024.webp 1024w, https:\/\/kre-art.fr\/wp-content\/uploads\/2022\/05\/kre-art-jouet-pour-chat-souris-3-300x300.webp 300w, https:\/\/kre-art.fr\/wp-content\/uploads\/2022\/05\/kre-art-jouet-pour-chat-souris-3-150x150.webp 150w, https:\/\/kre-art.fr\/wp-content\/uploads\/2022\/05\/kre-art-jouet-pour-chat-souris-3-768x768.webp 768w, https:\/\/kre-art.fr\/wp-content\/uploads\/2022\/05\/kre-art-jouet-pour-chat-souris-3-600x600.webp 600w, https:\/\/kre-art.fr\/wp-content\/uploads\/2022\/05\/kre-art-jouet-pour-chat-souris-3-100x100.webp 100w, https:\/\/kre-art.fr\/wp-content\/uploads\/2022\/05\/kre-art-jouet-pour-chat-souris-3.webp 1080w\" sizes=\"auto, (max-width: 512px) 100vw, 512px\" \/><figcaption class=\"wp-element-caption\">Souris pour chat. 5 euros TTC par jouet. Fait main. Fil acrylique, fibres creuses silicon\u00e9es dedans. La taille est 5 cm \/ 5 cm \/ 4.5 cm \/ 4.5 cm  (de gauche \u00e0 droite).<br>Lavable en machine en programme d\u00e9licat \u00e0 30\u00b0c, essorage conseill\u00e9 \u00e0 600 trs., s\u00e8che linge interdit, s\u00e9cher \u00e0 plat \u00e0 l\u2019air libre.  <\/figcaption><\/figure><\/div>\n\n<div class=\"wp-block-image\">\n<figure class=\"aligncenter size-full is-resized\"><img loading=\"lazy\" decoding=\"async\" src=\"https:\/\/kre-art.fr\/wp-content\/uploads\/2022\/05\/kre-art-jouet-pour-chat-ball-4.jpg\" alt=\"\" class=\"wp-image-2660\" width=\"1000\" height=\"748\"\/><figcaption class=\"wp-element-caption\">Ball pour chat.  6 euros TTC. Fait main. Fil acrylique, fibres creuses silicon\u00e9es dedans. La taille est 8 cm.<br>Lavable en machine en programme d\u00e9licat \u00e0 30\u00b0c, essorage conseill\u00e9 \u00e0 600 trs., s\u00e8che linge interdit, s\u00e9cher \u00e0 plat \u00e0 l\u2019air libre.   <\/figcaption><\/figure><\/div>\n\n<div class=\"wp-block-image\">\n<figure class=\"aligncenter size-large is-resized\"><img loading=\"lazy\" decoding=\"async\" src=\"https:\/\/kre-art.fr\/wp-content\/uploads\/2022\/05\/kre-art-jouet-pour-chat-ball-avec-le-fil-1-1024x766.jpg\" alt=\"\" class=\"wp-image-2665\" width=\"512\" height=\"383\" srcset=\"https:\/\/kre-art.fr\/wp-content\/uploads\/2022\/05\/kre-art-jouet-pour-chat-ball-avec-le-fil-1-1024x766.jpg 1024w, https:\/\/kre-art.fr\/wp-content\/uploads\/2022\/05\/kre-art-jouet-pour-chat-ball-avec-le-fil-1-300x224.jpg 300w, https:\/\/kre-art.fr\/wp-content\/uploads\/2022\/05\/kre-art-jouet-pour-chat-ball-avec-le-fil-1-768x574.jpg 768w, https:\/\/kre-art.fr\/wp-content\/uploads\/2022\/05\/kre-art-jouet-pour-chat-ball-avec-le-fil-1-1536x1149.jpg 1536w, https:\/\/kre-art.fr\/wp-content\/uploads\/2022\/05\/kre-art-jouet-pour-chat-ball-avec-le-fil-1-2048x1532.jpg 2048w, https:\/\/kre-art.fr\/wp-content\/uploads\/2022\/05\/kre-art-jouet-pour-chat-ball-avec-le-fil-1-401x300.jpg 401w, https:\/\/kre-art.fr\/wp-content\/uploads\/2022\/05\/kre-art-jouet-pour-chat-ball-avec-le-fil-1-600x449.jpg 600w\" sizes=\"auto, (max-width: 512px) 100vw, 512px\" \/><figcaption class=\"wp-element-caption\">Ball pour chat.  7 euros TTC. Fait main. Fil acrylique, fibres creuses silicon\u00e9es dedans. La taille est 6 cm (ball), le longueur du fi est 22 cm .<br>Lavable en machine en programme d\u00e9licat \u00e0 30\u00b0c, essorage conseill\u00e9 \u00e0 600 trs., s\u00e8che linge interdit, s\u00e9cher \u00e0 plat \u00e0 l\u2019air libre.   <\/figcaption><\/figure><\/div>\n\n\n<p><br><\/p>\n","protected":false},"excerpt":{"rendered":"<p>Kre-Art propose plusieurs objets pour vos chats fait main. La couleur de jouet peut \u00eatre adapter. N\u2019h\u00e9sitez pas \u00e0 me contacter via mon formulaire de&nbsp;Contact&nbsp;pour effectuer la commande, et d\u00e9finir le mode de livraison.Le temps de r\u00e9alisation d\u00e9pend de la complexit\u00e9 du jouet\/v\u00eatement.Le prix et le mode de livraison seront &hellip;<\/p>\n","protected":false},"author":1,"featured_media":2115,"parent":2109,"menu_order":1,"comment_status":"closed","ping_status":"closed","template":"","meta":{"footnotes":""},"class_list":["post-2121","page","type-page","status-publish","has-post-thumbnail","hentry"],"_links":{"self":[{"href":"https:\/\/kre-art.fr\/index.php\/wp-json\/wp\/v2\/pages\/2121","targetHints":{"allow":["GET"]}}],"collection":[{"href":"https:\/\/kre-art.fr\/index.php\/wp-json\/wp\/v2\/pages"}],"about":[{"href":"https:\/\/kre-art.fr\/index.php\/wp-json\/wp\/v2\/types\/page"}],"author":[{"embeddable":true,"href":"https:\/\/kre-art.fr\/index.php\/wp-json\/wp\/v2\/users\/1"}],"replies":[{"embeddable":true,"href":"https:\/\/kre-art.fr\/index.php\/wp-json\/wp\/v2\/comments?post=2121"}],"version-history":[{"count":24,"href":"https:\/\/kre-art.fr\/index.php\/wp-json\/wp\/v2\/pages\/2121\/revisions"}],"predecessor-version":[{"id":4034,"href":"https:\/\/kre-art.fr\/index.php\/wp-json\/wp\/v2\/pages\/2121\/revisions\/4034"}],"up":[{"embeddable":true,"href":"https:\/\/kre-art.fr\/index.php\/wp-json\/wp\/v2\/pages\/2109"}],"wp:featuredmedia":[{"embeddable":true,"href":"https:\/\/kre-art.fr\/index.php\/wp-json\/wp\/v2\/media\/2115"}],"wp:attachment":[{"href":"https:\/\/kre-art.fr\/index.php\/wp-json\/wp\/v2\/media?parent=2121"}],"curies":[{"name":"wp","href":"https:\/\/api.w.org\/{rel}","templated":true}]}}