{"id":2123,"date":"2021-12-22T22:04:27","date_gmt":"2021-12-22T21:04:27","guid":{"rendered":"http:\/\/kre-art.fr\/?page_id=2123"},"modified":"2023-09-02T01:49:28","modified_gmt":"2023-09-01T23:49:28","slug":"chaussettes-jouets-hochets-pour-nouveau-nes","status":"publish","type":"page","link":"https:\/\/kre-art.fr\/index.php\/boutique\/crochet\/chaussettes-jouets-hochets-pour-nouveau-nes\/","title":{"rendered":"Chaussettes\/jouets\/hochets pour nouveau-n\u00e9s"},"content":{"rendered":"\n<p>Kre-Art propose plusieurs chaussettes\/jouets\/hochets pour nouveau-n\u00e9s fait main. La couleur des objets peut \u00eatre adapter.<br>N\u2019h\u00e9sitez pas \u00e0 me contacter via mon formulaire de&nbsp;<a href=\"https:\/\/kre-art.fr\/index.php\/contact\/\">Contact<\/a>&nbsp;pour effectuer la commande, et d\u00e9finir le mode de livraison.<br>Le temps de r\u00e9alisation 4-10 jours.<br>Le prix et le mode de livraison seront d\u00e9finis avec vous.<br>La livraison en France s\u2019effectue par La Poste, le prix de la livraison d\u00e9pend du poids, le prix minimum est de 4,5 euros.<\/p>\n\n\n\n<p><\/p>\n\n\n\n<p class=\"has-text-align-center has-accent-1-color has-text-color\">Chaussettes pour nouveau-n\u00e9s fille<\/p>\n\n\n\n<p>15 euros TTC. Fait main. Fil acrylique premium. La taille en diagonale est 12 cm, l&#8217;\u00e2ge 0-3 mois. Lavable en machine en programme d\u00e9licat \u00e0 30\u00b0c, essorage conseill\u00e9 \u00e0 600 trs., s\u00e8che linge interdit, s\u00e9cher \u00e0 plat \u00e0 l&#8217;air libre<\/p>\n\n\n\n<figure class=\"wp-block-gallery has-nested-images columns-default is-cropped wp-block-gallery-1 is-layout-flex wp-block-gallery-is-layout-flex\">\n<figure class=\"wp-block-image size-large\"><img loading=\"lazy\" decoding=\"async\" width=\"1024\" height=\"1019\" data-id=\"2310\" src=\"https:\/\/kre-art.fr\/wp-content\/uploads\/2022\/01\/Chaussettes-pour-nouveau-nes-fille-en-crochet-1024x1019.jpg\" alt=\"\" class=\"wp-image-2310\" srcset=\"https:\/\/kre-art.fr\/wp-content\/uploads\/2022\/01\/Chaussettes-pour-nouveau-nes-fille-en-crochet-1024x1019.jpg 1024w, https:\/\/kre-art.fr\/wp-content\/uploads\/2022\/01\/Chaussettes-pour-nouveau-nes-fille-en-crochet-300x300.jpg 300w, https:\/\/kre-art.fr\/wp-content\/uploads\/2022\/01\/Chaussettes-pour-nouveau-nes-fille-en-crochet-150x150.jpg 150w, https:\/\/kre-art.fr\/wp-content\/uploads\/2022\/01\/Chaussettes-pour-nouveau-nes-fille-en-crochet-768x764.jpg 768w, https:\/\/kre-art.fr\/wp-content\/uploads\/2022\/01\/Chaussettes-pour-nouveau-nes-fille-en-crochet-1536x1529.jpg 1536w, https:\/\/kre-art.fr\/wp-content\/uploads\/2022\/01\/Chaussettes-pour-nouveau-nes-fille-en-crochet-2048x2038.jpg 2048w, https:\/\/kre-art.fr\/wp-content\/uploads\/2022\/01\/Chaussettes-pour-nouveau-nes-fille-en-crochet-301x300.jpg 301w, https:\/\/kre-art.fr\/wp-content\/uploads\/2022\/01\/Chaussettes-pour-nouveau-nes-fille-en-crochet-600x597.jpg 600w, https:\/\/kre-art.fr\/wp-content\/uploads\/2022\/01\/Chaussettes-pour-nouveau-nes-fille-en-crochet-100x100.jpg 100w\" sizes=\"auto, (max-width: 1024px) 100vw, 1024px\" \/><\/figure>\n\n\n\n<figure class=\"wp-block-image size-large\"><img loading=\"lazy\" decoding=\"async\" width=\"1024\" height=\"914\" data-id=\"2309\" src=\"https:\/\/kre-art.fr\/wp-content\/uploads\/2022\/01\/Chaussettes-pour-nouveau-nes-fille-en-crochet-1-1024x914.jpg\" alt=\"\" class=\"wp-image-2309\" srcset=\"https:\/\/kre-art.fr\/wp-content\/uploads\/2022\/01\/Chaussettes-pour-nouveau-nes-fille-en-crochet-1-1024x914.jpg 1024w, https:\/\/kre-art.fr\/wp-content\/uploads\/2022\/01\/Chaussettes-pour-nouveau-nes-fille-en-crochet-1-300x268.jpg 300w, https:\/\/kre-art.fr\/wp-content\/uploads\/2022\/01\/Chaussettes-pour-nouveau-nes-fille-en-crochet-1-768x685.jpg 768w, https:\/\/kre-art.fr\/wp-content\/uploads\/2022\/01\/Chaussettes-pour-nouveau-nes-fille-en-crochet-1-1536x1371.jpg 1536w, https:\/\/kre-art.fr\/wp-content\/uploads\/2022\/01\/Chaussettes-pour-nouveau-nes-fille-en-crochet-1-2048x1828.jpg 2048w, https:\/\/kre-art.fr\/wp-content\/uploads\/2022\/01\/Chaussettes-pour-nouveau-nes-fille-en-crochet-1-336x300.jpg 336w, https:\/\/kre-art.fr\/wp-content\/uploads\/2022\/01\/Chaussettes-pour-nouveau-nes-fille-en-crochet-1-600x535.jpg 600w\" sizes=\"auto, (max-width: 1024px) 100vw, 1024px\" \/><\/figure>\n<\/figure>\n\n\n\n<p><\/p>\n\n\n\n<p><\/p>\n\n\n\n<p class=\"has-text-align-center has-accent-1-color has-text-color\"> Chaussettes pour nouveau-n\u00e9s gar\u00e7on<\/p>\n\n\n\n<p> 15 euros TTC. Fait main. Fil acrylique premium. La taille en diagonale est 12 cm, l&#8217;\u00e2ge 0-3 mois.  Lavable en machine en programme d\u00e9licat \u00e0 30\u00b0c, essorage conseill\u00e9 \u00e0 600 trs., s\u00e8che linge interdit,  s\u00e9cher \u00e0 plat \u00e0 l&#8217;air libre <\/p>\n\n\n\n<figure class=\"wp-block-gallery has-nested-images columns-default is-cropped wp-block-gallery-2 is-layout-flex wp-block-gallery-is-layout-flex\">\n<figure class=\"wp-block-image size-large\"><img loading=\"lazy\" decoding=\"async\" width=\"1024\" height=\"1024\" data-id=\"2312\" src=\"https:\/\/kre-art.fr\/wp-content\/uploads\/2022\/01\/Chaussettes-pour-nouveau-nes-garcon-en-crochet-2-1024x1024.jpg\" alt=\"\" class=\"wp-image-2312\" srcset=\"https:\/\/kre-art.fr\/wp-content\/uploads\/2022\/01\/Chaussettes-pour-nouveau-nes-garcon-en-crochet-2-1024x1024.jpg 1024w, https:\/\/kre-art.fr\/wp-content\/uploads\/2022\/01\/Chaussettes-pour-nouveau-nes-garcon-en-crochet-2-300x300.jpg 300w, https:\/\/kre-art.fr\/wp-content\/uploads\/2022\/01\/Chaussettes-pour-nouveau-nes-garcon-en-crochet-2-150x150.jpg 150w, https:\/\/kre-art.fr\/wp-content\/uploads\/2022\/01\/Chaussettes-pour-nouveau-nes-garcon-en-crochet-2-768x768.jpg 768w, https:\/\/kre-art.fr\/wp-content\/uploads\/2022\/01\/Chaussettes-pour-nouveau-nes-garcon-en-crochet-2-600x600.jpg 600w, https:\/\/kre-art.fr\/wp-content\/uploads\/2022\/01\/Chaussettes-pour-nouveau-nes-garcon-en-crochet-2-100x100.jpg 100w, https:\/\/kre-art.fr\/wp-content\/uploads\/2022\/01\/Chaussettes-pour-nouveau-nes-garcon-en-crochet-2.jpg 1440w\" sizes=\"auto, (max-width: 1024px) 100vw, 1024px\" \/><\/figure>\n\n\n\n<figure class=\"wp-block-image size-large\"><img loading=\"lazy\" decoding=\"async\" width=\"1024\" height=\"1024\" data-id=\"2313\" src=\"https:\/\/kre-art.fr\/wp-content\/uploads\/2022\/01\/Chaussettes-pour-nouveau-nes-garcon-en-crochet-1024x1024.jpg\" alt=\"\" class=\"wp-image-2313\" srcset=\"https:\/\/kre-art.fr\/wp-content\/uploads\/2022\/01\/Chaussettes-pour-nouveau-nes-garcon-en-crochet-1024x1024.jpg 1024w, https:\/\/kre-art.fr\/wp-content\/uploads\/2022\/01\/Chaussettes-pour-nouveau-nes-garcon-en-crochet-300x300.jpg 300w, https:\/\/kre-art.fr\/wp-content\/uploads\/2022\/01\/Chaussettes-pour-nouveau-nes-garcon-en-crochet-150x150.jpg 150w, https:\/\/kre-art.fr\/wp-content\/uploads\/2022\/01\/Chaussettes-pour-nouveau-nes-garcon-en-crochet-768x768.jpg 768w, https:\/\/kre-art.fr\/wp-content\/uploads\/2022\/01\/Chaussettes-pour-nouveau-nes-garcon-en-crochet-600x600.jpg 600w, https:\/\/kre-art.fr\/wp-content\/uploads\/2022\/01\/Chaussettes-pour-nouveau-nes-garcon-en-crochet-100x100.jpg 100w, https:\/\/kre-art.fr\/wp-content\/uploads\/2022\/01\/Chaussettes-pour-nouveau-nes-garcon-en-crochet.jpg 1440w\" sizes=\"auto, (max-width: 1024px) 100vw, 1024px\" \/><\/figure>\n\n\n\n<figure class=\"wp-block-image size-large\"><img loading=\"lazy\" decoding=\"async\" width=\"1024\" height=\"1024\" data-id=\"2311\" src=\"https:\/\/kre-art.fr\/wp-content\/uploads\/2022\/01\/Chaussettes-pour-nouveau-nes-garcon-en-crochet-1-1024x1024.jpg\" alt=\"\" class=\"wp-image-2311\" srcset=\"https:\/\/kre-art.fr\/wp-content\/uploads\/2022\/01\/Chaussettes-pour-nouveau-nes-garcon-en-crochet-1-1024x1024.jpg 1024w, https:\/\/kre-art.fr\/wp-content\/uploads\/2022\/01\/Chaussettes-pour-nouveau-nes-garcon-en-crochet-1-300x300.jpg 300w, https:\/\/kre-art.fr\/wp-content\/uploads\/2022\/01\/Chaussettes-pour-nouveau-nes-garcon-en-crochet-1-150x150.jpg 150w, https:\/\/kre-art.fr\/wp-content\/uploads\/2022\/01\/Chaussettes-pour-nouveau-nes-garcon-en-crochet-1-768x767.jpg 768w, https:\/\/kre-art.fr\/wp-content\/uploads\/2022\/01\/Chaussettes-pour-nouveau-nes-garcon-en-crochet-1-600x600.jpg 600w, https:\/\/kre-art.fr\/wp-content\/uploads\/2022\/01\/Chaussettes-pour-nouveau-nes-garcon-en-crochet-1-100x100.jpg 100w, https:\/\/kre-art.fr\/wp-content\/uploads\/2022\/01\/Chaussettes-pour-nouveau-nes-garcon-en-crochet-1.jpg 1440w\" sizes=\"auto, (max-width: 1024px) 100vw, 1024px\" \/><\/figure>\n<\/figure>\n","protected":false},"excerpt":{"rendered":"<p>Kre-Art propose plusieurs chaussettes\/jouets\/hochets pour nouveau-n\u00e9s fait main. La couleur des objets peut \u00eatre adapter.N\u2019h\u00e9sitez pas \u00e0 me contacter via mon formulaire de&nbsp;Contact&nbsp;pour effectuer la commande, et d\u00e9finir le mode de livraison.Le temps de r\u00e9alisation 4-10 jours.Le prix et le mode de livraison seront d\u00e9finis avec vous.La livraison en France &hellip;<\/p>\n","protected":false},"author":1,"featured_media":2113,"parent":2109,"menu_order":2,"comment_status":"closed","ping_status":"closed","template":"","meta":{"footnotes":""},"class_list":["post-2123","page","type-page","status-publish","has-post-thumbnail","hentry"],"_links":{"self":[{"href":"https:\/\/kre-art.fr\/index.php\/wp-json\/wp\/v2\/pages\/2123","targetHints":{"allow":["GET"]}}],"collection":[{"href":"https:\/\/kre-art.fr\/index.php\/wp-json\/wp\/v2\/pages"}],"about":[{"href":"https:\/\/kre-art.fr\/index.php\/wp-json\/wp\/v2\/types\/page"}],"author":[{"embeddable":true,"href":"https:\/\/kre-art.fr\/index.php\/wp-json\/wp\/v2\/users\/1"}],"replies":[{"embeddable":true,"href":"https:\/\/kre-art.fr\/index.php\/wp-json\/wp\/v2\/comments?post=2123"}],"version-history":[{"count":10,"href":"https:\/\/kre-art.fr\/index.php\/wp-json\/wp\/v2\/pages\/2123\/revisions"}],"predecessor-version":[{"id":4033,"href":"https:\/\/kre-art.fr\/index.php\/wp-json\/wp\/v2\/pages\/2123\/revisions\/4033"}],"up":[{"embeddable":true,"href":"https:\/\/kre-art.fr\/index.php\/wp-json\/wp\/v2\/pages\/2109"}],"wp:featuredmedia":[{"embeddable":true,"href":"https:\/\/kre-art.fr\/index.php\/wp-json\/wp\/v2\/media\/2113"}],"wp:attachment":[{"href":"https:\/\/kre-art.fr\/index.php\/wp-json\/wp\/v2\/media?parent=2123"}],"curies":[{"name":"wp","href":"https:\/\/api.w.org\/{rel}","templated":true}]}}