{"id":2147,"date":"2021-12-22T22:17:41","date_gmt":"2021-12-22T21:17:41","guid":{"rendered":"http:\/\/kre-art.fr\/?page_id=2147"},"modified":"2022-06-19T19:39:06","modified_gmt":"2022-06-19T17:39:06","slug":"pate-fimo","status":"publish","type":"page","link":"https:\/\/kre-art.fr\/index.php\/boutique\/pate-fimo\/","title":{"rendered":"P\u00e2te FIMO"},"content":{"rendered":"\n<p><\/p>\n\n\n\n<p><\/p>\n\n\n<figure class=\"wp-block-gallery columns-3 is-cropped\">\n<ul class=\"blocks-gallery-grid\">\n<li class=\"blocks-gallery-item\">\n<figure><a href=\"https:\/\/kre-art.fr\/index.php\/boutique\/pate-fimo\/figurines\/\"><img loading=\"lazy\" decoding=\"async\" width=\"768\" height=\"1024\" class=\"wp-image-902\" src=\"https:\/\/kre-art.fr\/wp-content\/uploads\/2020\/12\/Kre-Art-Figurines-768x1024.jpg\" alt=\"\" data-id=\"902\" data-link=\"https:\/\/kre-art.fr\/?attachment_id=902\" srcset=\"https:\/\/kre-art.fr\/wp-content\/uploads\/2020\/12\/Kre-Art-Figurines-768x1024.jpg 768w, https:\/\/kre-art.fr\/wp-content\/uploads\/2020\/12\/Kre-Art-Figurines-225x300.jpg 225w, https:\/\/kre-art.fr\/wp-content\/uploads\/2020\/12\/Kre-Art-Figurines-600x800.jpg 600w, https:\/\/kre-art.fr\/wp-content\/uploads\/2020\/12\/Kre-Art-Figurines.jpg 1104w\" sizes=\"auto, (max-width: 768px) 100vw, 768px\" \/><\/a>\n<figcaption class=\"blocks-gallery-item__caption\"><a href=\"https:\/\/kre-art.fr\/index.php\/boutique\/pate-fimo\/figurines\/\">Figurines<\/a><\/figcaption>\n<\/figure>\n<\/li>\n<li class=\"blocks-gallery-item\">\n<figure><a href=\"https:\/\/kre-art.fr\/index.php\/boutique\/porte-cles\/\"><img loading=\"lazy\" decoding=\"async\" width=\"1024\" height=\"751\" class=\"wp-image-903\" src=\"https:\/\/kre-art.fr\/wp-content\/uploads\/2020\/12\/Kre-Art-Porte-cles-1024x751.jpg\" alt=\"\" data-id=\"903\" data-link=\"https:\/\/kre-art.fr\/?attachment_id=903\" srcset=\"https:\/\/kre-art.fr\/wp-content\/uploads\/2020\/12\/Kre-Art-Porte-cles-1024x751.jpg 1024w, https:\/\/kre-art.fr\/wp-content\/uploads\/2020\/12\/Kre-Art-Porte-cles-300x220.jpg 300w, https:\/\/kre-art.fr\/wp-content\/uploads\/2020\/12\/Kre-Art-Porte-cles-768x563.jpg 768w, https:\/\/kre-art.fr\/wp-content\/uploads\/2020\/12\/Kre-Art-Porte-cles-1536x1126.jpg 1536w, https:\/\/kre-art.fr\/wp-content\/uploads\/2020\/12\/Kre-Art-Porte-cles-409x300.jpg 409w, https:\/\/kre-art.fr\/wp-content\/uploads\/2020\/12\/Kre-Art-Porte-cles-600x440.jpg 600w, https:\/\/kre-art.fr\/wp-content\/uploads\/2020\/12\/Kre-Art-Porte-cles.jpg 1920w\" sizes=\"auto, (max-width: 1024px) 100vw, 1024px\" \/><\/a>\n<p>\u00a0<\/p>\n<figcaption class=\"blocks-gallery-item__caption\"><a href=\"https:\/\/kre-art.fr\/index.php\/boutique\/porte-cles\/\">Porte-cl\u00e9s<\/a><\/figcaption>\n<\/figure>\n<\/li>\n<li class=\"blocks-gallery-item\">\n<figure><a href=\"https:\/\/kre-art.fr\/index.php\/boutique\/decoration-de-noel\/\"><img loading=\"lazy\" decoding=\"async\" width=\"768\" height=\"1024\" class=\"wp-image-904\" src=\"https:\/\/kre-art.fr\/wp-content\/uploads\/2020\/12\/Kre-Art-Decoration-de-Noel-768x1024.jpg\" alt=\"\" data-id=\"904\" data-link=\"https:\/\/kre-art.fr\/?attachment_id=904\" srcset=\"https:\/\/kre-art.fr\/wp-content\/uploads\/2020\/12\/Kre-Art-Decoration-de-Noel-768x1024.jpg 768w, https:\/\/kre-art.fr\/wp-content\/uploads\/2020\/12\/Kre-Art-Decoration-de-Noel-225x300.jpg 225w, https:\/\/kre-art.fr\/wp-content\/uploads\/2020\/12\/Kre-Art-Decoration-de-Noel-600x800.jpg 600w, https:\/\/kre-art.fr\/wp-content\/uploads\/2020\/12\/Kre-Art-Decoration-de-Noel.jpg 1104w\" sizes=\"auto, (max-width: 768px) 100vw, 768px\" \/><\/a>\n<p>\u00a0<\/p>\n<figcaption class=\"blocks-gallery-item__caption\"><a href=\"https:\/\/kre-art.fr\/index.php\/boutique\/decoration-de-noel\/\">D\u00e9coration de No\u00ebl<\/a><\/figcaption>\n<\/figure>\n<\/li>\n<li class=\"blocks-gallery-item\">\n<figure><a href=\"https:\/\/kre-art.fr\/index.php\/boutique\/boucle-doreilles\/\"><img loading=\"lazy\" decoding=\"async\" width=\"1024\" height=\"679\" class=\"wp-image-905\" src=\"https:\/\/kre-art.fr\/wp-content\/uploads\/2020\/12\/Kre-Art-Boucle-doreilles-1024x679.jpg\" alt=\"\" data-id=\"905\" data-link=\"https:\/\/kre-art.fr\/?attachment_id=905\" srcset=\"https:\/\/kre-art.fr\/wp-content\/uploads\/2020\/12\/Kre-Art-Boucle-doreilles-1024x679.jpg 1024w, https:\/\/kre-art.fr\/wp-content\/uploads\/2020\/12\/Kre-Art-Boucle-doreilles-300x199.jpg 300w, https:\/\/kre-art.fr\/wp-content\/uploads\/2020\/12\/Kre-Art-Boucle-doreilles-768x509.jpg 768w, https:\/\/kre-art.fr\/wp-content\/uploads\/2020\/12\/Kre-Art-Boucle-doreilles-1536x1018.jpg 1536w, https:\/\/kre-art.fr\/wp-content\/uploads\/2020\/12\/Kre-Art-Boucle-doreilles-452x300.jpg 452w, https:\/\/kre-art.fr\/wp-content\/uploads\/2020\/12\/Kre-Art-Boucle-doreilles-600x398.jpg 600w, https:\/\/kre-art.fr\/wp-content\/uploads\/2020\/12\/Kre-Art-Boucle-doreilles.jpg 1920w\" sizes=\"auto, (max-width: 1024px) 100vw, 1024px\" \/><\/a>\n<p>\u00a0<\/p>\n<figcaption class=\"blocks-gallery-item__caption\"><a href=\"https:\/\/kre-art.fr\/index.php\/boutique\/boucle-doreilles\/\">Boucle d\u2019oreilles<\/a><\/figcaption>\n<\/figure>\n<\/li>\n<li class=\"blocks-gallery-item\">\n<figure><a href=\"https:\/\/kre-art.fr\/index.php\/boutique\/decoration-pour-cadres-photos\/\"><img loading=\"lazy\" decoding=\"async\" width=\"872\" height=\"1024\" class=\"wp-image-906\" src=\"https:\/\/kre-art.fr\/wp-content\/uploads\/2020\/12\/Kre-Art-Decoration-pour-cadres-photos-872x1024.jpg\" alt=\"\" data-id=\"906\" data-link=\"https:\/\/kre-art.fr\/?attachment_id=906\" srcset=\"https:\/\/kre-art.fr\/wp-content\/uploads\/2020\/12\/Kre-Art-Decoration-pour-cadres-photos-872x1024.jpg 872w, https:\/\/kre-art.fr\/wp-content\/uploads\/2020\/12\/Kre-Art-Decoration-pour-cadres-photos-256x300.jpg 256w, https:\/\/kre-art.fr\/wp-content\/uploads\/2020\/12\/Kre-Art-Decoration-pour-cadres-photos-768x902.jpg 768w, https:\/\/kre-art.fr\/wp-content\/uploads\/2020\/12\/Kre-Art-Decoration-pour-cadres-photos-600x704.jpg 600w, https:\/\/kre-art.fr\/wp-content\/uploads\/2020\/12\/Kre-Art-Decoration-pour-cadres-photos.jpg 1254w\" sizes=\"auto, (max-width: 872px) 100vw, 872px\" \/><\/a>\n<p>\u00a0<\/p>\n<figcaption class=\"blocks-gallery-item__caption\"><a href=\"https:\/\/kre-art.fr\/index.php\/boutique\/decoration-pour-cadres-photos\/\">D\u00e9coration pour cadres photos<\/a><\/figcaption>\n<\/figure>\n<\/li>\n<li class=\"blocks-gallery-item\">\n<figure><a href=\"https:\/\/kre-art.fr\/index.php\/boutique\/pinces-a-linge\/\"><img loading=\"lazy\" decoding=\"async\" width=\"768\" height=\"1024\" class=\"wp-image-907\" src=\"https:\/\/kre-art.fr\/wp-content\/uploads\/2020\/12\/Kre-Art-Pinces-a-linge-768x1024.jpg\" alt=\"\" data-id=\"907\" data-link=\"https:\/\/kre-art.fr\/?attachment_id=907\" srcset=\"https:\/\/kre-art.fr\/wp-content\/uploads\/2020\/12\/Kre-Art-Pinces-a-linge-768x1024.jpg 768w, https:\/\/kre-art.fr\/wp-content\/uploads\/2020\/12\/Kre-Art-Pinces-a-linge-225x300.jpg 225w, https:\/\/kre-art.fr\/wp-content\/uploads\/2020\/12\/Kre-Art-Pinces-a-linge-600x800.jpg 600w, https:\/\/kre-art.fr\/wp-content\/uploads\/2020\/12\/Kre-Art-Pinces-a-linge.jpg 1104w\" sizes=\"auto, (max-width: 768px) 100vw, 768px\" \/><\/a>\n<p>\u00a0<\/p>\n<figcaption class=\"blocks-gallery-item__caption\"><a href=\"https:\/\/kre-art.fr\/index.php\/boutique\/pinces-a-linge\/\">Pinces \u00e0 linge<\/a><\/figcaption>\n<\/figure>\n<\/li>\n<li class=\"blocks-gallery-item\">\n<figure><a href=\"https:\/\/kre-art.fr\/index.php\/boutique\/colliers\/\"><img loading=\"lazy\" decoding=\"async\" width=\"1024\" height=\"955\" class=\"wp-image-908\" src=\"https:\/\/kre-art.fr\/wp-content\/uploads\/2020\/12\/Kre-Art-Colliers-1024x955.jpg\" alt=\"\" data-id=\"908\" data-link=\"https:\/\/kre-art.fr\/?attachment_id=908\" srcset=\"https:\/\/kre-art.fr\/wp-content\/uploads\/2020\/12\/Kre-Art-Colliers-1024x955.jpg 1024w, https:\/\/kre-art.fr\/wp-content\/uploads\/2020\/12\/Kre-Art-Colliers-300x280.jpg 300w, https:\/\/kre-art.fr\/wp-content\/uploads\/2020\/12\/Kre-Art-Colliers-768x716.jpg 768w, https:\/\/kre-art.fr\/wp-content\/uploads\/2020\/12\/Kre-Art-Colliers-1536x1433.jpg 1536w, https:\/\/kre-art.fr\/wp-content\/uploads\/2020\/12\/Kre-Art-Colliers-322x300.jpg 322w, https:\/\/kre-art.fr\/wp-content\/uploads\/2020\/12\/Kre-Art-Colliers-600x560.jpg 600w, https:\/\/kre-art.fr\/wp-content\/uploads\/2020\/12\/Kre-Art-Colliers.jpg 1578w\" sizes=\"auto, (max-width: 1024px) 100vw, 1024px\" \/><\/a>\n<p>\u00a0<\/p>\n<figcaption class=\"blocks-gallery-item__caption\"><a href=\"https:\/\/kre-art.fr\/index.php\/boutique\/colliers\/\">Colliers<\/a><\/figcaption>\n<\/figure>\n<\/li>\n<li class=\"blocks-gallery-item\">\n<figure><a href=\"https:\/\/kre-art.fr\/index.php\/boutique\/figurines-fables\/\"><img loading=\"lazy\" decoding=\"async\" width=\"1024\" height=\"949\" class=\"wp-image-909\" src=\"https:\/\/kre-art.fr\/wp-content\/uploads\/2020\/12\/Kre-Art-Figurines-Fables-1024x949.jpg\" alt=\"\" data-id=\"909\" data-link=\"https:\/\/kre-art.fr\/?attachment_id=909\" srcset=\"https:\/\/kre-art.fr\/wp-content\/uploads\/2020\/12\/Kre-Art-Figurines-Fables-1024x949.jpg 1024w, https:\/\/kre-art.fr\/wp-content\/uploads\/2020\/12\/Kre-Art-Figurines-Fables-300x278.jpg 300w, https:\/\/kre-art.fr\/wp-content\/uploads\/2020\/12\/Kre-Art-Figurines-Fables-768x712.jpg 768w, https:\/\/kre-art.fr\/wp-content\/uploads\/2020\/12\/Kre-Art-Figurines-Fables-1536x1424.jpg 1536w, https:\/\/kre-art.fr\/wp-content\/uploads\/2020\/12\/Kre-Art-Figurines-Fables-324x300.jpg 324w, https:\/\/kre-art.fr\/wp-content\/uploads\/2020\/12\/Kre-Art-Figurines-Fables-600x556.jpg 600w, https:\/\/kre-art.fr\/wp-content\/uploads\/2020\/12\/Kre-Art-Figurines-Fables.jpg 1586w\" sizes=\"auto, (max-width: 1024px) 100vw, 1024px\" \/><\/a>\n<p>\u00a0<\/p>\n<figcaption class=\"blocks-gallery-item__caption\"><a href=\"https:\/\/kre-art.fr\/index.php\/boutique\/figurines-fables\/\">Figurines Fables<\/a><\/figcaption>\n<\/figure>\n<\/li>\n<li class=\"blocks-gallery-item\">\n<figure><a href=\"https:\/\/kre-art.fr\/index.php\/boutique\/sur-demande\/\"><img loading=\"lazy\" decoding=\"async\" width=\"1024\" height=\"947\" class=\"wp-image-910\" src=\"https:\/\/kre-art.fr\/wp-content\/uploads\/2020\/12\/Kre-Art-boutique-Sur-demande-1024x947.jpg\" alt=\"\" data-id=\"910\" data-link=\"https:\/\/kre-art.fr\/?attachment_id=910\" srcset=\"https:\/\/kre-art.fr\/wp-content\/uploads\/2020\/12\/Kre-Art-boutique-Sur-demande-1024x947.jpg 1024w, https:\/\/kre-art.fr\/wp-content\/uploads\/2020\/12\/Kre-Art-boutique-Sur-demande-300x277.jpg 300w, https:\/\/kre-art.fr\/wp-content\/uploads\/2020\/12\/Kre-Art-boutique-Sur-demande-768x710.jpg 768w, https:\/\/kre-art.fr\/wp-content\/uploads\/2020\/12\/Kre-Art-boutique-Sur-demande-1536x1420.jpg 1536w, https:\/\/kre-art.fr\/wp-content\/uploads\/2020\/12\/Kre-Art-boutique-Sur-demande-324x300.jpg 324w, https:\/\/kre-art.fr\/wp-content\/uploads\/2020\/12\/Kre-Art-boutique-Sur-demande-600x555.jpg 600w, https:\/\/kre-art.fr\/wp-content\/uploads\/2020\/12\/Kre-Art-boutique-Sur-demande.jpg 1592w\" sizes=\"auto, (max-width: 1024px) 100vw, 1024px\" \/><\/a>\n<p>\u00a0<\/p>\n<figcaption class=\"blocks-gallery-item__caption\"><a href=\"https:\/\/kre-art.fr\/index.php\/boutique\/sur-demande\/\">Sur demande<\/a><\/figcaption>\n<\/figure>\n<\/li>\n<li class=\"blocks-gallery-item\">\u00a0<\/li>\n<\/ul>\n<\/figure>\n\n\n<p class=\"has-text-align-center\">La galaxie p\u00e2te FIMO<br>Lorsque j\u2019\u00e9tais adolescente, j\u2019ai pris des cours de sculpture en argile et en p\u00e2te \u00e0 sel. Encore une activit\u00e9 que j&#8217;aimais bien.<br>Avec ma maman, nous faisions des anges et des animaux.<br>J\u2019ai arr\u00eat\u00e9 pour me concentrer sur les \u00e9tudes et ma carri\u00e8re professionnelle, mais apr\u00e8s plusieurs ann\u00e9es j\u2019ai d\u00e9couvert la p\u00e2te FIMO gr\u00e2ce \u00e0 une petite fille que j&#8217;ai gard\u00e9.<br>Nous faisions beaucoup de mod\u00e8les ensemble. Aujourd&#8217;hui, la r\u00e9alisation d&#8217;animaux en p\u00e2te FIMO est devenue une vraie passion.<\/p>\n","protected":false},"excerpt":{"rendered":"<p>Figurines \u00a0Porte-cl\u00e9s \u00a0D\u00e9coration de No\u00ebl \u00a0Boucle d\u2019oreilles \u00a0D\u00e9coration pour cadres photos \u00a0Pinces \u00e0 linge \u00a0Colliers \u00a0Figurines Fables \u00a0Sur demande \u00a0 La galaxie p\u00e2te FIMOLorsque j\u2019\u00e9tais adolescente, j\u2019ai pris des cours de sculpture en argile et en p\u00e2te \u00e0 sel. Encore une activit\u00e9 que j&#8217;aimais bien.Avec ma maman, nous faisions des &hellip;<\/p>\n","protected":false},"author":1,"featured_media":550,"parent":152,"menu_order":2,"comment_status":"closed","ping_status":"closed","template":"","meta":{"footnotes":""},"class_list":["post-2147","page","type-page","status-publish","has-post-thumbnail","hentry"],"_links":{"self":[{"href":"https:\/\/kre-art.fr\/index.php\/wp-json\/wp\/v2\/pages\/2147","targetHints":{"allow":["GET"]}}],"collection":[{"href":"https:\/\/kre-art.fr\/index.php\/wp-json\/wp\/v2\/pages"}],"about":[{"href":"https:\/\/kre-art.fr\/index.php\/wp-json\/wp\/v2\/types\/page"}],"author":[{"embeddable":true,"href":"https:\/\/kre-art.fr\/index.php\/wp-json\/wp\/v2\/users\/1"}],"replies":[{"embeddable":true,"href":"https:\/\/kre-art.fr\/index.php\/wp-json\/wp\/v2\/comments?post=2147"}],"version-history":[{"count":13,"href":"https:\/\/kre-art.fr\/index.php\/wp-json\/wp\/v2\/pages\/2147\/revisions"}],"predecessor-version":[{"id":2995,"href":"https:\/\/kre-art.fr\/index.php\/wp-json\/wp\/v2\/pages\/2147\/revisions\/2995"}],"up":[{"embeddable":true,"href":"https:\/\/kre-art.fr\/index.php\/wp-json\/wp\/v2\/pages\/152"}],"wp:featuredmedia":[{"embeddable":true,"href":"https:\/\/kre-art.fr\/index.php\/wp-json\/wp\/v2\/media\/550"}],"wp:attachment":[{"href":"https:\/\/kre-art.fr\/index.php\/wp-json\/wp\/v2\/media?parent=2147"}],"curies":[{"name":"wp","href":"https:\/\/api.w.org\/{rel}","templated":true}]}}