{"id":2182,"date":"2021-12-22T22:36:29","date_gmt":"2021-12-22T21:36:29","guid":{"rendered":"http:\/\/kre-art.fr\/?page_id=2182"},"modified":"2023-08-11T22:24:11","modified_gmt":"2023-08-11T20:24:11","slug":"broderie-point-croix","status":"publish","type":"page","link":"https:\/\/kre-art.fr\/index.php\/boutique\/toiles-a-tisser\/broderie-point-croix\/","title":{"rendered":"Broderie point croix"},"content":{"rendered":"\n<p>Kre-Art brodera le mod\u00e8le selon votre design ou selon les pr\u00e9sentations sur le site. <br>N\u2019h\u00e9sitez pas \u00e0 me contacter via mon formulaire de\u00a0<a href=\"https:\/\/kre-art.fr\/index.php\/contact\/\">Contact<\/a>\u00a0pour effectuer la commande, et d\u00e9finir le mode de livraison.<br>Le temps de r\u00e9alisation d\u00e9pend de la complexit\u00e9 de la toile.<br>Le prix et le mode de livraison seront d\u00e9finis avec vous.<br>La livraison en France s&#8217;effectue par La Poste, le prix de la livraison d\u00e9pend du poids, le prix minimum est de 4 euros.<br>Le prix des toiles \u00e0 tisser selon votre design sera \u00e0 discuter avec vous et d\u00e9pendra de la complexit\u00e9, du temps de travail et des mat\u00e9riaux. <br>Possibilit\u00e9 de mettre la toile dans un cadre (le prix d\u00e9pend du prix du cadre).<\/p>\n\n\n\n<figure class=\"wp-block-gallery has-nested-images columns-default is-cropped wp-block-gallery-1 is-layout-flex wp-block-gallery-is-layout-flex\">\n<figure class=\"wp-block-image size-large\"><img loading=\"lazy\" decoding=\"async\" width=\"1024\" height=\"1024\" data-id=\"2221\" src=\"https:\/\/kre-art.fr\/wp-content\/uploads\/2022\/01\/Carte-pour-Noel-1024x1024.jpg\" alt=\"\" class=\"wp-image-2221\" srcset=\"https:\/\/kre-art.fr\/wp-content\/uploads\/2022\/01\/Carte-pour-Noel-1024x1024.jpg 1024w, https:\/\/kre-art.fr\/wp-content\/uploads\/2022\/01\/Carte-pour-Noel-300x300.jpg 300w, https:\/\/kre-art.fr\/wp-content\/uploads\/2022\/01\/Carte-pour-Noel-150x150.jpg 150w, https:\/\/kre-art.fr\/wp-content\/uploads\/2022\/01\/Carte-pour-Noel-768x768.jpg 768w, https:\/\/kre-art.fr\/wp-content\/uploads\/2022\/01\/Carte-pour-Noel-600x600.jpg 600w, https:\/\/kre-art.fr\/wp-content\/uploads\/2022\/01\/Carte-pour-Noel-100x100.jpg 100w, https:\/\/kre-art.fr\/wp-content\/uploads\/2022\/01\/Carte-pour-Noel.jpg 1440w\" sizes=\"auto, (max-width: 1024px) 100vw, 1024px\" \/><\/figure>\n\n\n\n<figure class=\"wp-block-image size-large\"><img loading=\"lazy\" decoding=\"async\" width=\"1024\" height=\"1024\" data-id=\"2220\" src=\"https:\/\/kre-art.fr\/wp-content\/uploads\/2022\/01\/Carte-pour-Noel-1-1024x1024.jpg\" alt=\"\" class=\"wp-image-2220\" srcset=\"https:\/\/kre-art.fr\/wp-content\/uploads\/2022\/01\/Carte-pour-Noel-1-1024x1024.jpg 1024w, https:\/\/kre-art.fr\/wp-content\/uploads\/2022\/01\/Carte-pour-Noel-1-300x300.jpg 300w, https:\/\/kre-art.fr\/wp-content\/uploads\/2022\/01\/Carte-pour-Noel-1-150x150.jpg 150w, https:\/\/kre-art.fr\/wp-content\/uploads\/2022\/01\/Carte-pour-Noel-1-768x768.jpg 768w, https:\/\/kre-art.fr\/wp-content\/uploads\/2022\/01\/Carte-pour-Noel-1-600x600.jpg 600w, https:\/\/kre-art.fr\/wp-content\/uploads\/2022\/01\/Carte-pour-Noel-1-100x100.jpg 100w, https:\/\/kre-art.fr\/wp-content\/uploads\/2022\/01\/Carte-pour-Noel-1.jpg 1440w\" sizes=\"auto, (max-width: 1024px) 100vw, 1024px\" \/><\/figure>\n<\/figure>\n\n\n\n<p>Carte pour No\u00ebl. Le prix est de 25 euros avec TTC.  La taille est 10.5&#215;15 cm<\/p>\n\n\n\n<p><\/p>\n\n\n\n<figure class=\"wp-block-gallery has-nested-images columns-default is-cropped aligncenter wp-block-gallery-2 is-layout-flex wp-block-gallery-is-layout-flex\">\n<figure class=\"wp-block-image size-large\"><img loading=\"lazy\" decoding=\"async\" width=\"600\" height=\"640\" data-id=\"1826\" src=\"https:\/\/kre-art.fr\/wp-content\/uploads\/2021\/04\/toile-a-tisser-chien.jpg\" alt=\"\" class=\"wp-image-1826\" srcset=\"https:\/\/kre-art.fr\/wp-content\/uploads\/2021\/04\/toile-a-tisser-chien.jpg 600w, https:\/\/kre-art.fr\/wp-content\/uploads\/2021\/04\/toile-a-tisser-chien-281x300.jpg 281w\" sizes=\"auto, (max-width: 600px) 100vw, 600px\" \/><\/figure>\n\n\n\n<figure class=\"wp-block-image size-large\"><img loading=\"lazy\" decoding=\"async\" width=\"1024\" height=\"974\" data-id=\"2049\" src=\"https:\/\/kre-art.fr\/wp-content\/uploads\/2021\/07\/toile-a-tisser-chien-1-1024x974.jpg\" alt=\"toile \u00e0 tisser chien 1\" class=\"wp-image-2049\" srcset=\"https:\/\/kre-art.fr\/wp-content\/uploads\/2021\/07\/toile-a-tisser-chien-1-1024x974.jpg 1024w, https:\/\/kre-art.fr\/wp-content\/uploads\/2021\/07\/toile-a-tisser-chien-1-300x285.jpg 300w, https:\/\/kre-art.fr\/wp-content\/uploads\/2021\/07\/toile-a-tisser-chien-1-768x730.jpg 768w, https:\/\/kre-art.fr\/wp-content\/uploads\/2021\/07\/toile-a-tisser-chien-1-1536x1461.jpg 1536w, https:\/\/kre-art.fr\/wp-content\/uploads\/2021\/07\/toile-a-tisser-chien-1-2048x1947.jpg 2048w, https:\/\/kre-art.fr\/wp-content\/uploads\/2021\/07\/toile-a-tisser-chien-1-315x300.jpg 315w, https:\/\/kre-art.fr\/wp-content\/uploads\/2021\/07\/toile-a-tisser-chien-1-600x571.jpg 600w\" sizes=\"auto, (max-width: 1024px) 100vw, 1024px\" \/><\/figure>\n<figcaption class=\"blocks-gallery-caption wp-element-caption\">La mod\u00e8le &#8220;Chien&#8221;. Le prix est de 12 euros. La taille est 12\u00d714 cm. Le prix du cadre est 10 euros<\/figcaption><\/figure>\n\n\n\n<p><\/p>\n\n\n\n<p><\/p>\n\n\n\n<p><\/p>\n\n\n\n<p><\/p>\n\n\n<div class=\"wp-block-image is-style-rounded\">\n<figure class=\"aligncenter size-large is-resized\"><img loading=\"lazy\" decoding=\"async\" src=\"https:\/\/kre-art.fr\/wp-content\/uploads\/2021\/07\/toile-a-tisser-oiseaux-963x1024.jpg\" alt=\"toile \u00e0 tisser oiseaux\" class=\"wp-image-2061\" width=\"482\" height=\"512\" srcset=\"https:\/\/kre-art.fr\/wp-content\/uploads\/2021\/07\/toile-a-tisser-oiseaux-963x1024.jpg 963w, https:\/\/kre-art.fr\/wp-content\/uploads\/2021\/07\/toile-a-tisser-oiseaux-282x300.jpg 282w, https:\/\/kre-art.fr\/wp-content\/uploads\/2021\/07\/toile-a-tisser-oiseaux-768x817.jpg 768w, https:\/\/kre-art.fr\/wp-content\/uploads\/2021\/07\/toile-a-tisser-oiseaux-1444x1536.jpg 1444w, https:\/\/kre-art.fr\/wp-content\/uploads\/2021\/07\/toile-a-tisser-oiseaux-1925x2048.jpg 1925w, https:\/\/kre-art.fr\/wp-content\/uploads\/2021\/07\/toile-a-tisser-oiseaux-600x638.jpg 600w\" sizes=\"auto, (max-width: 482px) 100vw, 482px\" \/><figcaption class=\"wp-element-caption\">La mod\u00e8le &#8220;Oiseaux&#8221; . Le prix est de 25 euros. La taille est 20\u00d720 cm.<\/figcaption><\/figure><\/div>","protected":false},"excerpt":{"rendered":"<p>Kre-Art brodera le mod\u00e8le selon votre design ou selon les pr\u00e9sentations sur le site. N\u2019h\u00e9sitez pas \u00e0 me contacter via mon formulaire de\u00a0Contact\u00a0pour effectuer la commande, et d\u00e9finir le mode de livraison.Le temps de r\u00e9alisation d\u00e9pend de la complexit\u00e9 de la toile.Le prix et le mode de livraison seront d\u00e9finis &hellip;<\/p>\n","protected":false},"author":1,"featured_media":2049,"parent":474,"menu_order":0,"comment_status":"closed","ping_status":"closed","template":"","meta":{"footnotes":""},"class_list":["post-2182","page","type-page","status-publish","has-post-thumbnail","hentry"],"_links":{"self":[{"href":"https:\/\/kre-art.fr\/index.php\/wp-json\/wp\/v2\/pages\/2182","targetHints":{"allow":["GET"]}}],"collection":[{"href":"https:\/\/kre-art.fr\/index.php\/wp-json\/wp\/v2\/pages"}],"about":[{"href":"https:\/\/kre-art.fr\/index.php\/wp-json\/wp\/v2\/types\/page"}],"author":[{"embeddable":true,"href":"https:\/\/kre-art.fr\/index.php\/wp-json\/wp\/v2\/users\/1"}],"replies":[{"embeddable":true,"href":"https:\/\/kre-art.fr\/index.php\/wp-json\/wp\/v2\/comments?post=2182"}],"version-history":[{"count":7,"href":"https:\/\/kre-art.fr\/index.php\/wp-json\/wp\/v2\/pages\/2182\/revisions"}],"predecessor-version":[{"id":4017,"href":"https:\/\/kre-art.fr\/index.php\/wp-json\/wp\/v2\/pages\/2182\/revisions\/4017"}],"up":[{"embeddable":true,"href":"https:\/\/kre-art.fr\/index.php\/wp-json\/wp\/v2\/pages\/474"}],"wp:featuredmedia":[{"embeddable":true,"href":"https:\/\/kre-art.fr\/index.php\/wp-json\/wp\/v2\/media\/2049"}],"wp:attachment":[{"href":"https:\/\/kre-art.fr\/index.php\/wp-json\/wp\/v2\/media?parent=2182"}],"curies":[{"name":"wp","href":"https:\/\/api.w.org\/{rel}","templated":true}]}}