{"id":2264,"date":"2022-01-10T01:25:06","date_gmt":"2022-01-10T00:25:06","guid":{"rendered":"https:\/\/kre-art.fr\/?page_id=2264"},"modified":"2026-02-14T02:38:48","modified_gmt":"2026-02-14T01:38:48","slug":"mentions-legales","status":"publish","type":"page","link":"https:\/\/kre-art.fr\/index.php\/mentions-legales\/","title":{"rendered":"Mentions l\u00e9gales"},"content":{"rendered":"\n<p class=\"has-text-align-left\"><br>\u200b<br>Mentions l\u00e9gales \u2013 KRE-ART<\/p>\n\n\n\n<p>\u00c9diteur du site<\/p>\n\n\n\n<p>Nom commercial : KRE-ART<br>Statut : Entrepreneur individuel<br>SIRET : 887 839 009<br>Code APE : 6201Z \u2013 Programmation informatique<br>Adresse : 74910 SEYSSEL<br>Adresse professionnelle compl\u00e8te disponible sur demande<br>Pays : France<br>Email : contact@kre-art.fr<\/p>\n\n\n\n<p>Directeur de la publication<br>KATURKINA Alla<\/p>\n\n\n\n<p>H\u00e9bergeur<\/p>\n\n\n\n<p>OVH SAS<br>2 rue Kellermann<br>59100 Roubaix<br>France<br>T\u00e9l\u00e9phone : 1007<br>Site : www.ovh.com<\/p>\n\n\n\n<p>Propri\u00e9t\u00e9 intellectuelle<\/p>\n\n\n\n<p>L\u2019ensemble des contenus pr\u00e9sents sur le site (textes, visuels, illustrations, photographies, cr\u00e9ations artistiques, \u00e9l\u00e9ments graphiques, documents num\u00e9riques, guides, affiches, contenus g\u00e9n\u00e9r\u00e9s avec l\u2019aide d\u2019outils d\u2019intelligence artificielle, etc.) est la propri\u00e9t\u00e9 exclusive de KRE-ART sauf mention contraire.<\/p>\n\n\n\n<p>Toute reproduction, repr\u00e9sentation, modification, publication ou adaptation, totale ou partielle, est interdite sans autorisation \u00e9crite pr\u00e9alable.<\/p>\n\n\n\n<p>Responsabilit\u00e9<\/p>\n\n\n\n<p>Les informations diffus\u00e9es sur le site sont fournies \u00e0 titre informatif. KRE-ART ne saurait \u00eatre tenue responsable des erreurs, omissions ou d\u2019une mauvaise utilisation des informations fournies.<\/p>\n\n\n\n<p>Donn\u00e9es personnelles<\/p>\n\n\n\n<p>Les donn\u00e9es collect\u00e9es via le site (formulaire de contact, email, etc.) sont trait\u00e9es conform\u00e9ment \u00e0 la Politique de confidentialit\u00e9 disponible sur le site.<\/p>\n","protected":false},"excerpt":{"rendered":"<p>\u200bMentions l\u00e9gales \u2013 KRE-ART \u00c9diteur du site Nom commercial : KRE-ARTStatut : Entrepreneur individuelSIRET : 887 839 009Code APE : 6201Z \u2013 Programmation informatiqueAdresse : 74910 SEYSSELAdresse professionnelle compl\u00e8te disponible sur demandePays : FranceEmail : contact@kre-art.fr Directeur de la publicationKATURKINA Alla H\u00e9bergeur OVH SAS2 rue Kellermann59100 RoubaixFranceT\u00e9l\u00e9phone : 1007Site : &hellip;<\/p>\n","protected":false},"author":1,"featured_media":0,"parent":0,"menu_order":0,"comment_status":"closed","ping_status":"closed","template":"","meta":{"footnotes":""},"class_list":["post-2264","page","type-page","status-publish","hentry"],"_links":{"self":[{"href":"https:\/\/kre-art.fr\/index.php\/wp-json\/wp\/v2\/pages\/2264","targetHints":{"allow":["GET"]}}],"collection":[{"href":"https:\/\/kre-art.fr\/index.php\/wp-json\/wp\/v2\/pages"}],"about":[{"href":"https:\/\/kre-art.fr\/index.php\/wp-json\/wp\/v2\/types\/page"}],"author":[{"embeddable":true,"href":"https:\/\/kre-art.fr\/index.php\/wp-json\/wp\/v2\/users\/1"}],"replies":[{"embeddable":true,"href":"https:\/\/kre-art.fr\/index.php\/wp-json\/wp\/v2\/comments?post=2264"}],"version-history":[{"count":8,"href":"https:\/\/kre-art.fr\/index.php\/wp-json\/wp\/v2\/pages\/2264\/revisions"}],"predecessor-version":[{"id":4104,"href":"https:\/\/kre-art.fr\/index.php\/wp-json\/wp\/v2\/pages\/2264\/revisions\/4104"}],"wp:attachment":[{"href":"https:\/\/kre-art.fr\/index.php\/wp-json\/wp\/v2\/media?parent=2264"}],"curies":[{"name":"wp","href":"https:\/\/api.w.org\/{rel}","templated":true}]}}