{"id":274,"date":"2020-10-14T20:31:45","date_gmt":"2020-10-14T18:31:45","guid":{"rendered":"http:\/\/kre-art.fr\/?page_id=274"},"modified":"2024-01-27T16:58:29","modified_gmt":"2024-01-27T15:58:29","slug":"chansons","status":"publish","type":"page","link":"https:\/\/kre-art.fr\/index.php\/traductions\/chansons\/","title":{"rendered":"Chansons"},"content":{"rendered":"\n<p>Kre-Art traduit vos chansons russes ou anglaises, en fran\u00e7ais. Le temps de la traduction est d&#8217;une journ\u00e9e. Le prix est de 0.11 euros par mot. <\/p>\n\n\n\n<p>Pour plus d\u2019informations, devis gratuit ou pour toute question, n\u2019h\u00e9sitez pas \u00e0 me contacter via mon formulaire :\u00a0<a href=\"https:\/\/kre-art.fr\/index.php\/contact\/\">Contact<\/a>\u00a0<\/p>\n\n\n\n<p>Ci-dessous un exemple :<\/p>\n\n\n\n<p>Dana Sokolova \u00abLaisse-moi partir\u00bb<\/p>\n\n\n\n<p>J\u2019ai vol\u00e9e dans mes r\u00eaves<br>Dans un monde sans mal et sans peur.<br>Je ne sais pas comment mais il faut esp\u00e9rer<br>Trouver ce monde. &nbsp;<br><br>Trouver, trouver.<br><br>L\u00e0 o\u00f9 j\u2019ai habit\u00e9,<br>L\u00e0 o\u00f9 j\u2019\u00e9tais,<br>L\u00e0 o\u00f9 j\u2019ai grandi,<br>Je suis chez moi pour toujours.<br><br>L\u00e0 o\u00f9 j\u2019ai habit\u00e9,<br>L\u00e0 o\u00f9 j\u2019\u00e9tais,<br>L\u00e0 o\u00f9 j\u2019ai grandi,<br>Je suis chez moi<\/p>\n\n\n\n<p>Tu dois me laisser partir<br>Pour que je puisse continuer de chanter comme un oiseau<br>Et ne me retiens pas<br>Car je ne peux pas vivre m\u00eame jour<br>Dans la cage.<br>Je n&#8217;ai pens\u00e9 que de ma libert\u00e9<br>Je n&#8217;ai pas r\u00e9ussi<br>Je ne me suis pas attach\u00e9 \u00e0 toi.<br><br>Ce n\u2019est pas possible de m\u2019encha\u00eener<br>Car je brille comme une \u00e9toile dans le ciel.<br>Et je suis s\u00fbre que mon \u00e2me<br>L\u00e0 o\u00f9 j\u2019ai habit\u00e9,<br>L\u00e0 o\u00f9 j\u2019\u00e9tais,<br>L\u00e0 o\u00f9 j\u2019ai grandi,<br>Je suis chez moi pour toujours.<br><br>L\u00e0 o\u00f9 j\u2019ai habit\u00e9,<br>L\u00e0 o\u00f9 j\u2019\u00e9tais,<br>L\u00e0 o\u00f9 j\u2019ai grandi,<br>Je suis chez moi Tu dois me laisser partir<br>Pour que je puisse continuer de chanter comme un oiseau<br>Et ne me retiens pas<br>Car je ne peux pas vivre m\u00eame un jour<br>Dans la cage.<br>Je n&#8217;ai pens\u00e9 que de ma libert\u00e9<br>Je n&#8217;ai pas r\u00e9ussi<br>Je ne me suis pas attach\u00e9 \u00e0 toi.<br><br>Tu dois me laisser partir<br>Pour que je puisse continuer de chanter comme un oiseau<br>Et ne me retiens pas<br>Car je ne peux pas \u00eatre<br>Dans la cage.<br><br>Tu dois me laisser partir<br>Pour que je puisse continuer de chanter comme un oiseau<br>Et ne me retiens pas<br>Car je ne peux pas vivre m\u00eame un jour<br>Dans la cage.<br>J\u2019ai pens\u00e9 que de ma libert\u00e9<br>Je n&#8217;ai pas r\u00e9ussi<br>Je ne me suis pas attach\u00e9 \u00e0 toi.<\/p>\n","protected":false},"excerpt":{"rendered":"<p>Kre-Art traduit vos chansons russes ou anglaises, en fran\u00e7ais. Le temps de la traduction est d&#8217;une journ\u00e9e. Le prix est de 0.11 euros par mot. Pour plus d\u2019informations, devis gratuit ou pour toute question, n\u2019h\u00e9sitez pas \u00e0 me contacter via mon formulaire :\u00a0Contact\u00a0 Ci-dessous un exemple : Dana Sokolova \u00abLaisse-moi &hellip;<\/p>\n","protected":false},"author":1,"featured_media":538,"parent":126,"menu_order":10,"comment_status":"closed","ping_status":"closed","template":"","meta":{"footnotes":""},"class_list":["post-274","page","type-page","status-publish","has-post-thumbnail","hentry"],"_links":{"self":[{"href":"https:\/\/kre-art.fr\/index.php\/wp-json\/wp\/v2\/pages\/274","targetHints":{"allow":["GET"]}}],"collection":[{"href":"https:\/\/kre-art.fr\/index.php\/wp-json\/wp\/v2\/pages"}],"about":[{"href":"https:\/\/kre-art.fr\/index.php\/wp-json\/wp\/v2\/types\/page"}],"author":[{"embeddable":true,"href":"https:\/\/kre-art.fr\/index.php\/wp-json\/wp\/v2\/users\/1"}],"replies":[{"embeddable":true,"href":"https:\/\/kre-art.fr\/index.php\/wp-json\/wp\/v2\/comments?post=274"}],"version-history":[{"count":7,"href":"https:\/\/kre-art.fr\/index.php\/wp-json\/wp\/v2\/pages\/274\/revisions"}],"predecessor-version":[{"id":4038,"href":"https:\/\/kre-art.fr\/index.php\/wp-json\/wp\/v2\/pages\/274\/revisions\/4038"}],"up":[{"embeddable":true,"href":"https:\/\/kre-art.fr\/index.php\/wp-json\/wp\/v2\/pages\/126"}],"wp:featuredmedia":[{"embeddable":true,"href":"https:\/\/kre-art.fr\/index.php\/wp-json\/wp\/v2\/media\/538"}],"wp:attachment":[{"href":"https:\/\/kre-art.fr\/index.php\/wp-json\/wp\/v2\/media?parent=274"}],"curies":[{"name":"wp","href":"https:\/\/api.w.org\/{rel}","templated":true}]}}