{"id":280,"date":"2020-10-14T20:44:14","date_gmt":"2020-10-14T18:44:14","guid":{"rendered":"http:\/\/kre-art.fr\/?page_id=280"},"modified":"2024-01-27T16:59:18","modified_gmt":"2024-01-27T15:59:18","slug":"sur-demande","status":"publish","type":"page","link":"https:\/\/kre-art.fr\/index.php\/traductions\/sur-demande\/","title":{"rendered":"Sur demande"},"content":{"rendered":"\n<p>Kre-Art peut \u00e9galement faire les autres types de traduction de russe \/ anglais en fran\u00e7ais, ou de fran\u00e7ais en russe \/ anglais. <\/p>\n\n\n\n<p>Le temps de la traduction d\u00e9pend de la complexit\u00e9 du texte et de le quantit\u00e9 de mots. Le prix est 0.13 euros par mot (0.11 euros par mot pour la traduction de fran\u00e7ais en russe). <\/p>\n\n\n\n<p>Pour plus d\u2019informations, devis gratuit ou pour toute question, n\u2019h\u00e9sitez pas \u00e0 me contacter via mon formulaire :\u00a0<a href=\"https:\/\/kre-art.fr\/index.php\/contact\/\">Contact<\/a>\u00a0.<\/p>\n","protected":false},"excerpt":{"rendered":"<p>Kre-Art peut \u00e9galement faire les autres types de traduction de russe \/ anglais en fran\u00e7ais, ou de fran\u00e7ais en russe \/ anglais. Le temps de la traduction d\u00e9pend de la complexit\u00e9 du texte et de le quantit\u00e9 de mots. Le prix est 0.13 euros par mot (0.11 euros par mot &hellip;<\/p>\n","protected":false},"author":1,"featured_media":538,"parent":126,"menu_order":12,"comment_status":"closed","ping_status":"closed","template":"","meta":{"footnotes":""},"class_list":["post-280","page","type-page","status-publish","has-post-thumbnail","hentry"],"_links":{"self":[{"href":"https:\/\/kre-art.fr\/index.php\/wp-json\/wp\/v2\/pages\/280","targetHints":{"allow":["GET"]}}],"collection":[{"href":"https:\/\/kre-art.fr\/index.php\/wp-json\/wp\/v2\/pages"}],"about":[{"href":"https:\/\/kre-art.fr\/index.php\/wp-json\/wp\/v2\/types\/page"}],"author":[{"embeddable":true,"href":"https:\/\/kre-art.fr\/index.php\/wp-json\/wp\/v2\/users\/1"}],"replies":[{"embeddable":true,"href":"https:\/\/kre-art.fr\/index.php\/wp-json\/wp\/v2\/comments?post=280"}],"version-history":[{"count":5,"href":"https:\/\/kre-art.fr\/index.php\/wp-json\/wp\/v2\/pages\/280\/revisions"}],"predecessor-version":[{"id":4040,"href":"https:\/\/kre-art.fr\/index.php\/wp-json\/wp\/v2\/pages\/280\/revisions\/4040"}],"up":[{"embeddable":true,"href":"https:\/\/kre-art.fr\/index.php\/wp-json\/wp\/v2\/pages\/126"}],"wp:featuredmedia":[{"embeddable":true,"href":"https:\/\/kre-art.fr\/index.php\/wp-json\/wp\/v2\/media\/538"}],"wp:attachment":[{"href":"https:\/\/kre-art.fr\/index.php\/wp-json\/wp\/v2\/media?parent=280"}],"curies":[{"name":"wp","href":"https:\/\/api.w.org\/{rel}","templated":true}]}}