{"id":297,"date":"2020-10-14T21:24:59","date_gmt":"2020-10-14T19:24:59","guid":{"rendered":"http:\/\/kre-art.fr\/?page_id=297"},"modified":"2023-08-11T22:16:41","modified_gmt":"2023-08-11T20:16:41","slug":"gestion-de-contenu","status":"publish","type":"page","link":"https:\/\/kre-art.fr\/index.php\/webmastering\/gestion-de-contenu\/","title":{"rendered":"Gestion de contenu"},"content":{"rendered":"\n<p>Kre-Art cr\u00e9e votre site web en utilisant la plateforme WordPress. Le choix du th\u00e8me pour votre site internet,  la cr\u00e9ation du contenu, l&#8217;analyse des sites similaires et la documentation concernant l&#8217;utilisation du produit final sont inclus dans le prix. <\/p>\n\n\n\n<p>Pour plus d&#8217;informations, devis gratuit ou pour toute question, n&#8217;h\u00e9sitez pas \u00e0 me contacter via mon formulaire : <a href=\"https:\/\/kre-art.fr\/index.php\/contact\/\">Contact <\/a><\/p>\n","protected":false},"excerpt":{"rendered":"<p>Kre-Art cr\u00e9e votre site web en utilisant la plateforme WordPress. Le choix du th\u00e8me pour votre site internet, la cr\u00e9ation du contenu, l&#8217;analyse des sites similaires et la documentation concernant l&#8217;utilisation du produit final sont inclus dans le prix. Pour plus d&#8217;informations, devis gratuit ou pour toute question, n&#8217;h\u00e9sitez pas &hellip;<\/p>\n","protected":false},"author":1,"featured_media":537,"parent":140,"menu_order":13,"comment_status":"closed","ping_status":"closed","template":"","meta":{"footnotes":""},"class_list":["post-297","page","type-page","status-publish","has-post-thumbnail","hentry"],"_links":{"self":[{"href":"https:\/\/kre-art.fr\/index.php\/wp-json\/wp\/v2\/pages\/297","targetHints":{"allow":["GET"]}}],"collection":[{"href":"https:\/\/kre-art.fr\/index.php\/wp-json\/wp\/v2\/pages"}],"about":[{"href":"https:\/\/kre-art.fr\/index.php\/wp-json\/wp\/v2\/types\/page"}],"author":[{"embeddable":true,"href":"https:\/\/kre-art.fr\/index.php\/wp-json\/wp\/v2\/users\/1"}],"replies":[{"embeddable":true,"href":"https:\/\/kre-art.fr\/index.php\/wp-json\/wp\/v2\/comments?post=297"}],"version-history":[{"count":7,"href":"https:\/\/kre-art.fr\/index.php\/wp-json\/wp\/v2\/pages\/297\/revisions"}],"predecessor-version":[{"id":4012,"href":"https:\/\/kre-art.fr\/index.php\/wp-json\/wp\/v2\/pages\/297\/revisions\/4012"}],"up":[{"embeddable":true,"href":"https:\/\/kre-art.fr\/index.php\/wp-json\/wp\/v2\/pages\/140"}],"wp:featuredmedia":[{"embeddable":true,"href":"https:\/\/kre-art.fr\/index.php\/wp-json\/wp\/v2\/media\/537"}],"wp:attachment":[{"href":"https:\/\/kre-art.fr\/index.php\/wp-json\/wp\/v2\/media?parent=297"}],"curies":[{"name":"wp","href":"https:\/\/api.w.org\/{rel}","templated":true}]}}