{"id":3,"date":"2020-07-18T22:35:21","date_gmt":"2020-07-18T20:35:21","guid":{"rendered":"http:\/\/kre-art.fr\/?page_id=3"},"modified":"2026-02-14T02:39:32","modified_gmt":"2026-02-14T01:39:32","slug":"politique-de-confidentialite","status":"publish","type":"page","link":"https:\/\/kre-art.fr\/index.php\/politique-de-confidentialite\/","title":{"rendered":"Politique de confidentialit\u00e9"},"content":{"rendered":"\n<h2 class=\"wp-block-heading\">Politique de confidentialit\u00e9 \u2013 KRE-ART<\/h2>\n\n\n\n<ol class=\"wp-block-list\">\n<li>Responsable du traitement<\/li>\n<\/ol>\n\n\n\n<p>Le responsable du traitement des donn\u00e9es est : KATURKINA Alla<br>KRE-ART \u2013 Entrepreneur individuel<br>Email : contact@kre-art.fr<\/p>\n\n\n\n<ul class=\"wp-block-list\">\n<li>Donn\u00e9es collect\u00e9es<\/li>\n<\/ul>\n\n\n\n<p>Les donn\u00e9es susceptibles d\u2019\u00eatre collect\u00e9es sont :<\/p>\n\n\n\n<ul class=\"wp-block-list\">\n<li>Nom et pr\u00e9nom<\/li>\n\n\n\n<li>Adresse email<\/li>\n\n\n\n<li>Contenu du message envoy\u00e9 via le formulaire de contact<\/li>\n\n\n\n<li>Donn\u00e9es techniques (adresse IP, cookies si activ\u00e9s)<\/li>\n\n\n\n<li>Finalit\u00e9 de la collecte<\/li>\n<\/ul>\n\n\n\n<p>Les donn\u00e9es sont collect\u00e9es uniquement pour :<\/p>\n\n\n\n<ul class=\"wp-block-list\">\n<li>R\u00e9pondre aux demandes envoy\u00e9es via le site<\/li>\n\n\n\n<li>G\u00e9rer les \u00e9changes commerciaux<\/li>\n\n\n\n<li>\u00c9tablir des devis ou factures si n\u00e9cessaire<\/li>\n\n\n\n<li>Dur\u00e9e de conservation<\/li>\n<\/ul>\n\n\n\n<p>Les donn\u00e9es sont conserv\u00e9es uniquement le temps n\u00e9cessaire \u00e0 la gestion de la relation commerciale ou conform\u00e9ment aux obligations l\u00e9gales (facturation).<\/p>\n\n\n\n<ul class=\"wp-block-list\">\n<li>Partage des donn\u00e9es<\/li>\n<\/ul>\n\n\n\n<p>Les donn\u00e9es ne sont ni vendues ni c\u00e9d\u00e9es \u00e0 des tiers.<br>Elles peuvent \u00eatre trait\u00e9es par des prestataires techniques (h\u00e9bergeur OVH, services email, plateforme de paiement le cas \u00e9ch\u00e9ant).<\/p>\n\n\n\n<ul class=\"wp-block-list\">\n<li>Droits de l\u2019utilisateur<\/li>\n<\/ul>\n\n\n\n<p>Conform\u00e9ment au RGPD, vous disposez des droits suivants :<\/p>\n\n\n\n<ul class=\"wp-block-list\">\n<li>Droit d\u2019acc\u00e8s<\/li>\n\n\n\n<li>Droit de rectification<\/li>\n\n\n\n<li>Droit de suppression<\/li>\n\n\n\n<li>Droit d\u2019opposition<\/li>\n<\/ul>\n\n\n\n<p>Pour exercer ces droits : contact@kre-art.fr<\/p>\n\n\n\n<ul class=\"wp-block-list\">\n<li>Cookies<\/li>\n<\/ul>\n\n\n\n<p>Le site peut utiliser des cookies techniques n\u00e9cessaires \u00e0 son bon fonctionnement.<br>Un bandeau d\u2019information peut \u00eatre affich\u00e9 si des cookies non essentiels sont utilis\u00e9s.<\/p>\n","protected":false},"excerpt":{"rendered":"<p>Politique de confidentialit\u00e9 \u2013 KRE-ART Le responsable du traitement des donn\u00e9es est : KATURKINA AllaKRE-ART \u2013 Entrepreneur individuelEmail : contact@kre-art.fr Les donn\u00e9es susceptibles d\u2019\u00eatre collect\u00e9es sont : Les donn\u00e9es sont collect\u00e9es uniquement pour : Les donn\u00e9es sont conserv\u00e9es uniquement le temps n\u00e9cessaire \u00e0 la gestion de la relation commerciale ou &hellip;<\/p>\n","protected":false},"author":1,"featured_media":0,"parent":0,"menu_order":0,"comment_status":"closed","ping_status":"open","template":"","meta":{"footnotes":""},"class_list":["post-3","page","type-page","status-publish","hentry"],"_links":{"self":[{"href":"https:\/\/kre-art.fr\/index.php\/wp-json\/wp\/v2\/pages\/3","targetHints":{"allow":["GET"]}}],"collection":[{"href":"https:\/\/kre-art.fr\/index.php\/wp-json\/wp\/v2\/pages"}],"about":[{"href":"https:\/\/kre-art.fr\/index.php\/wp-json\/wp\/v2\/types\/page"}],"author":[{"embeddable":true,"href":"https:\/\/kre-art.fr\/index.php\/wp-json\/wp\/v2\/users\/1"}],"replies":[{"embeddable":true,"href":"https:\/\/kre-art.fr\/index.php\/wp-json\/wp\/v2\/comments?post=3"}],"version-history":[{"count":4,"href":"https:\/\/kre-art.fr\/index.php\/wp-json\/wp\/v2\/pages\/3\/revisions"}],"predecessor-version":[{"id":4105,"href":"https:\/\/kre-art.fr\/index.php\/wp-json\/wp\/v2\/pages\/3\/revisions\/4105"}],"wp:attachment":[{"href":"https:\/\/kre-art.fr\/index.php\/wp-json\/wp\/v2\/media?parent=3"}],"curies":[{"name":"wp","href":"https:\/\/api.w.org\/{rel}","templated":true}]}}