{"id":303,"date":"2020-10-14T21:35:15","date_gmt":"2020-10-14T19:35:15","guid":{"rendered":"http:\/\/kre-art.fr\/?page_id=303"},"modified":"2023-08-11T22:17:08","modified_gmt":"2023-08-11T20:17:08","slug":"logo","status":"publish","type":"page","link":"https:\/\/kre-art.fr\/index.php\/webmastering\/logo\/","title":{"rendered":"Logo"},"content":{"rendered":"\n<p class=\"has-text-align-center\">Kre-Art cr\u00e9e votre Logo en images vectorielles, JPEG, TIFF et PNG. Vous recevrez le produit final en diff\u00e9rentes r\u00e9solutions. Tarif \u00e0 partir de 150 euros jusqu&#8217;\u00e0 300 euros, le prix d\u00e9pend de la complexit\u00e9 du travail. <\/p>\n\n\n\n<p class=\"has-text-align-center\">Pour plus d\u2019informations, devis gratuit ou pour toute question, n\u2019h\u00e9sitez pas \u00e0 me contacter via mon formulaire :\u00a0<a href=\"https:\/\/kre-art.fr\/index.php\/contact\/\">Contact<\/a><\/p>\n\n\n\n<p class=\"has-text-align-center\">Quelques exemples de cr\u00e9ations de logos : <\/p>\n\n\n\n<figure class=\"wp-block-gallery has-nested-images columns-default wp-block-gallery-1 is-layout-flex wp-block-gallery-is-layout-flex\">\n<figure class=\"wp-block-image size-large\"><img loading=\"lazy\" decoding=\"async\" width=\"512\" height=\"308\" data-id=\"1596\" src=\"https:\/\/kre-art.fr\/wp-content\/uploads\/2021\/04\/logo-ultra-tour-des-departements.jpg\" alt=\"\" class=\"wp-image-1596\" srcset=\"https:\/\/kre-art.fr\/wp-content\/uploads\/2021\/04\/logo-ultra-tour-des-departements.jpg 512w, https:\/\/kre-art.fr\/wp-content\/uploads\/2021\/04\/logo-ultra-tour-des-departements-300x180.jpg 300w, https:\/\/kre-art.fr\/wp-content\/uploads\/2021\/04\/logo-ultra-tour-des-departements-499x300.jpg 499w\" sizes=\"auto, (max-width: 512px) 100vw, 512px\" \/><\/figure>\n\n\n\n<figure class=\"wp-block-image size-large\"><img loading=\"lazy\" decoding=\"async\" width=\"1024\" height=\"1024\" data-id=\"54\" src=\"https:\/\/kre-art.fr\/wp-content\/uploads\/2020\/08\/cropped-logo-fin-scaled-3-1024x1024.jpg\" alt=\"\" class=\"wp-image-54\" srcset=\"https:\/\/kre-art.fr\/wp-content\/uploads\/2020\/08\/cropped-logo-fin-scaled-3-1024x1024.jpg 1024w, https:\/\/kre-art.fr\/wp-content\/uploads\/2020\/08\/cropped-logo-fin-scaled-3-300x300.jpg 300w, https:\/\/kre-art.fr\/wp-content\/uploads\/2020\/08\/cropped-logo-fin-scaled-3-150x150.jpg 150w, https:\/\/kre-art.fr\/wp-content\/uploads\/2020\/08\/cropped-logo-fin-scaled-3-768x768.jpg 768w, https:\/\/kre-art.fr\/wp-content\/uploads\/2020\/08\/cropped-logo-fin-scaled-3-1536x1536.jpg 1536w, https:\/\/kre-art.fr\/wp-content\/uploads\/2020\/08\/cropped-logo-fin-scaled-3-2048x2048.jpg 2048w, https:\/\/kre-art.fr\/wp-content\/uploads\/2020\/08\/cropped-logo-fin-scaled-3-600x600.jpg 600w, https:\/\/kre-art.fr\/wp-content\/uploads\/2020\/08\/cropped-logo-fin-scaled-3-100x100.jpg 100w\" sizes=\"auto, (max-width: 1024px) 100vw, 1024px\" \/><\/figure>\n\n\n\n<figure class=\"wp-block-image size-large\"><img loading=\"lazy\" decoding=\"async\" width=\"1024\" height=\"492\" data-id=\"1598\" src=\"https:\/\/kre-art.fr\/wp-content\/uploads\/2021\/04\/association-des-fours-et-des-lavoirs-de-seyssel-1024x492.jpg\" alt=\"\" class=\"wp-image-1598\" srcset=\"https:\/\/kre-art.fr\/wp-content\/uploads\/2021\/04\/association-des-fours-et-des-lavoirs-de-seyssel-1024x492.jpg 1024w, https:\/\/kre-art.fr\/wp-content\/uploads\/2021\/04\/association-des-fours-et-des-lavoirs-de-seyssel-300x144.jpg 300w, https:\/\/kre-art.fr\/wp-content\/uploads\/2021\/04\/association-des-fours-et-des-lavoirs-de-seyssel-768x369.jpg 768w, https:\/\/kre-art.fr\/wp-content\/uploads\/2021\/04\/association-des-fours-et-des-lavoirs-de-seyssel-1536x738.jpg 1536w, https:\/\/kre-art.fr\/wp-content\/uploads\/2021\/04\/association-des-fours-et-des-lavoirs-de-seyssel-2048x984.jpg 2048w, https:\/\/kre-art.fr\/wp-content\/uploads\/2021\/04\/association-des-fours-et-des-lavoirs-de-seyssel-626x300.jpg 626w, https:\/\/kre-art.fr\/wp-content\/uploads\/2021\/04\/association-des-fours-et-des-lavoirs-de-seyssel-600x288.jpg 600w\" sizes=\"auto, (max-width: 1024px) 100vw, 1024px\" \/><\/figure>\n<\/figure>\n\n\n\n<p>Logo pour Ultra Tour des D\u00e9partements, Kre-Art et Association des Fours et des Lavoirs de Seyssel (de gauche \u00e0 droite).<\/p>\n","protected":false},"excerpt":{"rendered":"<p>Kre-Art cr\u00e9e votre Logo en images vectorielles, JPEG, TIFF et PNG. Vous recevrez le produit final en diff\u00e9rentes r\u00e9solutions. Tarif \u00e0 partir de 150 euros jusqu&#8217;\u00e0 300 euros, le prix d\u00e9pend de la complexit\u00e9 du travail. Pour plus d\u2019informations, devis gratuit ou pour toute question, n\u2019h\u00e9sitez pas \u00e0 me contacter &hellip;<\/p>\n","protected":false},"author":1,"featured_media":537,"parent":140,"menu_order":14,"comment_status":"closed","ping_status":"closed","template":"","meta":{"footnotes":""},"class_list":["post-303","page","type-page","status-publish","has-post-thumbnail","hentry"],"_links":{"self":[{"href":"https:\/\/kre-art.fr\/index.php\/wp-json\/wp\/v2\/pages\/303","targetHints":{"allow":["GET"]}}],"collection":[{"href":"https:\/\/kre-art.fr\/index.php\/wp-json\/wp\/v2\/pages"}],"about":[{"href":"https:\/\/kre-art.fr\/index.php\/wp-json\/wp\/v2\/types\/page"}],"author":[{"embeddable":true,"href":"https:\/\/kre-art.fr\/index.php\/wp-json\/wp\/v2\/users\/1"}],"replies":[{"embeddable":true,"href":"https:\/\/kre-art.fr\/index.php\/wp-json\/wp\/v2\/comments?post=303"}],"version-history":[{"count":9,"href":"https:\/\/kre-art.fr\/index.php\/wp-json\/wp\/v2\/pages\/303\/revisions"}],"predecessor-version":[{"id":4013,"href":"https:\/\/kre-art.fr\/index.php\/wp-json\/wp\/v2\/pages\/303\/revisions\/4013"}],"up":[{"embeddable":true,"href":"https:\/\/kre-art.fr\/index.php\/wp-json\/wp\/v2\/pages\/140"}],"wp:featuredmedia":[{"embeddable":true,"href":"https:\/\/kre-art.fr\/index.php\/wp-json\/wp\/v2\/media\/537"}],"wp:attachment":[{"href":"https:\/\/kre-art.fr\/index.php\/wp-json\/wp\/v2\/media?parent=303"}],"curies":[{"name":"wp","href":"https:\/\/api.w.org\/{rel}","templated":true}]}}