{"id":325,"date":"2020-10-14T22:02:50","date_gmt":"2020-10-14T20:02:50","guid":{"rendered":"http:\/\/kre-art.fr\/?page_id=325"},"modified":"2023-08-11T22:20:58","modified_gmt":"2023-08-11T20:20:58","slug":"service-de-guide","status":"publish","type":"page","link":"https:\/\/kre-art.fr\/index.php\/voyages\/service-de-guide\/","title":{"rendered":"Service de guide"},"content":{"rendered":"\n<p class=\"has-text-align-center\">Avez-vous pr\u00e9vu de :<br>\u272d visiter les 2 Seyssel (Haute-Savoie et Ain) et ses cascades aux alentours,<br>\u272d vous balader au Mont des Princes,<br>\u272d aller au Grand Colombier, ou au Col de la Biche (Sur Lyand)<br>\u272d vous promenez \u00e0 Chanaz,<br>\u272d visiter la grotte aux F\u00e9es \u00e0 c\u00f4t\u00e9 d&#8217;Aix-les-Bains<br>Avez-vous besoin d&#8217;\u00eatre accompagn\u00e9 par une guide (en anglais, en fran\u00e7ais, en russe) ?<br>Si la r\u00e9ponse est oui \u2013 N\u2019h\u00e9sitez pas \u00e0 me contacter via mon formulaire de\u00a0<a href=\"https:\/\/kre-art.fr\/index.php\/contact\/\">Contact<\/a>\u00a0pour savoir la disponibilit\u00e9 et l\u2019estimation du prix. <\/p>\n\n\n\n<p class=\"has-text-align-center\">Le prix standard pour une heure, du lundi au vendredi, est de 60 euros. Possibilit\u00e9 de pr\u00e9parer un programme personnalis\u00e9.<\/p>\n","protected":false},"excerpt":{"rendered":"<p>Avez-vous pr\u00e9vu de :\u272d visiter les 2 Seyssel (Haute-Savoie et Ain) et ses cascades aux alentours,\u272d vous balader au Mont des Princes,\u272d aller au Grand Colombier, ou au Col de la Biche (Sur Lyand)\u272d vous promenez \u00e0 Chanaz,\u272d visiter la grotte aux F\u00e9es \u00e0 c\u00f4t\u00e9 d&#8217;Aix-les-BainsAvez-vous besoin d&#8217;\u00eatre accompagn\u00e9 par &hellip;<\/p>\n","protected":false},"author":1,"featured_media":240,"parent":143,"menu_order":17,"comment_status":"closed","ping_status":"closed","template":"","meta":{"footnotes":""},"class_list":["post-325","page","type-page","status-publish","has-post-thumbnail","hentry"],"_links":{"self":[{"href":"https:\/\/kre-art.fr\/index.php\/wp-json\/wp\/v2\/pages\/325","targetHints":{"allow":["GET"]}}],"collection":[{"href":"https:\/\/kre-art.fr\/index.php\/wp-json\/wp\/v2\/pages"}],"about":[{"href":"https:\/\/kre-art.fr\/index.php\/wp-json\/wp\/v2\/types\/page"}],"author":[{"embeddable":true,"href":"https:\/\/kre-art.fr\/index.php\/wp-json\/wp\/v2\/users\/1"}],"replies":[{"embeddable":true,"href":"https:\/\/kre-art.fr\/index.php\/wp-json\/wp\/v2\/comments?post=325"}],"version-history":[{"count":9,"href":"https:\/\/kre-art.fr\/index.php\/wp-json\/wp\/v2\/pages\/325\/revisions"}],"predecessor-version":[{"id":4015,"href":"https:\/\/kre-art.fr\/index.php\/wp-json\/wp\/v2\/pages\/325\/revisions\/4015"}],"up":[{"embeddable":true,"href":"https:\/\/kre-art.fr\/index.php\/wp-json\/wp\/v2\/pages\/143"}],"wp:featuredmedia":[{"embeddable":true,"href":"https:\/\/kre-art.fr\/index.php\/wp-json\/wp\/v2\/media\/240"}],"wp:attachment":[{"href":"https:\/\/kre-art.fr\/index.php\/wp-json\/wp\/v2\/media?parent=325"}],"curies":[{"name":"wp","href":"https:\/\/api.w.org\/{rel}","templated":true}]}}