{"id":370,"date":"2020-10-14T22:37:30","date_gmt":"2020-10-14T20:37:30","guid":{"rendered":"http:\/\/kre-art.fr\/?page_id=370"},"modified":"2021-04-10T00:36:07","modified_gmt":"2021-04-09T22:36:07","slug":"lecture","status":"publish","type":"page","link":"https:\/\/kre-art.fr\/index.php\/creations\/lecture\/","title":{"rendered":"Lecture"},"content":{"rendered":"\n<p class=\"has-text-align-center has-accent-1-color has-text-color\">Ledi Fiona &#8220;Dans notre \u00e9trange conte de f\u00e9es erron\u00e9&#8221; par Kre-Art<\/p>\n\n\n\n<figure class=\"wp-block-audio\"><audio controls src=\"https:\/\/kre-art.fr\/wp-content\/uploads\/2021\/04\/Kre-Art-ledi-fiona-Dans-notre-etrange-conte-de-fees-errone.mp3\"><\/audio><\/figure>\n\n\n\n<p class=\"has-text-align-center has-accent-1-color has-text-color\">Ah Astakhova &#8220;Si l&#8217;\u00e2me est vide&#8221; par Kre-Art<\/p>\n\n\n\n<figure class=\"wp-block-audio\"><audio controls src=\"https:\/\/kre-art.fr\/wp-content\/uploads\/2021\/04\/Kre-Art-Ah-Astakhova-si-lame-est-vide.mp3\"><\/audio><\/figure>\n\n\n\n<p class=\"has-text-align-center has-accent-1-color has-text-color\">Oksana Melnikova &#8220;Toutes les phrases importantes doivent \u00eatre dites \u00e0 voix basse&#8221; par Kre-Art<\/p>\n\n\n\n<figure class=\"wp-block-audio\"><audio controls src=\"https:\/\/kre-art.fr\/wp-content\/uploads\/2021\/04\/Kre-Art-Oksana-Melnikova-Toutes-les-phrases-importantes-doivent-etre-dites-a-voix-basse.mp3\"><\/audio><\/figure>\n","protected":false},"excerpt":{"rendered":"<p>Ledi Fiona &#8220;Dans notre \u00e9trange conte de f\u00e9es erron\u00e9&#8221; par Kre-Art Ah Astakhova &#8220;Si l&#8217;\u00e2me est vide&#8221; par Kre-Art Oksana Melnikova &#8220;Toutes les phrases importantes doivent \u00eatre dites \u00e0 voix basse&#8221; par Kre-Art<\/p>\n","protected":false},"author":1,"featured_media":542,"parent":149,"menu_order":23,"comment_status":"closed","ping_status":"closed","template":"","meta":{"footnotes":""},"class_list":["post-370","page","type-page","status-publish","has-post-thumbnail","hentry"],"_links":{"self":[{"href":"https:\/\/kre-art.fr\/index.php\/wp-json\/wp\/v2\/pages\/370","targetHints":{"allow":["GET"]}}],"collection":[{"href":"https:\/\/kre-art.fr\/index.php\/wp-json\/wp\/v2\/pages"}],"about":[{"href":"https:\/\/kre-art.fr\/index.php\/wp-json\/wp\/v2\/types\/page"}],"author":[{"embeddable":true,"href":"https:\/\/kre-art.fr\/index.php\/wp-json\/wp\/v2\/users\/1"}],"replies":[{"embeddable":true,"href":"https:\/\/kre-art.fr\/index.php\/wp-json\/wp\/v2\/comments?post=370"}],"version-history":[{"count":2,"href":"https:\/\/kre-art.fr\/index.php\/wp-json\/wp\/v2\/pages\/370\/revisions"}],"predecessor-version":[{"id":1684,"href":"https:\/\/kre-art.fr\/index.php\/wp-json\/wp\/v2\/pages\/370\/revisions\/1684"}],"up":[{"embeddable":true,"href":"https:\/\/kre-art.fr\/index.php\/wp-json\/wp\/v2\/pages\/149"}],"wp:featuredmedia":[{"embeddable":true,"href":"https:\/\/kre-art.fr\/index.php\/wp-json\/wp\/v2\/media\/542"}],"wp:attachment":[{"href":"https:\/\/kre-art.fr\/index.php\/wp-json\/wp\/v2\/media?parent=370"}],"curies":[{"name":"wp","href":"https:\/\/api.w.org\/{rel}","templated":true}]}}