{"id":373,"date":"2020-10-14T22:39:12","date_gmt":"2020-10-14T20:39:12","guid":{"rendered":"http:\/\/kre-art.fr\/?page_id=373"},"modified":"2021-04-24T23:24:51","modified_gmt":"2021-04-24T21:24:51","slug":"mes-poesies","status":"publish","type":"page","link":"https:\/\/kre-art.fr\/index.php\/creations\/mes-poesies\/","title":{"rendered":"Mes po\u00e9sies"},"content":{"rendered":"\n<p><\/p>\n\n\n\n<div class=\"wp-block-columns is-layout-flex wp-container-core-columns-is-layout-1 wp-block-columns-is-layout-flex\">\n<div class=\"wp-block-column is-layout-flow wp-block-column-is-layout-flow\">\n<p>M\u00eame si le regard est froid,<br>Et que la vie n&#8217;a aucun sens, <br>Je te trouverai,<br>Quand je n&#8217;aurai plus de larmes !<br>Kre-Art<\/p>\n<\/div>\n\n\n\n<div class=\"wp-block-column is-layout-flow wp-block-column-is-layout-flow\">\n<p>Des livres et des destins,<br>Ont trop de ressemblances !<br>Des h\u00e9ros et des gens <br>Ont trop de ressemblances !<br>Les m\u00eame secrets,<br>Le m\u00eame amour, <br>Une seule diff\u00e9rence &#8211; <br>C&#8217;est r\u00e9el, toujours,<br>Il y a la nostalgie et la tristesse,<br>Il y a le bonheur illimit\u00e9<br>Il y a le mal et le chagrin aussi<br>Mais sans larmes infinies !<br>Kre-Art 3.02.2006<\/p>\n<\/div>\n\n\n\n<div class=\"wp-block-column is-layout-flow wp-block-column-is-layout-flow\">\n<p>Elle est ton amie,  tu sais .<br>Il n&#8217;y a personne de plus proche qu&#8217;elle<br>Tu sais que tu l&#8217;appr\u00e9cies, <br>Mais tu la blesses quand m\u00eame. <br>Tu sais tout toi-m\u00eame<br>Mais c&#8217;est elle qui demande de se faire pardonner !<br>Kre-Art 15.03.2005<\/p>\n<\/div>\n<\/div>\n","protected":false},"excerpt":{"rendered":"<p>M\u00eame si le regard est froid,Et que la vie n&#8217;a aucun sens, Je te trouverai,Quand je n&#8217;aurai plus de larmes !Kre-Art Des livres et des destins,Ont trop de ressemblances !Des h\u00e9ros et des gens Ont trop de ressemblances !Les m\u00eame secrets,Le m\u00eame amour, Une seule diff\u00e9rence &#8211; C&#8217;est r\u00e9el, toujours,Il &hellip;<\/p>\n","protected":false},"author":1,"featured_media":542,"parent":149,"menu_order":24,"comment_status":"closed","ping_status":"closed","template":"","meta":{"footnotes":""},"class_list":["post-373","page","type-page","status-publish","has-post-thumbnail","hentry"],"_links":{"self":[{"href":"https:\/\/kre-art.fr\/index.php\/wp-json\/wp\/v2\/pages\/373","targetHints":{"allow":["GET"]}}],"collection":[{"href":"https:\/\/kre-art.fr\/index.php\/wp-json\/wp\/v2\/pages"}],"about":[{"href":"https:\/\/kre-art.fr\/index.php\/wp-json\/wp\/v2\/types\/page"}],"author":[{"embeddable":true,"href":"https:\/\/kre-art.fr\/index.php\/wp-json\/wp\/v2\/users\/1"}],"replies":[{"embeddable":true,"href":"https:\/\/kre-art.fr\/index.php\/wp-json\/wp\/v2\/comments?post=373"}],"version-history":[{"count":7,"href":"https:\/\/kre-art.fr\/index.php\/wp-json\/wp\/v2\/pages\/373\/revisions"}],"predecessor-version":[{"id":2013,"href":"https:\/\/kre-art.fr\/index.php\/wp-json\/wp\/v2\/pages\/373\/revisions\/2013"}],"up":[{"embeddable":true,"href":"https:\/\/kre-art.fr\/index.php\/wp-json\/wp\/v2\/pages\/149"}],"wp:featuredmedia":[{"embeddable":true,"href":"https:\/\/kre-art.fr\/index.php\/wp-json\/wp\/v2\/media\/542"}],"wp:attachment":[{"href":"https:\/\/kre-art.fr\/index.php\/wp-json\/wp\/v2\/media?parent=373"}],"curies":[{"name":"wp","href":"https:\/\/api.w.org\/{rel}","templated":true}]}}