{"id":378,"date":"2020-10-14T22:40:55","date_gmt":"2020-10-14T20:40:55","guid":{"rendered":"http:\/\/kre-art.fr\/?page_id=378"},"modified":"2022-05-13T17:39:16","modified_gmt":"2022-05-13T15:39:16","slug":"piano","status":"publish","type":"page","link":"https:\/\/kre-art.fr\/index.php\/creations\/piano\/","title":{"rendered":"Piano"},"content":{"rendered":"\n<p class=\"has-text-align-center\">La galaxie piano \ud83c\udfb9<br>Je suis n\u00e9e dans une famille tr\u00e8s musicale : ma grand-m\u00e8re chantait, mon grand-p\u00e8re \u00e9tait professeur d&#8217;accord\u00e9on, ma m\u00e8re professeure du solf\u00e8ge, litt\u00e9rature musicale et piano.<br>Donc quoi de plus naturel que de me retrouver avec des instruments musicaux.<br>Au d\u00e9but je voulais apprendre la batterie, mais avec ma m\u00e8re nous avons finalement choisi les cours de piano (7 ann\u00e9es). J&#8217;ai \u00e9galement fait une ann\u00e9e d&#8217;harpe.<br>D\u00e9sormais, je ne joue que les choses qui me font plaisir ; la musique a un incroyable pouvoir de transmission et permet d&#8217;exprimer toutes les \u00e9motions.<\/p>\n\n\n\n<p class=\"has-text-align-center has-accent-1-color has-text-color\">Kre Art Elvira T \u00abTaxi\u00bb<\/p>\n\n\n\n<figure class=\"wp-block-video aligncenter\"><video controls src=\"https:\/\/kre-art.fr\/wp-content\/uploads\/2021\/04\/Kre-Art-Elvira-T-taxi-1.mp4\"><\/video><\/figure>\n\n\n\n<p class=\"has-text-align-center has-accent-1-color has-text-color\">Kre Art \u00abRequiem for a dream\u00bb<\/p>\n\n\n\n<figure class=\"wp-block-video aligncenter\"><video controls src=\"https:\/\/kre-art.fr\/wp-content\/uploads\/2021\/04\/Kre-Art-requiem-for-a-dream.mp4\"><\/video><\/figure>\n\n\n\n<p class=\"has-text-align-center has-accent-1-color has-text-color\">Kre Art Lara Fabian \u00abJe t\u2019aime\u00bb<\/p>\n\n\n\n<figure class=\"wp-block-video aligncenter\"><video controls src=\"https:\/\/kre-art.fr\/wp-content\/uploads\/2021\/04\/Kre-Art-Lara-Fabian-Je-taime.mp4\"><\/video><\/figure>\n","protected":false},"excerpt":{"rendered":"<p>La galaxie piano \ud83c\udfb9Je suis n\u00e9e dans une famille tr\u00e8s musicale : ma grand-m\u00e8re chantait, mon grand-p\u00e8re \u00e9tait professeur d&#8217;accord\u00e9on, ma m\u00e8re professeure du solf\u00e8ge, litt\u00e9rature musicale et piano.Donc quoi de plus naturel que de me retrouver avec des instruments musicaux.Au d\u00e9but je voulais apprendre la batterie, mais avec ma &hellip;<\/p>\n","protected":false},"author":1,"featured_media":542,"parent":149,"menu_order":26,"comment_status":"closed","ping_status":"closed","template":"","meta":{"footnotes":""},"class_list":["post-378","page","type-page","status-publish","has-post-thumbnail","hentry"],"_links":{"self":[{"href":"https:\/\/kre-art.fr\/index.php\/wp-json\/wp\/v2\/pages\/378","targetHints":{"allow":["GET"]}}],"collection":[{"href":"https:\/\/kre-art.fr\/index.php\/wp-json\/wp\/v2\/pages"}],"about":[{"href":"https:\/\/kre-art.fr\/index.php\/wp-json\/wp\/v2\/types\/page"}],"author":[{"embeddable":true,"href":"https:\/\/kre-art.fr\/index.php\/wp-json\/wp\/v2\/users\/1"}],"replies":[{"embeddable":true,"href":"https:\/\/kre-art.fr\/index.php\/wp-json\/wp\/v2\/comments?post=378"}],"version-history":[{"count":4,"href":"https:\/\/kre-art.fr\/index.php\/wp-json\/wp\/v2\/pages\/378\/revisions"}],"predecessor-version":[{"id":2621,"href":"https:\/\/kre-art.fr\/index.php\/wp-json\/wp\/v2\/pages\/378\/revisions\/2621"}],"up":[{"embeddable":true,"href":"https:\/\/kre-art.fr\/index.php\/wp-json\/wp\/v2\/pages\/149"}],"wp:featuredmedia":[{"embeddable":true,"href":"https:\/\/kre-art.fr\/index.php\/wp-json\/wp\/v2\/media\/542"}],"wp:attachment":[{"href":"https:\/\/kre-art.fr\/index.php\/wp-json\/wp\/v2\/media?parent=378"}],"curies":[{"name":"wp","href":"https:\/\/api.w.org\/{rel}","templated":true}]}}