{"id":380,"date":"2020-10-14T22:42:03","date_gmt":"2020-10-14T20:42:03","guid":{"rendered":"http:\/\/kre-art.fr\/?page_id=380"},"modified":"2022-05-13T17:40:03","modified_gmt":"2022-05-13T15:40:03","slug":"chant","status":"publish","type":"page","link":"https:\/\/kre-art.fr\/index.php\/creations\/chant\/","title":{"rendered":"Chant"},"content":{"rendered":"\n<p class=\"has-text-align-center\">La galaxie chante \ud83c\udfa4<br>Toute mon enfance a \u00e9t\u00e9 berc\u00e9e par une voix incroyable, celle de ma grand-m\u00e8re. Je r\u00eavais de chanter comme elle, et j&#8217;ai m\u00eame pris des cours de chant.<br>Je continue de chanter pour moi-m\u00eame, une belle mani\u00e8re d&#8217;am\u00e9liorer mes connaissances des langues \u00e9trang\u00e8res.<\/p>\n\n\n\n<p class=\"has-text-align-center has-accent-1-color has-text-color\">Alexey Bankes \u2013 \u201cCombien de fum\u00e9e \u00e0 l&#8217;int\u00e9rieur\u201d  par Kre-Art<\/p>\n\n\n\n<figure class=\"wp-block-audio\"><audio controls src=\"https:\/\/kre-art.fr\/wp-content\/uploads\/2021\/04\/kre-art-combien-du-fumee-a-interieur.mp3\"><\/audio><\/figure>\n","protected":false},"excerpt":{"rendered":"<p>La galaxie chante \ud83c\udfa4Toute mon enfance a \u00e9t\u00e9 berc\u00e9e par une voix incroyable, celle de ma grand-m\u00e8re. Je r\u00eavais de chanter comme elle, et j&#8217;ai m\u00eame pris des cours de chant.Je continue de chanter pour moi-m\u00eame, une belle mani\u00e8re d&#8217;am\u00e9liorer mes connaissances des langues \u00e9trang\u00e8res. Alexey Bankes \u2013 \u201cCombien de &hellip;<\/p>\n","protected":false},"author":1,"featured_media":542,"parent":149,"menu_order":27,"comment_status":"closed","ping_status":"closed","template":"","meta":{"footnotes":""},"class_list":["post-380","page","type-page","status-publish","has-post-thumbnail","hentry"],"_links":{"self":[{"href":"https:\/\/kre-art.fr\/index.php\/wp-json\/wp\/v2\/pages\/380","targetHints":{"allow":["GET"]}}],"collection":[{"href":"https:\/\/kre-art.fr\/index.php\/wp-json\/wp\/v2\/pages"}],"about":[{"href":"https:\/\/kre-art.fr\/index.php\/wp-json\/wp\/v2\/types\/page"}],"author":[{"embeddable":true,"href":"https:\/\/kre-art.fr\/index.php\/wp-json\/wp\/v2\/users\/1"}],"replies":[{"embeddable":true,"href":"https:\/\/kre-art.fr\/index.php\/wp-json\/wp\/v2\/comments?post=380"}],"version-history":[{"count":4,"href":"https:\/\/kre-art.fr\/index.php\/wp-json\/wp\/v2\/pages\/380\/revisions"}],"predecessor-version":[{"id":2622,"href":"https:\/\/kre-art.fr\/index.php\/wp-json\/wp\/v2\/pages\/380\/revisions\/2622"}],"up":[{"embeddable":true,"href":"https:\/\/kre-art.fr\/index.php\/wp-json\/wp\/v2\/pages\/149"}],"wp:featuredmedia":[{"embeddable":true,"href":"https:\/\/kre-art.fr\/index.php\/wp-json\/wp\/v2\/media\/542"}],"wp:attachment":[{"href":"https:\/\/kre-art.fr\/index.php\/wp-json\/wp\/v2\/media?parent=380"}],"curies":[{"name":"wp","href":"https:\/\/api.w.org\/{rel}","templated":true}]}}