{"id":431,"date":"2020-10-15T21:25:03","date_gmt":"2020-10-15T19:25:03","guid":{"rendered":"http:\/\/kre-art.fr\/?page_id=431"},"modified":"2023-08-11T23:14:24","modified_gmt":"2023-08-11T21:14:24","slug":"decoration-de-noel","status":"publish","type":"page","link":"https:\/\/kre-art.fr\/index.php\/boutique\/decoration-de-noel\/","title":{"rendered":"D\u00e9coration de No\u00ebl"},"content":{"rendered":"\n<div class=\"wp-block-media-text alignwide is-stacked-on-mobile\"><figure class=\"wp-block-media-text__media\"><img loading=\"lazy\" decoding=\"async\" width=\"768\" height=\"1024\" src=\"https:\/\/kre-art.fr\/wp-content\/uploads\/2021\/04\/Kre-Art-Decoration-de-Noel-chien-768x1024.jpg\" alt=\"\" class=\"wp-image-1790 size-full\" srcset=\"https:\/\/kre-art.fr\/wp-content\/uploads\/2021\/04\/Kre-Art-Decoration-de-Noel-chien-768x1024.jpg 768w, https:\/\/kre-art.fr\/wp-content\/uploads\/2021\/04\/Kre-Art-Decoration-de-Noel-chien-225x300.jpg 225w, https:\/\/kre-art.fr\/wp-content\/uploads\/2021\/04\/Kre-Art-Decoration-de-Noel-chien-1152x1536.jpg 1152w, https:\/\/kre-art.fr\/wp-content\/uploads\/2021\/04\/Kre-Art-Decoration-de-Noel-chien-1536x2048.jpg 1536w, https:\/\/kre-art.fr\/wp-content\/uploads\/2021\/04\/Kre-Art-Decoration-de-Noel-chien-600x800.jpg 600w, https:\/\/kre-art.fr\/wp-content\/uploads\/2021\/04\/Kre-Art-Decoration-de-Noel-chien-scaled.jpg 1920w\" sizes=\"auto, (max-width: 768px) 100vw, 768px\" \/><\/figure><div class=\"wp-block-media-text__content\">\n<p class=\"has-text-align-left has-large-font-size\">Kre-Art cr\u00e9e des d\u00e9corations de No\u00ebl avec des animaux en p\u00e2te polym\u00e8re FIMO.<br>Le prix est de 8 euros.<br>Kre-Art peut aussi cr\u00e9er des d\u00e9corations de No\u00ebl sur demande. Le prix restera le m\u00eame.<br>N\u2019h\u00e9sitez pas \u00e0 me contacter via mon formulaire de\u00a0<a href=\"https:\/\/kre-art.fr\/index.php\/contact\/\">Contact<\/a>\u00a0pour effectuer la commande, et d\u00e9finir le mode de livraison.<br>La livraison en France s&#8217;effectue par La Poste, le prix de la livraison d\u00e9pend du poids, le prix minimum est de 4 euros.<br>Possibilit\u00e9 d\u2019ajouter 1 \u00e0 3 cristaux Swarovski (la quantit\u00e9 des cristaux d\u00e9pend du type de figurine). Co\u00fbt de 1 euro en suppl\u00e9ment.<br>NB: Les produits faits en p\u00e2te polym\u00e8re FIMO sont tr\u00e8s fragiles et n\u00e9cessitent beaucoup de pr\u00e9caution.<\/p>\n<\/div><\/div>\n\n\n\n<p><\/p>\n\n\n\n<p class=\"has-text-align-center has-accent-1-color has-text-color\"> D\u00e9coration de No\u00ebl &#8211; Chat Kre-Art <\/p>\n\n\n<div class=\"wp-block-image\">\n<figure class=\"aligncenter size-large is-resized\"><img loading=\"lazy\" decoding=\"async\" src=\"https:\/\/kre-art.fr\/wp-content\/uploads\/2022\/01\/Kre-Art-Decoration-de-Noel-chat-1024x1024.jpg\" alt=\"\" class=\"wp-image-2304\" width=\"512\" height=\"512\" srcset=\"https:\/\/kre-art.fr\/wp-content\/uploads\/2022\/01\/Kre-Art-Decoration-de-Noel-chat-1024x1024.jpg 1024w, https:\/\/kre-art.fr\/wp-content\/uploads\/2022\/01\/Kre-Art-Decoration-de-Noel-chat-300x300.jpg 300w, https:\/\/kre-art.fr\/wp-content\/uploads\/2022\/01\/Kre-Art-Decoration-de-Noel-chat-150x150.jpg 150w, https:\/\/kre-art.fr\/wp-content\/uploads\/2022\/01\/Kre-Art-Decoration-de-Noel-chat-768x768.jpg 768w, https:\/\/kre-art.fr\/wp-content\/uploads\/2022\/01\/Kre-Art-Decoration-de-Noel-chat-1536x1536.jpg 1536w, https:\/\/kre-art.fr\/wp-content\/uploads\/2022\/01\/Kre-Art-Decoration-de-Noel-chat-2048x2048.jpg 2048w, https:\/\/kre-art.fr\/wp-content\/uploads\/2022\/01\/Kre-Art-Decoration-de-Noel-chat-600x600.jpg 600w, https:\/\/kre-art.fr\/wp-content\/uploads\/2022\/01\/Kre-Art-Decoration-de-Noel-chat-100x100.jpg 100w\" sizes=\"auto, (max-width: 512px) 100vw, 512px\" \/><figcaption class=\"wp-element-caption\">2.5 cm x 3 cm x 1.5 cm<\/figcaption><\/figure><\/div>\n\n\n<p class=\"has-text-align-center has-accent-1-color has-text-color\">D\u00e9coration de No\u00ebl &#8211; Chien Kre-Art<\/p>\n\n\n\n<figure class=\"wp-block-gallery has-nested-images columns-default is-cropped wp-block-gallery-1 is-layout-flex wp-block-gallery-is-layout-flex\">\n<figure class=\"wp-block-image size-large\"><img loading=\"lazy\" decoding=\"async\" width=\"1024\" height=\"809\" data-id=\"1791\" src=\"https:\/\/kre-art.fr\/wp-content\/uploads\/2021\/04\/Kre-Art-Decoration-de-Noel-chien-1-1024x809.jpg\" alt=\"\" class=\"wp-image-1791\" srcset=\"https:\/\/kre-art.fr\/wp-content\/uploads\/2021\/04\/Kre-Art-Decoration-de-Noel-chien-1-1024x809.jpg 1024w, https:\/\/kre-art.fr\/wp-content\/uploads\/2021\/04\/Kre-Art-Decoration-de-Noel-chien-1-300x237.jpg 300w, https:\/\/kre-art.fr\/wp-content\/uploads\/2021\/04\/Kre-Art-Decoration-de-Noel-chien-1-768x607.jpg 768w, https:\/\/kre-art.fr\/wp-content\/uploads\/2021\/04\/Kre-Art-Decoration-de-Noel-chien-1-1536x1214.jpg 1536w, https:\/\/kre-art.fr\/wp-content\/uploads\/2021\/04\/Kre-Art-Decoration-de-Noel-chien-1-2048x1618.jpg 2048w, https:\/\/kre-art.fr\/wp-content\/uploads\/2021\/04\/Kre-Art-Decoration-de-Noel-chien-1-380x300.jpg 380w, https:\/\/kre-art.fr\/wp-content\/uploads\/2021\/04\/Kre-Art-Decoration-de-Noel-chien-1-443x350.jpg 443w, https:\/\/kre-art.fr\/wp-content\/uploads\/2021\/04\/Kre-Art-Decoration-de-Noel-chien-1-600x474.jpg 600w\" sizes=\"auto, (max-width: 1024px) 100vw, 1024px\" \/><\/figure>\n\n\n\n<figure class=\"wp-block-image size-large\"><img loading=\"lazy\" decoding=\"async\" width=\"1024\" height=\"768\" data-id=\"1792\" src=\"https:\/\/kre-art.fr\/wp-content\/uploads\/2021\/04\/Kre-Art-Decoration-de-Noel-chien-2-1024x768.jpg\" alt=\"\" class=\"wp-image-1792\" srcset=\"https:\/\/kre-art.fr\/wp-content\/uploads\/2021\/04\/Kre-Art-Decoration-de-Noel-chien-2-1024x768.jpg 1024w, https:\/\/kre-art.fr\/wp-content\/uploads\/2021\/04\/Kre-Art-Decoration-de-Noel-chien-2-300x225.jpg 300w, https:\/\/kre-art.fr\/wp-content\/uploads\/2021\/04\/Kre-Art-Decoration-de-Noel-chien-2-768x576.jpg 768w, https:\/\/kre-art.fr\/wp-content\/uploads\/2021\/04\/Kre-Art-Decoration-de-Noel-chien-2-1536x1152.jpg 1536w, https:\/\/kre-art.fr\/wp-content\/uploads\/2021\/04\/Kre-Art-Decoration-de-Noel-chien-2-2048x1536.jpg 2048w, https:\/\/kre-art.fr\/wp-content\/uploads\/2021\/04\/Kre-Art-Decoration-de-Noel-chien-2-400x300.jpg 400w, https:\/\/kre-art.fr\/wp-content\/uploads\/2021\/04\/Kre-Art-Decoration-de-Noel-chien-2-600x450.jpg 600w\" sizes=\"auto, (max-width: 1024px) 100vw, 1024px\" \/><\/figure>\n\n\n\n<figure class=\"wp-block-image size-large\"><img loading=\"lazy\" decoding=\"async\" width=\"1024\" height=\"768\" data-id=\"1793\" src=\"https:\/\/kre-art.fr\/wp-content\/uploads\/2021\/04\/Kre-Art-Decoration-de-Noel-chien-3-1024x768.jpg\" alt=\"\" class=\"wp-image-1793\" srcset=\"https:\/\/kre-art.fr\/wp-content\/uploads\/2021\/04\/Kre-Art-Decoration-de-Noel-chien-3-1024x768.jpg 1024w, https:\/\/kre-art.fr\/wp-content\/uploads\/2021\/04\/Kre-Art-Decoration-de-Noel-chien-3-300x225.jpg 300w, https:\/\/kre-art.fr\/wp-content\/uploads\/2021\/04\/Kre-Art-Decoration-de-Noel-chien-3-768x576.jpg 768w, https:\/\/kre-art.fr\/wp-content\/uploads\/2021\/04\/Kre-Art-Decoration-de-Noel-chien-3-1536x1152.jpg 1536w, https:\/\/kre-art.fr\/wp-content\/uploads\/2021\/04\/Kre-Art-Decoration-de-Noel-chien-3-2048x1536.jpg 2048w, https:\/\/kre-art.fr\/wp-content\/uploads\/2021\/04\/Kre-Art-Decoration-de-Noel-chien-3-400x300.jpg 400w, https:\/\/kre-art.fr\/wp-content\/uploads\/2021\/04\/Kre-Art-Decoration-de-Noel-chien-3-600x450.jpg 600w\" sizes=\"auto, (max-width: 1024px) 100vw, 1024px\" \/><\/figure>\n<\/figure>\n","protected":false},"excerpt":{"rendered":"<p>Kre-Art cr\u00e9e des d\u00e9corations de No\u00ebl avec des animaux en p\u00e2te polym\u00e8re FIMO.Le prix est de 8 euros.Kre-Art peut aussi cr\u00e9er des d\u00e9corations de No\u00ebl sur demande. Le prix restera le m\u00eame.N\u2019h\u00e9sitez pas \u00e0 me contacter via mon formulaire de\u00a0Contact\u00a0pour effectuer la commande, et d\u00e9finir le mode de livraison.La livraison &hellip;<\/p>\n","protected":false},"author":1,"featured_media":543,"parent":152,"menu_order":30,"comment_status":"closed","ping_status":"closed","template":"","meta":{"footnotes":""},"class_list":["post-431","page","type-page","status-publish","has-post-thumbnail","hentry"],"_links":{"self":[{"href":"https:\/\/kre-art.fr\/index.php\/wp-json\/wp\/v2\/pages\/431","targetHints":{"allow":["GET"]}}],"collection":[{"href":"https:\/\/kre-art.fr\/index.php\/wp-json\/wp\/v2\/pages"}],"about":[{"href":"https:\/\/kre-art.fr\/index.php\/wp-json\/wp\/v2\/types\/page"}],"author":[{"embeddable":true,"href":"https:\/\/kre-art.fr\/index.php\/wp-json\/wp\/v2\/users\/1"}],"replies":[{"embeddable":true,"href":"https:\/\/kre-art.fr\/index.php\/wp-json\/wp\/v2\/comments?post=431"}],"version-history":[{"count":10,"href":"https:\/\/kre-art.fr\/index.php\/wp-json\/wp\/v2\/pages\/431\/revisions"}],"predecessor-version":[{"id":4021,"href":"https:\/\/kre-art.fr\/index.php\/wp-json\/wp\/v2\/pages\/431\/revisions\/4021"}],"up":[{"embeddable":true,"href":"https:\/\/kre-art.fr\/index.php\/wp-json\/wp\/v2\/pages\/152"}],"wp:featuredmedia":[{"embeddable":true,"href":"https:\/\/kre-art.fr\/index.php\/wp-json\/wp\/v2\/media\/543"}],"wp:attachment":[{"href":"https:\/\/kre-art.fr\/index.php\/wp-json\/wp\/v2\/media?parent=431"}],"curies":[{"name":"wp","href":"https:\/\/api.w.org\/{rel}","templated":true}]}}