{"id":437,"date":"2020-10-15T21:27:42","date_gmt":"2020-10-15T19:27:42","guid":{"rendered":"http:\/\/kre-art.fr\/?page_id=437"},"modified":"2024-01-27T17:07:32","modified_gmt":"2024-01-27T16:07:32","slug":"boucle-doreilles","status":"publish","type":"page","link":"https:\/\/kre-art.fr\/index.php\/boutique\/boucle-doreilles\/","title":{"rendered":"Boucle d&#8217;oreilles"},"content":{"rendered":"\n<div class=\"wp-block-media-text alignwide is-stacked-on-mobile\"><figure class=\"wp-block-media-text__media\"><img loading=\"lazy\" decoding=\"async\" width=\"1024\" height=\"679\" src=\"https:\/\/kre-art.fr\/wp-content\/uploads\/2021\/04\/Kre-Art-Boucle-doreilles-cygnes-1024x679.jpg\" alt=\"\" class=\"wp-image-1795 size-full\" srcset=\"https:\/\/kre-art.fr\/wp-content\/uploads\/2021\/04\/Kre-Art-Boucle-doreilles-cygnes-1024x679.jpg 1024w, https:\/\/kre-art.fr\/wp-content\/uploads\/2021\/04\/Kre-Art-Boucle-doreilles-cygnes-300x199.jpg 300w, https:\/\/kre-art.fr\/wp-content\/uploads\/2021\/04\/Kre-Art-Boucle-doreilles-cygnes-768x509.jpg 768w, https:\/\/kre-art.fr\/wp-content\/uploads\/2021\/04\/Kre-Art-Boucle-doreilles-cygnes-1536x1018.jpg 1536w, https:\/\/kre-art.fr\/wp-content\/uploads\/2021\/04\/Kre-Art-Boucle-doreilles-cygnes-2048x1358.jpg 2048w, https:\/\/kre-art.fr\/wp-content\/uploads\/2021\/04\/Kre-Art-Boucle-doreilles-cygnes-452x300.jpg 452w, https:\/\/kre-art.fr\/wp-content\/uploads\/2021\/04\/Kre-Art-Boucle-doreilles-cygnes-600x398.jpg 600w\" sizes=\"auto, (max-width: 1024px) 100vw, 1024px\" \/><\/figure><div class=\"wp-block-media-text__content\">\n<p class=\"has-large-font-size\">Kre-Art cr\u00e9e des boucles d&#8217;oreilles avec des animaux en p\u00e2te polym\u00e8re FIMO.<br>Le prix est de 7 euros.<br>Kre-Art peut aussi cr\u00e9er des boucles d&#8217;oreilles sur demande. Le prix restera le m\u00eame.<br>N\u2019h\u00e9sitez pas \u00e0 me contacter via mon formulaire de\u00a0<a href=\"https:\/\/kre-art.fr\/index.php\/contact\/\">Contact<\/a>\u00a0pour effectuer la commande, et d\u00e9finir le mode de livraison.<br>La livraison en France s&#8217;effectue par La Poste, le prix de la livraison d\u00e9pend du poids, le prix minimum est de 4 euros.<br>Possibilit\u00e9 d\u2019ajouter 1 \u00e0 3 cristaux Swarovski (la quantit\u00e9 des cristaux d\u00e9pend du type de figurine). Co\u00fbt de 1 euro en suppl\u00e9ment.<br>NB: Les produits faits en p\u00e2te polym\u00e8re FIMO sont tr\u00e8s fragiles et n\u00e9cessitent beaucoup de pr\u00e9caution.<\/p>\n<\/div><\/div>\n\n\n\n<p class=\"has-text-align-center has-accent-1-color has-text-color\">Boucle d&#8217;oreilles cygnes Kre-Art<\/p>\n\n\n<div class=\"wp-block-image is-style-rounded\">\n<figure class=\"aligncenter size-large is-resized\"><img loading=\"lazy\" decoding=\"async\" src=\"https:\/\/kre-art.fr\/wp-content\/uploads\/2021\/04\/Kre-Art-Boucle-doreilles-cygnes-1-1024x679.jpg\" alt=\"\" class=\"wp-image-1796\" width=\"256\" height=\"170\" srcset=\"https:\/\/kre-art.fr\/wp-content\/uploads\/2021\/04\/Kre-Art-Boucle-doreilles-cygnes-1-1024x679.jpg 1024w, https:\/\/kre-art.fr\/wp-content\/uploads\/2021\/04\/Kre-Art-Boucle-doreilles-cygnes-1-300x199.jpg 300w, https:\/\/kre-art.fr\/wp-content\/uploads\/2021\/04\/Kre-Art-Boucle-doreilles-cygnes-1-768x509.jpg 768w, https:\/\/kre-art.fr\/wp-content\/uploads\/2021\/04\/Kre-Art-Boucle-doreilles-cygnes-1-1536x1018.jpg 1536w, https:\/\/kre-art.fr\/wp-content\/uploads\/2021\/04\/Kre-Art-Boucle-doreilles-cygnes-1-2048x1358.jpg 2048w, https:\/\/kre-art.fr\/wp-content\/uploads\/2021\/04\/Kre-Art-Boucle-doreilles-cygnes-1-452x300.jpg 452w, https:\/\/kre-art.fr\/wp-content\/uploads\/2021\/04\/Kre-Art-Boucle-doreilles-cygnes-1-600x398.jpg 600w\" sizes=\"auto, (max-width: 256px) 100vw, 256px\" \/><figcaption class=\"wp-element-caption\">3 cm x 2 cm x 1.5 cm<\/figcaption><\/figure><\/div>","protected":false},"excerpt":{"rendered":"<p>Kre-Art cr\u00e9e des boucles d&#8217;oreilles avec des animaux en p\u00e2te polym\u00e8re FIMO.Le prix est de 7 euros.Kre-Art peut aussi cr\u00e9er des boucles d&#8217;oreilles sur demande. Le prix restera le m\u00eame.N\u2019h\u00e9sitez pas \u00e0 me contacter via mon formulaire de\u00a0Contact\u00a0pour effectuer la commande, et d\u00e9finir le mode de livraison.La livraison en France &hellip;<\/p>\n","protected":false},"author":1,"featured_media":543,"parent":152,"menu_order":31,"comment_status":"closed","ping_status":"closed","template":"","meta":{"footnotes":""},"class_list":["post-437","page","type-page","status-publish","has-post-thumbnail","hentry"],"_links":{"self":[{"href":"https:\/\/kre-art.fr\/index.php\/wp-json\/wp\/v2\/pages\/437","targetHints":{"allow":["GET"]}}],"collection":[{"href":"https:\/\/kre-art.fr\/index.php\/wp-json\/wp\/v2\/pages"}],"about":[{"href":"https:\/\/kre-art.fr\/index.php\/wp-json\/wp\/v2\/types\/page"}],"author":[{"embeddable":true,"href":"https:\/\/kre-art.fr\/index.php\/wp-json\/wp\/v2\/users\/1"}],"replies":[{"embeddable":true,"href":"https:\/\/kre-art.fr\/index.php\/wp-json\/wp\/v2\/comments?post=437"}],"version-history":[{"count":7,"href":"https:\/\/kre-art.fr\/index.php\/wp-json\/wp\/v2\/pages\/437\/revisions"}],"predecessor-version":[{"id":4042,"href":"https:\/\/kre-art.fr\/index.php\/wp-json\/wp\/v2\/pages\/437\/revisions\/4042"}],"up":[{"embeddable":true,"href":"https:\/\/kre-art.fr\/index.php\/wp-json\/wp\/v2\/pages\/152"}],"wp:featuredmedia":[{"embeddable":true,"href":"https:\/\/kre-art.fr\/index.php\/wp-json\/wp\/v2\/media\/543"}],"wp:attachment":[{"href":"https:\/\/kre-art.fr\/index.php\/wp-json\/wp\/v2\/media?parent=437"}],"curies":[{"name":"wp","href":"https:\/\/api.w.org\/{rel}","templated":true}]}}