{"id":443,"date":"2020-10-15T21:30:42","date_gmt":"2020-10-15T19:30:42","guid":{"rendered":"http:\/\/kre-art.fr\/?page_id=443"},"modified":"2023-08-11T23:18:01","modified_gmt":"2023-08-11T21:18:01","slug":"decoration-pour-cadres-photos","status":"publish","type":"page","link":"https:\/\/kre-art.fr\/index.php\/boutique\/decoration-pour-cadres-photos\/","title":{"rendered":"D\u00e9coration pour cadres photos"},"content":{"rendered":"\n<div class=\"wp-block-media-text alignwide is-stacked-on-mobile\"><figure class=\"wp-block-media-text__media\"><img loading=\"lazy\" decoding=\"async\" width=\"872\" height=\"1024\" src=\"https:\/\/kre-art.fr\/wp-content\/uploads\/2021\/04\/Kre-Art-decoration-bellier-872x1024.jpg\" alt=\"\" class=\"wp-image-1798 size-full\" srcset=\"https:\/\/kre-art.fr\/wp-content\/uploads\/2021\/04\/Kre-Art-decoration-bellier-872x1024.jpg 872w, https:\/\/kre-art.fr\/wp-content\/uploads\/2021\/04\/Kre-Art-decoration-bellier-256x300.jpg 256w, https:\/\/kre-art.fr\/wp-content\/uploads\/2021\/04\/Kre-Art-decoration-bellier-768x902.jpg 768w, https:\/\/kre-art.fr\/wp-content\/uploads\/2021\/04\/Kre-Art-decoration-bellier-600x704.jpg 600w, https:\/\/kre-art.fr\/wp-content\/uploads\/2021\/04\/Kre-Art-decoration-bellier.jpg 1254w\" sizes=\"auto, (max-width: 872px) 100vw, 872px\" \/><\/figure><div class=\"wp-block-media-text__content\">\n<p class=\"has-large-font-size\">Kre-Art cr\u00e9e des d\u00e9corations pour cadres photos \/ vases \/ pots de fleurs en p\u00e2te polym\u00e8re FIMO.<br>Le prix est de 6 euros.<br>Kre-Art peut aussi cr\u00e9er des d\u00e9corations pour cadres photos sur demande. Le prix restera le m\u00eame.<br>N\u2019h\u00e9sitez pas \u00e0 me contacter via mon formulaire de\u00a0<a href=\"https:\/\/kre-art.fr\/index.php\/contact\/\">Contact<\/a>\u00a0pour effectuer la commande, et d\u00e9finir le mode de livraison.<br>La livraison en France s&#8217;effectue par La Poste, le prix de la livraison d\u00e9pend du poids, le prix minimum est de 4 euros.<br>Possibilit\u00e9 d\u2019ajouter 1 \u00e0 3 cristaux Swarovski (la quantit\u00e9 des cristaux d\u00e9pend du type de figurine). Co\u00fbt de 1 euro en suppl\u00e9ment.<br>NB: Les produits faits en p\u00e2te polym\u00e8re FIMO sont tr\u00e8s fragiles et n\u00e9cessitent beaucoup de pr\u00e9caution.<\/p>\n<\/div><\/div>\n\n\n\n<p class=\"has-text-align-center has-accent-1-color has-text-color\">D\u00e9coration pour cadres photos &#8211; B\u00e9lier Kre-Art<\/p>\n\n\n\n<figure class=\"wp-block-gallery has-nested-images columns-default is-cropped wp-block-gallery-1 is-layout-flex wp-block-gallery-is-layout-flex\">\n<figure class=\"wp-block-image size-large\"><img loading=\"lazy\" decoding=\"async\" width=\"768\" height=\"1024\" data-id=\"1799\" src=\"https:\/\/kre-art.fr\/wp-content\/uploads\/2021\/04\/Kre-Art-decoration-bellier-1-768x1024.jpg\" alt=\"\" class=\"wp-image-1799\" srcset=\"https:\/\/kre-art.fr\/wp-content\/uploads\/2021\/04\/Kre-Art-decoration-bellier-1-768x1024.jpg 768w, https:\/\/kre-art.fr\/wp-content\/uploads\/2021\/04\/Kre-Art-decoration-bellier-1-225x300.jpg 225w, https:\/\/kre-art.fr\/wp-content\/uploads\/2021\/04\/Kre-Art-decoration-bellier-1-1152x1536.jpg 1152w, https:\/\/kre-art.fr\/wp-content\/uploads\/2021\/04\/Kre-Art-decoration-bellier-1-1536x2048.jpg 1536w, https:\/\/kre-art.fr\/wp-content\/uploads\/2021\/04\/Kre-Art-decoration-bellier-1-600x800.jpg 600w, https:\/\/kre-art.fr\/wp-content\/uploads\/2021\/04\/Kre-Art-decoration-bellier-1-scaled.jpg 1920w\" sizes=\"auto, (max-width: 768px) 100vw, 768px\" \/><\/figure>\n\n\n\n<figure class=\"wp-block-image size-large\"><img loading=\"lazy\" decoding=\"async\" width=\"768\" height=\"1024\" data-id=\"1800\" src=\"https:\/\/kre-art.fr\/wp-content\/uploads\/2021\/04\/Kre-Art-decoration-bellier-2-768x1024.jpg\" alt=\"\" class=\"wp-image-1800\" srcset=\"https:\/\/kre-art.fr\/wp-content\/uploads\/2021\/04\/Kre-Art-decoration-bellier-2-768x1024.jpg 768w, https:\/\/kre-art.fr\/wp-content\/uploads\/2021\/04\/Kre-Art-decoration-bellier-2-225x300.jpg 225w, https:\/\/kre-art.fr\/wp-content\/uploads\/2021\/04\/Kre-Art-decoration-bellier-2-1152x1536.jpg 1152w, https:\/\/kre-art.fr\/wp-content\/uploads\/2021\/04\/Kre-Art-decoration-bellier-2-1536x2048.jpg 1536w, https:\/\/kre-art.fr\/wp-content\/uploads\/2021\/04\/Kre-Art-decoration-bellier-2-600x800.jpg 600w, https:\/\/kre-art.fr\/wp-content\/uploads\/2021\/04\/Kre-Art-decoration-bellier-2-scaled.jpg 1920w\" sizes=\"auto, (max-width: 768px) 100vw, 768px\" \/><\/figure>\n\n\n\n<figure class=\"wp-block-image size-large\"><img loading=\"lazy\" decoding=\"async\" width=\"768\" height=\"1024\" data-id=\"1801\" src=\"https:\/\/kre-art.fr\/wp-content\/uploads\/2021\/04\/Kre-Art-decoration-bellier-3-768x1024.jpg\" alt=\"\" class=\"wp-image-1801\" srcset=\"https:\/\/kre-art.fr\/wp-content\/uploads\/2021\/04\/Kre-Art-decoration-bellier-3-768x1024.jpg 768w, https:\/\/kre-art.fr\/wp-content\/uploads\/2021\/04\/Kre-Art-decoration-bellier-3-225x300.jpg 225w, https:\/\/kre-art.fr\/wp-content\/uploads\/2021\/04\/Kre-Art-decoration-bellier-3-1152x1536.jpg 1152w, https:\/\/kre-art.fr\/wp-content\/uploads\/2021\/04\/Kre-Art-decoration-bellier-3-1536x2048.jpg 1536w, https:\/\/kre-art.fr\/wp-content\/uploads\/2021\/04\/Kre-Art-decoration-bellier-3-600x800.jpg 600w, https:\/\/kre-art.fr\/wp-content\/uploads\/2021\/04\/Kre-Art-decoration-bellier-3-scaled.jpg 1920w\" sizes=\"auto, (max-width: 768px) 100vw, 768px\" \/><\/figure>\n<figcaption class=\"blocks-gallery-caption wp-element-caption\">4.5 cm x 2.5 cm x 2 cm<\/figcaption><\/figure>\n","protected":false},"excerpt":{"rendered":"<p>Kre-Art cr\u00e9e des d\u00e9corations pour cadres photos \/ vases \/ pots de fleurs en p\u00e2te polym\u00e8re FIMO.Le prix est de 6 euros.Kre-Art peut aussi cr\u00e9er des d\u00e9corations pour cadres photos sur demande. Le prix restera le m\u00eame.N\u2019h\u00e9sitez pas \u00e0 me contacter via mon formulaire de\u00a0Contact\u00a0pour effectuer la commande, et d\u00e9finir &hellip;<\/p>\n","protected":false},"author":1,"featured_media":543,"parent":152,"menu_order":32,"comment_status":"closed","ping_status":"closed","template":"","meta":{"footnotes":""},"class_list":["post-443","page","type-page","status-publish","has-post-thumbnail","hentry"],"_links":{"self":[{"href":"https:\/\/kre-art.fr\/index.php\/wp-json\/wp\/v2\/pages\/443","targetHints":{"allow":["GET"]}}],"collection":[{"href":"https:\/\/kre-art.fr\/index.php\/wp-json\/wp\/v2\/pages"}],"about":[{"href":"https:\/\/kre-art.fr\/index.php\/wp-json\/wp\/v2\/types\/page"}],"author":[{"embeddable":true,"href":"https:\/\/kre-art.fr\/index.php\/wp-json\/wp\/v2\/users\/1"}],"replies":[{"embeddable":true,"href":"https:\/\/kre-art.fr\/index.php\/wp-json\/wp\/v2\/comments?post=443"}],"version-history":[{"count":6,"href":"https:\/\/kre-art.fr\/index.php\/wp-json\/wp\/v2\/pages\/443\/revisions"}],"predecessor-version":[{"id":4023,"href":"https:\/\/kre-art.fr\/index.php\/wp-json\/wp\/v2\/pages\/443\/revisions\/4023"}],"up":[{"embeddable":true,"href":"https:\/\/kre-art.fr\/index.php\/wp-json\/wp\/v2\/pages\/152"}],"wp:featuredmedia":[{"embeddable":true,"href":"https:\/\/kre-art.fr\/index.php\/wp-json\/wp\/v2\/media\/543"}],"wp:attachment":[{"href":"https:\/\/kre-art.fr\/index.php\/wp-json\/wp\/v2\/media?parent=443"}],"curies":[{"name":"wp","href":"https:\/\/api.w.org\/{rel}","templated":true}]}}