{"id":456,"date":"2020-10-15T21:36:16","date_gmt":"2020-10-15T19:36:16","guid":{"rendered":"http:\/\/kre-art.fr\/?page_id=456"},"modified":"2023-08-11T23:19:06","modified_gmt":"2023-08-11T21:19:06","slug":"colliers","status":"publish","type":"page","link":"https:\/\/kre-art.fr\/index.php\/boutique\/colliers\/","title":{"rendered":"Colliers"},"content":{"rendered":"\n<div class=\"wp-block-media-text alignwide is-stacked-on-mobile\"><figure class=\"wp-block-media-text__media\"><img loading=\"lazy\" decoding=\"async\" width=\"1024\" height=\"956\" src=\"https:\/\/kre-art.fr\/wp-content\/uploads\/2021\/04\/Kre-Art-collier-lapin-1024x956.jpg\" alt=\"\" class=\"wp-image-1815 size-full\" srcset=\"https:\/\/kre-art.fr\/wp-content\/uploads\/2021\/04\/Kre-Art-collier-lapin-1024x956.jpg 1024w, https:\/\/kre-art.fr\/wp-content\/uploads\/2021\/04\/Kre-Art-collier-lapin-300x280.jpg 300w, https:\/\/kre-art.fr\/wp-content\/uploads\/2021\/04\/Kre-Art-collier-lapin-768x717.jpg 768w, https:\/\/kre-art.fr\/wp-content\/uploads\/2021\/04\/Kre-Art-collier-lapin-1536x1433.jpg 1536w, https:\/\/kre-art.fr\/wp-content\/uploads\/2021\/04\/Kre-Art-collier-lapin-2048x1911.jpg 2048w, https:\/\/kre-art.fr\/wp-content\/uploads\/2021\/04\/Kre-Art-collier-lapin-322x300.jpg 322w, https:\/\/kre-art.fr\/wp-content\/uploads\/2021\/04\/Kre-Art-collier-lapin-600x560.jpg 600w\" sizes=\"auto, (max-width: 1024px) 100vw, 1024px\" \/><\/figure><div class=\"wp-block-media-text__content\">\n<p class=\"has-large-font-size\">Kre-Art cr\u00e9e des colliers d&#8217;animaux en p\u00e2te polym\u00e8re FIMO.<br>Le prix est de 7 euros.<br>Kre-Art peut aussi cr\u00e9er des colliers sur demande. Le prix restera le m\u00eame.<br>N\u2019h\u00e9sitez pas \u00e0 me contacter via mon formulaire de\u00a0<a href=\"https:\/\/kre-art.fr\/index.php\/contact\/\">Contact<\/a>\u00a0pour effectuer la commande, et d\u00e9finir le mode de livraison.<br>La livraison en France s&#8217;effectue par La Poste, le prix de la livraison d\u00e9pend du poids, le prix minimum est de 4 euros.<br>Possibilit\u00e9 d\u2019ajouter 1 \u00e0 3 cristaux Swarovski (la quantit\u00e9 des cristaux d\u00e9pend du type de figurine). Co\u00fbt de 1 euro en suppl\u00e9ment.<br>NB: Les produits faits en p\u00e2te polym\u00e8re FIMO sont tr\u00e8s fragiles et n\u00e9cessitent beaucoup de pr\u00e9caution.<\/p>\n<\/div><\/div>\n\n\n\n<p class=\"has-text-align-center has-accent-1-color has-text-color\">Collier Lapin Kre-Art<\/p>\n\n\n<div class=\"wp-block-image is-style-rounded\">\n<figure class=\"aligncenter size-large is-resized\"><img loading=\"lazy\" decoding=\"async\" src=\"https:\/\/kre-art.fr\/wp-content\/uploads\/2021\/04\/Kre-Art-collier-lapin-1-1024x868.jpg\" alt=\"\" class=\"wp-image-1816\" width=\"256\" height=\"217\" srcset=\"https:\/\/kre-art.fr\/wp-content\/uploads\/2021\/04\/Kre-Art-collier-lapin-1-1024x868.jpg 1024w, https:\/\/kre-art.fr\/wp-content\/uploads\/2021\/04\/Kre-Art-collier-lapin-1-300x254.jpg 300w, https:\/\/kre-art.fr\/wp-content\/uploads\/2021\/04\/Kre-Art-collier-lapin-1-768x651.jpg 768w, https:\/\/kre-art.fr\/wp-content\/uploads\/2021\/04\/Kre-Art-collier-lapin-1-1536x1302.jpg 1536w, https:\/\/kre-art.fr\/wp-content\/uploads\/2021\/04\/Kre-Art-collier-lapin-1-2048x1737.jpg 2048w, https:\/\/kre-art.fr\/wp-content\/uploads\/2021\/04\/Kre-Art-collier-lapin-1-354x300.jpg 354w, https:\/\/kre-art.fr\/wp-content\/uploads\/2021\/04\/Kre-Art-collier-lapin-1-600x509.jpg 600w\" sizes=\"auto, (max-width: 256px) 100vw, 256px\" \/><figcaption class=\"wp-element-caption\">1.5 cm x 2.5 cm x 2 cm <\/figcaption><\/figure><\/div>","protected":false},"excerpt":{"rendered":"<p>Kre-Art cr\u00e9e des colliers d&#8217;animaux en p\u00e2te polym\u00e8re FIMO.Le prix est de 7 euros.Kre-Art peut aussi cr\u00e9er des colliers sur demande. Le prix restera le m\u00eame.N\u2019h\u00e9sitez pas \u00e0 me contacter via mon formulaire de\u00a0Contact\u00a0pour effectuer la commande, et d\u00e9finir le mode de livraison.La livraison en France s&#8217;effectue par La Poste, &hellip;<\/p>\n","protected":false},"author":1,"featured_media":543,"parent":152,"menu_order":34,"comment_status":"closed","ping_status":"closed","template":"","meta":{"footnotes":""},"class_list":["post-456","page","type-page","status-publish","has-post-thumbnail","hentry"],"_links":{"self":[{"href":"https:\/\/kre-art.fr\/index.php\/wp-json\/wp\/v2\/pages\/456","targetHints":{"allow":["GET"]}}],"collection":[{"href":"https:\/\/kre-art.fr\/index.php\/wp-json\/wp\/v2\/pages"}],"about":[{"href":"https:\/\/kre-art.fr\/index.php\/wp-json\/wp\/v2\/types\/page"}],"author":[{"embeddable":true,"href":"https:\/\/kre-art.fr\/index.php\/wp-json\/wp\/v2\/users\/1"}],"replies":[{"embeddable":true,"href":"https:\/\/kre-art.fr\/index.php\/wp-json\/wp\/v2\/comments?post=456"}],"version-history":[{"count":6,"href":"https:\/\/kre-art.fr\/index.php\/wp-json\/wp\/v2\/pages\/456\/revisions"}],"predecessor-version":[{"id":4025,"href":"https:\/\/kre-art.fr\/index.php\/wp-json\/wp\/v2\/pages\/456\/revisions\/4025"}],"up":[{"embeddable":true,"href":"https:\/\/kre-art.fr\/index.php\/wp-json\/wp\/v2\/pages\/152"}],"wp:featuredmedia":[{"embeddable":true,"href":"https:\/\/kre-art.fr\/index.php\/wp-json\/wp\/v2\/media\/543"}],"wp:attachment":[{"href":"https:\/\/kre-art.fr\/index.php\/wp-json\/wp\/v2\/media?parent=456"}],"curies":[{"name":"wp","href":"https:\/\/api.w.org\/{rel}","templated":true}]}}