{"id":462,"date":"2020-10-15T21:37:50","date_gmt":"2020-10-15T19:37:50","guid":{"rendered":"http:\/\/kre-art.fr\/?page_id=462"},"modified":"2023-08-11T23:20:25","modified_gmt":"2023-08-11T21:20:25","slug":"figurines-fables","status":"publish","type":"page","link":"https:\/\/kre-art.fr\/index.php\/boutique\/figurines-fables\/","title":{"rendered":"Figurines Fables"},"content":{"rendered":"\n<div class=\"wp-block-media-text alignwide is-stacked-on-mobile\"><figure class=\"wp-block-media-text__media\"><img loading=\"lazy\" decoding=\"async\" width=\"1024\" height=\"950\" src=\"https:\/\/kre-art.fr\/wp-content\/uploads\/2021\/04\/Kre-Art-le-corbeau-et-le-renard-1024x950.jpg\" alt=\"\" class=\"wp-image-1818 size-full\" srcset=\"https:\/\/kre-art.fr\/wp-content\/uploads\/2021\/04\/Kre-Art-le-corbeau-et-le-renard-1024x950.jpg 1024w, https:\/\/kre-art.fr\/wp-content\/uploads\/2021\/04\/Kre-Art-le-corbeau-et-le-renard-300x278.jpg 300w, https:\/\/kre-art.fr\/wp-content\/uploads\/2021\/04\/Kre-Art-le-corbeau-et-le-renard-768x712.jpg 768w, https:\/\/kre-art.fr\/wp-content\/uploads\/2021\/04\/Kre-Art-le-corbeau-et-le-renard-1536x1424.jpg 1536w, https:\/\/kre-art.fr\/wp-content\/uploads\/2021\/04\/Kre-Art-le-corbeau-et-le-renard-2048x1899.jpg 2048w, https:\/\/kre-art.fr\/wp-content\/uploads\/2021\/04\/Kre-Art-le-corbeau-et-le-renard-324x300.jpg 324w, https:\/\/kre-art.fr\/wp-content\/uploads\/2021\/04\/Kre-Art-le-corbeau-et-le-renard-600x556.jpg 600w\" sizes=\"auto, (max-width: 1024px) 100vw, 1024px\" \/><\/figure><div class=\"wp-block-media-text__content\">\n<p class=\"has-large-font-size\">Kre-Art cr\u00e9e des figurines fables avec des animaux en p\u00e2te polym\u00e8re FIMO.<br>Le prix est de 8 euros.<br>Kre-Art peut aussi cr\u00e9er des figurines fables sur demande. Le prix restera le m\u00eame.<br>N\u2019h\u00e9sitez pas \u00e0 me contacter via mon formulaire de\u00a0<a href=\"https:\/\/kre-art.fr\/index.php\/contact\/\">Contact<\/a>\u00a0pour effectuer la commande, et d\u00e9finir le mode de livraison.<br>La livraison en France s&#8217;effectue par La Poste, le prix de la livraison d\u00e9pend du poids, le prix minimum est de 4 euros.<br>Possibilit\u00e9 d\u2019ajouter 1 \u00e0 3 cristaux Swarovski (la quantit\u00e9 des cristaux d\u00e9pend du type de figurine). Co\u00fbt de 1 euro en suppl\u00e9ment.<br>NB: Les produits faits en p\u00e2te polym\u00e8re FIMO sont tr\u00e8s fragiles et n\u00e9cessitent beaucoup de pr\u00e9caution.<\/p>\n<\/div><\/div>\n\n\n\n<p class=\"has-text-align-center has-accent-1-color has-text-color\">Fable &#8220;Le corbeau et le renard&#8221; Kre Art<\/p>\n\n\n\n<figure class=\"wp-block-gallery has-nested-images columns-default is-cropped wp-block-gallery-1 is-layout-flex wp-block-gallery-is-layout-flex\">\n<figure class=\"wp-block-image size-large\"><img loading=\"lazy\" decoding=\"async\" width=\"1024\" height=\"768\" data-id=\"1819\" src=\"https:\/\/kre-art.fr\/wp-content\/uploads\/2021\/04\/Kre-Art-le-corbeau-et-le-renard-3-1024x768.jpg\" alt=\"\" class=\"wp-image-1819\" srcset=\"https:\/\/kre-art.fr\/wp-content\/uploads\/2021\/04\/Kre-Art-le-corbeau-et-le-renard-3-1024x768.jpg 1024w, https:\/\/kre-art.fr\/wp-content\/uploads\/2021\/04\/Kre-Art-le-corbeau-et-le-renard-3-300x225.jpg 300w, https:\/\/kre-art.fr\/wp-content\/uploads\/2021\/04\/Kre-Art-le-corbeau-et-le-renard-3-768x576.jpg 768w, https:\/\/kre-art.fr\/wp-content\/uploads\/2021\/04\/Kre-Art-le-corbeau-et-le-renard-3-1536x1152.jpg 1536w, https:\/\/kre-art.fr\/wp-content\/uploads\/2021\/04\/Kre-Art-le-corbeau-et-le-renard-3-2048x1536.jpg 2048w, https:\/\/kre-art.fr\/wp-content\/uploads\/2021\/04\/Kre-Art-le-corbeau-et-le-renard-3-400x300.jpg 400w, https:\/\/kre-art.fr\/wp-content\/uploads\/2021\/04\/Kre-Art-le-corbeau-et-le-renard-3-600x450.jpg 600w\" sizes=\"auto, (max-width: 1024px) 100vw, 1024px\" \/><\/figure>\n\n\n\n<figure class=\"wp-block-image size-large\"><img loading=\"lazy\" decoding=\"async\" width=\"1024\" height=\"815\" data-id=\"1820\" src=\"https:\/\/kre-art.fr\/wp-content\/uploads\/2021\/04\/Kre-Art-le-corbeau-et-le-renard-0-1024x815.jpg\" alt=\"\" class=\"wp-image-1820\" srcset=\"https:\/\/kre-art.fr\/wp-content\/uploads\/2021\/04\/Kre-Art-le-corbeau-et-le-renard-0-1024x815.jpg 1024w, https:\/\/kre-art.fr\/wp-content\/uploads\/2021\/04\/Kre-Art-le-corbeau-et-le-renard-0-300x239.jpg 300w, https:\/\/kre-art.fr\/wp-content\/uploads\/2021\/04\/Kre-Art-le-corbeau-et-le-renard-0-768x611.jpg 768w, https:\/\/kre-art.fr\/wp-content\/uploads\/2021\/04\/Kre-Art-le-corbeau-et-le-renard-0-1536x1223.jpg 1536w, https:\/\/kre-art.fr\/wp-content\/uploads\/2021\/04\/Kre-Art-le-corbeau-et-le-renard-0-2048x1631.jpg 2048w, https:\/\/kre-art.fr\/wp-content\/uploads\/2021\/04\/Kre-Art-le-corbeau-et-le-renard-0-377x300.jpg 377w, https:\/\/kre-art.fr\/wp-content\/uploads\/2021\/04\/Kre-Art-le-corbeau-et-le-renard-0-600x478.jpg 600w\" sizes=\"auto, (max-width: 1024px) 100vw, 1024px\" \/><\/figure>\n\n\n\n<figure class=\"wp-block-image size-large\"><img loading=\"lazy\" decoding=\"async\" width=\"1024\" height=\"768\" data-id=\"1821\" src=\"https:\/\/kre-art.fr\/wp-content\/uploads\/2021\/04\/Kre-Art-le-corbeau-et-le-renard-2-1024x768.jpg\" alt=\"\" class=\"wp-image-1821\" srcset=\"https:\/\/kre-art.fr\/wp-content\/uploads\/2021\/04\/Kre-Art-le-corbeau-et-le-renard-2-1024x768.jpg 1024w, https:\/\/kre-art.fr\/wp-content\/uploads\/2021\/04\/Kre-Art-le-corbeau-et-le-renard-2-300x225.jpg 300w, https:\/\/kre-art.fr\/wp-content\/uploads\/2021\/04\/Kre-Art-le-corbeau-et-le-renard-2-768x576.jpg 768w, https:\/\/kre-art.fr\/wp-content\/uploads\/2021\/04\/Kre-Art-le-corbeau-et-le-renard-2-1536x1152.jpg 1536w, https:\/\/kre-art.fr\/wp-content\/uploads\/2021\/04\/Kre-Art-le-corbeau-et-le-renard-2-400x300.jpg 400w, https:\/\/kre-art.fr\/wp-content\/uploads\/2021\/04\/Kre-Art-le-corbeau-et-le-renard-2-600x450.jpg 600w, https:\/\/kre-art.fr\/wp-content\/uploads\/2021\/04\/Kre-Art-le-corbeau-et-le-renard-2.jpg 1920w\" sizes=\"auto, (max-width: 1024px) 100vw, 1024px\" \/><\/figure>\n<\/figure>\n","protected":false},"excerpt":{"rendered":"<p>Kre-Art cr\u00e9e des figurines fables avec des animaux en p\u00e2te polym\u00e8re FIMO.Le prix est de 8 euros.Kre-Art peut aussi cr\u00e9er des figurines fables sur demande. Le prix restera le m\u00eame.N\u2019h\u00e9sitez pas \u00e0 me contacter via mon formulaire de\u00a0Contact\u00a0pour effectuer la commande, et d\u00e9finir le mode de livraison.La livraison en France &hellip;<\/p>\n","protected":false},"author":1,"featured_media":543,"parent":152,"menu_order":35,"comment_status":"closed","ping_status":"closed","template":"","meta":{"footnotes":""},"class_list":["post-462","page","type-page","status-publish","has-post-thumbnail","hentry"],"_links":{"self":[{"href":"https:\/\/kre-art.fr\/index.php\/wp-json\/wp\/v2\/pages\/462","targetHints":{"allow":["GET"]}}],"collection":[{"href":"https:\/\/kre-art.fr\/index.php\/wp-json\/wp\/v2\/pages"}],"about":[{"href":"https:\/\/kre-art.fr\/index.php\/wp-json\/wp\/v2\/types\/page"}],"author":[{"embeddable":true,"href":"https:\/\/kre-art.fr\/index.php\/wp-json\/wp\/v2\/users\/1"}],"replies":[{"embeddable":true,"href":"https:\/\/kre-art.fr\/index.php\/wp-json\/wp\/v2\/comments?post=462"}],"version-history":[{"count":5,"href":"https:\/\/kre-art.fr\/index.php\/wp-json\/wp\/v2\/pages\/462\/revisions"}],"predecessor-version":[{"id":4026,"href":"https:\/\/kre-art.fr\/index.php\/wp-json\/wp\/v2\/pages\/462\/revisions\/4026"}],"up":[{"embeddable":true,"href":"https:\/\/kre-art.fr\/index.php\/wp-json\/wp\/v2\/pages\/152"}],"wp:featuredmedia":[{"embeddable":true,"href":"https:\/\/kre-art.fr\/index.php\/wp-json\/wp\/v2\/media\/543"}],"wp:attachment":[{"href":"https:\/\/kre-art.fr\/index.php\/wp-json\/wp\/v2\/media?parent=462"}],"curies":[{"name":"wp","href":"https:\/\/api.w.org\/{rel}","templated":true}]}}