{"id":468,"date":"2020-10-15T21:39:54","date_gmt":"2020-10-15T19:39:54","guid":{"rendered":"http:\/\/kre-art.fr\/?page_id=468"},"modified":"2023-08-11T23:21:49","modified_gmt":"2023-08-11T21:21:49","slug":"sur-demande","status":"publish","type":"page","link":"https:\/\/kre-art.fr\/index.php\/boutique\/sur-demande\/","title":{"rendered":"Sur demande"},"content":{"rendered":"\n<p>Kre-Art peut aussi cr\u00e9er des produits en p\u00e2te polym\u00e8re FIMO sur demande.<br>N\u2019h\u00e9sitez pas \u00e0 me contacter via mon formulaire de\u00a0<a href=\"https:\/\/kre-art.fr\/index.php\/contact\/\">Contact<\/a>\u00a0pour effectuer la commande. Indiquez-moi s\u2019il vous plait, quel type du produit vous int\u00e9resse.<br>La cr\u00e9ation prendra environ 2 jours. Kre-Art vous enverra des photos de votre produit d\u00e8s que le travail sera fini. Si le r\u00e9sultat vous convient, le paiement peut alors \u00eatre effectu\u00e9, avant la livraison. <br>Le prix et le mode de livraison seront d\u00e9finis avec vous.<br>La livraison en France s&#8217;effectue par La Poste, le prix de la livraison d\u00e9pend du poids, le prix minimum est de 4 euros.<br>Le prix du produit sera le m\u00eame si vous choisissez un des produits pr\u00e9sents sur le site (par exemple collier chat ou boucles d&#8217;oreilles chien). Dans les autres cas, le prix sera \u00e0 discuter avec vous.<br>Possibilit\u00e9 d\u2019ajouter 1 \u00e0 3 cristaux Swarovski (la quantit\u00e9 des cristaux d\u00e9pend du type de figurine). Co\u00fbt de 1 euro en suppl\u00e9ment.<br>NB: Les produits faits en p\u00e2te polym\u00e8re FIMO sont tr\u00e8s fragiles et n\u00e9cessitent beaucoup de pr\u00e9caution.<\/p>\n","protected":false},"excerpt":{"rendered":"<p>Kre-Art peut aussi cr\u00e9er des produits en p\u00e2te polym\u00e8re FIMO sur demande.N\u2019h\u00e9sitez pas \u00e0 me contacter via mon formulaire de\u00a0Contact\u00a0pour effectuer la commande. Indiquez-moi s\u2019il vous plait, quel type du produit vous int\u00e9resse.La cr\u00e9ation prendra environ 2 jours. Kre-Art vous enverra des photos de votre produit d\u00e8s que le travail &hellip;<\/p>\n","protected":false},"author":1,"featured_media":543,"parent":152,"menu_order":36,"comment_status":"closed","ping_status":"closed","template":"","meta":{"footnotes":""},"class_list":["post-468","page","type-page","status-publish","has-post-thumbnail","hentry"],"_links":{"self":[{"href":"https:\/\/kre-art.fr\/index.php\/wp-json\/wp\/v2\/pages\/468","targetHints":{"allow":["GET"]}}],"collection":[{"href":"https:\/\/kre-art.fr\/index.php\/wp-json\/wp\/v2\/pages"}],"about":[{"href":"https:\/\/kre-art.fr\/index.php\/wp-json\/wp\/v2\/types\/page"}],"author":[{"embeddable":true,"href":"https:\/\/kre-art.fr\/index.php\/wp-json\/wp\/v2\/users\/1"}],"replies":[{"embeddable":true,"href":"https:\/\/kre-art.fr\/index.php\/wp-json\/wp\/v2\/comments?post=468"}],"version-history":[{"count":5,"href":"https:\/\/kre-art.fr\/index.php\/wp-json\/wp\/v2\/pages\/468\/revisions"}],"predecessor-version":[{"id":4027,"href":"https:\/\/kre-art.fr\/index.php\/wp-json\/wp\/v2\/pages\/468\/revisions\/4027"}],"up":[{"embeddable":true,"href":"https:\/\/kre-art.fr\/index.php\/wp-json\/wp\/v2\/pages\/152"}],"wp:featuredmedia":[{"embeddable":true,"href":"https:\/\/kre-art.fr\/index.php\/wp-json\/wp\/v2\/media\/543"}],"wp:attachment":[{"href":"https:\/\/kre-art.fr\/index.php\/wp-json\/wp\/v2\/media?parent=468"}],"curies":[{"name":"wp","href":"https:\/\/api.w.org\/{rel}","templated":true}]}}