{"id":474,"date":"2020-10-15T21:42:10","date_gmt":"2020-10-15T19:42:10","guid":{"rendered":"http:\/\/kre-art.fr\/?page_id=474"},"modified":"2022-06-19T19:56:05","modified_gmt":"2022-06-19T17:56:05","slug":"toiles-a-tisser","status":"publish","type":"page","link":"https:\/\/kre-art.fr\/index.php\/boutique\/toiles-a-tisser\/","title":{"rendered":"Broderie"},"content":{"rendered":"\n<figure class=\"wp-block-gallery has-nested-images columns-default is-cropped wp-block-gallery-1 is-layout-flex wp-block-gallery-is-layout-flex\">\n<figure class=\"wp-block-image size-large\"><a href=\"https:\/\/kre-art.fr\/index.php\/boutique\/toiles-a-tisser\/broderie-point-croix\/\"><img loading=\"lazy\" decoding=\"async\" width=\"2560\" height=\"2434\" data-id=\"2049\" src=\"https:\/\/kre-art.fr\/wp-content\/uploads\/2021\/07\/toile-a-tisser-chien-1-scaled.jpg\" alt=\"toile \u00e0 tisser chien 1\" class=\"wp-image-2049\" srcset=\"https:\/\/kre-art.fr\/wp-content\/uploads\/2021\/07\/toile-a-tisser-chien-1-scaled.jpg 2560w, https:\/\/kre-art.fr\/wp-content\/uploads\/2021\/07\/toile-a-tisser-chien-1-300x285.jpg 300w, https:\/\/kre-art.fr\/wp-content\/uploads\/2021\/07\/toile-a-tisser-chien-1-1024x974.jpg 1024w, https:\/\/kre-art.fr\/wp-content\/uploads\/2021\/07\/toile-a-tisser-chien-1-768x730.jpg 768w, https:\/\/kre-art.fr\/wp-content\/uploads\/2021\/07\/toile-a-tisser-chien-1-1536x1461.jpg 1536w, https:\/\/kre-art.fr\/wp-content\/uploads\/2021\/07\/toile-a-tisser-chien-1-2048x1947.jpg 2048w, https:\/\/kre-art.fr\/wp-content\/uploads\/2021\/07\/toile-a-tisser-chien-1-315x300.jpg 315w, https:\/\/kre-art.fr\/wp-content\/uploads\/2021\/07\/toile-a-tisser-chien-1-600x571.jpg 600w\" sizes=\"auto, (max-width: 2560px) 100vw, 2560px\" \/><\/a><figcaption><a href=\"https:\/\/kre-art.fr\/index.php\/boutique\/toiles-a-tisser\/broderie-point-croix\/\">Broderie point croix<\/a><\/figcaption><\/figure>\n\n\n\n<figure class=\"wp-block-image size-large\"><a href=\"https:\/\/kre-art.fr\/index.php\/boutique\/toiles-a-tisser\/broderie-diamant\/\"><img loading=\"lazy\" decoding=\"async\" width=\"2096\" height=\"1997\" data-id=\"2056\" src=\"https:\/\/kre-art.fr\/wp-content\/uploads\/2021\/07\/toile-a-tisser-papillon-Kre-Art.jpg\" alt=\"toile \u00e0 tisser papillon Kre-Art\" class=\"wp-image-2056\" srcset=\"https:\/\/kre-art.fr\/wp-content\/uploads\/2021\/07\/toile-a-tisser-papillon-Kre-Art.jpg 2096w, https:\/\/kre-art.fr\/wp-content\/uploads\/2021\/07\/toile-a-tisser-papillon-Kre-Art-300x286.jpg 300w, https:\/\/kre-art.fr\/wp-content\/uploads\/2021\/07\/toile-a-tisser-papillon-Kre-Art-1024x976.jpg 1024w, https:\/\/kre-art.fr\/wp-content\/uploads\/2021\/07\/toile-a-tisser-papillon-Kre-Art-768x732.jpg 768w, https:\/\/kre-art.fr\/wp-content\/uploads\/2021\/07\/toile-a-tisser-papillon-Kre-Art-1536x1463.jpg 1536w, https:\/\/kre-art.fr\/wp-content\/uploads\/2021\/07\/toile-a-tisser-papillon-Kre-Art-2048x1951.jpg 2048w, https:\/\/kre-art.fr\/wp-content\/uploads\/2021\/07\/toile-a-tisser-papillon-Kre-Art-315x300.jpg 315w, https:\/\/kre-art.fr\/wp-content\/uploads\/2021\/07\/toile-a-tisser-papillon-Kre-Art-600x572.jpg 600w\" sizes=\"auto, (max-width: 2096px) 100vw, 2096px\" \/><\/a><figcaption><a href=\"https:\/\/kre-art.fr\/index.php\/boutique\/toiles-a-tisser\/broderie-diamant\/\">Broderie diamant<\/a><\/figcaption><\/figure>\n<\/figure>\n\n\n\n<p><\/p>\n\n\n\n<div class=\"wp-block-columns is-layout-flex wp-container-core-columns-is-layout-1 wp-block-columns-is-layout-flex\">\n<div class=\"wp-block-column is-layout-flow wp-block-column-is-layout-flow\">\n<p class=\"has-text-align-center\"> La galaxie broderie point croix  \ud83e\uddf5<\/p>\n\n\n\n<p>Depuis toute petite, j\u2019ai toujours ador\u00e9 la broderie au point de croix.<br>Ma grand-m\u00e8re faisait de tr\u00e8s beaux tableaux sur les th\u00e9matiques de la vie en campagne et des animaux.<br>Elle m\u2019a appris la technique, et j\u2019ai \u00e9galement eu des cours de broderie \u00e0 l\u2019\u00e9cole.<br>D\u00e9sormais, je trouve cette activit\u00e9 tr\u00e8s relaxante, et le r\u00e9sultat est incroyable.<br>Avec la broderie au point de croix, il est possible de r\u00e9aliser des tableaux mais aussi d&#8217;adorables cartes de No\u00ebl<\/p>\n<\/div>\n\n\n\n<div class=\"wp-block-column is-layout-flow wp-block-column-is-layout-flow\">\n<p class=\"has-text-align-center\"> La galaxie broderie diamant \ud83d\udc8e \ud83d\uddbc<\/p>\n\n\n\n<p>Je me promenais dans un magasin de loisirs\/culture pour choisir des p\u00e2tes FIMO et par hasard, je suis tomb\u00e9e sur un dessin \u00e0 faire en broderie diamant.<br>J\u2019ai d\u00e9cid\u00e9 d\u2019essayer et je suis tomb\u00e9e amoureuse de cette activit\u00e9.<br>C\u2019est tr\u00e8s relaxant, m\u00eame si un dessin de taille 25&#215;25 prends 3-4 semaines \u00e0 faire.<br>J\u2019ai trouv\u00e9 un site o\u00f9 je commande de la broderie diamant personnalis\u00e9e et je fais des portraits de la famille, des animaux, des paysages (si le site vous int\u00e9resse demandez-le en utilisant le formulaire de <a href=\"https:\/\/kre-art.fr\/index.php\/contact\/\">contact<\/a> )<br>C&#8217;est une activit\u00e9 que vous pouvez faire vous-m\u00eame, mais si vous n\u2019avez pas le temps ou la patience, je peux faire vos tableaux \u00e0 votre place (<a href=\"https:\/\/kre-art.fr\/index.php\/contact\/\">contactez<\/a>-moi un message pour en savoir plus, d\u00e9tails et prix \ud83c\udff7 ) <\/p>\n<\/div>\n<\/div>\n\n\n\n<p><\/p>\n\n\n\n<p><\/p>\n","protected":false},"excerpt":{"rendered":"<p>La galaxie broderie point croix \ud83e\uddf5 Depuis toute petite, j\u2019ai toujours ador\u00e9 la broderie au point de croix.Ma grand-m\u00e8re faisait de tr\u00e8s beaux tableaux sur les th\u00e9matiques de la vie en campagne et des animaux.Elle m\u2019a appris la technique, et j\u2019ai \u00e9galement eu des cours de broderie \u00e0 l\u2019\u00e9cole.D\u00e9sormais, je &hellip;<\/p>\n","protected":false},"author":1,"featured_media":912,"parent":152,"menu_order":37,"comment_status":"closed","ping_status":"closed","template":"","meta":{"footnotes":""},"class_list":["post-474","page","type-page","status-publish","has-post-thumbnail","hentry"],"_links":{"self":[{"href":"https:\/\/kre-art.fr\/index.php\/wp-json\/wp\/v2\/pages\/474","targetHints":{"allow":["GET"]}}],"collection":[{"href":"https:\/\/kre-art.fr\/index.php\/wp-json\/wp\/v2\/pages"}],"about":[{"href":"https:\/\/kre-art.fr\/index.php\/wp-json\/wp\/v2\/types\/page"}],"author":[{"embeddable":true,"href":"https:\/\/kre-art.fr\/index.php\/wp-json\/wp\/v2\/users\/1"}],"replies":[{"embeddable":true,"href":"https:\/\/kre-art.fr\/index.php\/wp-json\/wp\/v2\/comments?post=474"}],"version-history":[{"count":21,"href":"https:\/\/kre-art.fr\/index.php\/wp-json\/wp\/v2\/pages\/474\/revisions"}],"predecessor-version":[{"id":3016,"href":"https:\/\/kre-art.fr\/index.php\/wp-json\/wp\/v2\/pages\/474\/revisions\/3016"}],"up":[{"embeddable":true,"href":"https:\/\/kre-art.fr\/index.php\/wp-json\/wp\/v2\/pages\/152"}],"wp:featuredmedia":[{"embeddable":true,"href":"https:\/\/kre-art.fr\/index.php\/wp-json\/wp\/v2\/media\/912"}],"wp:attachment":[{"href":"https:\/\/kre-art.fr\/index.php\/wp-json\/wp\/v2\/media?parent=474"}],"curies":[{"name":"wp","href":"https:\/\/api.w.org\/{rel}","templated":true}]}}