{"id":530,"date":"2020-11-08T16:11:30","date_gmt":"2020-11-08T15:11:30","guid":{"rendered":"http:\/\/kre-art.fr\/?page_id=530"},"modified":"2024-01-27T17:04:55","modified_gmt":"2024-01-27T16:04:55","slug":"magnets-aimants","status":"publish","type":"page","link":"https:\/\/kre-art.fr\/index.php\/boutique\/magnets-aimants\/","title":{"rendered":"Magnets \/ Aimants"},"content":{"rendered":"\n<div class=\"wp-block-media-text alignwide is-stacked-on-mobile\"><figure class=\"wp-block-media-text__media\"><img loading=\"lazy\" decoding=\"async\" width=\"957\" height=\"1024\" src=\"https:\/\/kre-art.fr\/wp-content\/uploads\/2021\/04\/Kre-Art-magnet-1-957x1024.jpg\" alt=\"\" class=\"wp-image-1828 size-full\" srcset=\"https:\/\/kre-art.fr\/wp-content\/uploads\/2021\/04\/Kre-Art-magnet-1-957x1024.jpg 957w, https:\/\/kre-art.fr\/wp-content\/uploads\/2021\/04\/Kre-Art-magnet-1-280x300.jpg 280w, https:\/\/kre-art.fr\/wp-content\/uploads\/2021\/04\/Kre-Art-magnet-1-768x822.jpg 768w, https:\/\/kre-art.fr\/wp-content\/uploads\/2021\/04\/Kre-Art-magnet-1-600x642.jpg 600w, https:\/\/kre-art.fr\/wp-content\/uploads\/2021\/04\/Kre-Art-magnet-1.jpg 1376w\" sizes=\"auto, (max-width: 957px) 100vw, 957px\" \/><\/figure><div class=\"wp-block-media-text__content\">\n<p class=\"has-large-font-size\">Le vieux pont de Seyssel est pr\u00e9sent\u00e9 sur les magnets Kre-Art. Les magnets sont faits \u00e0 la main. Kre-Art peint les magnets avec de la gouache. La mati\u00e8re des magnets est de la pierre ardoise, ramass\u00e9e au Mont des Princes.<br>Le prix est de 5 euros.<br>N\u2019h\u00e9sitez pas \u00e0 me contacter via mon formulaire de\u00a0<a href=\"https:\/\/kre-art.fr\/index.php\/contact\/\">Contact<\/a>\u00a0pour effectuer la commande, et d\u00e9finir le mode de livraison.<br>La livraison en France s&#8217;effectue par La Poste, le prix de la livraison d\u00e9pend du poids, le prix minimum est de 4 euros.<\/p>\n<\/div><\/div>\n\n\n\n<p class=\"has-text-align-center\">La galaxie Magnet \ud83e\uddf2<br>J\u2019ai toujours aim\u00e9 ramener des magnets artisanaux de mes voyages, et je souhaitais que la commune de Seyssel puisse proposer cela aux touristes ou aux locaux.<br>C&#8217;est d\u00e9sormais chose faite, avec un peu de cr\u00e9ativit\u00e9 et de peinture.<br>Les ardoises sont des pierres tr\u00e8s connues ici, en Pays de Savoie. On peut les trouver en montagne.<\/p>\n","protected":false},"excerpt":{"rendered":"<p>Le vieux pont de Seyssel est pr\u00e9sent\u00e9 sur les magnets Kre-Art. Les magnets sont faits \u00e0 la main. Kre-Art peint les magnets avec de la gouache. La mati\u00e8re des magnets est de la pierre ardoise, ramass\u00e9e au Mont des Princes.Le prix est de 5 euros.N\u2019h\u00e9sitez pas \u00e0 me contacter via &hellip;<\/p>\n","protected":false},"author":1,"featured_media":913,"parent":152,"menu_order":38,"comment_status":"closed","ping_status":"closed","template":"","meta":{"footnotes":""},"class_list":["post-530","page","type-page","status-publish","has-post-thumbnail","hentry"],"_links":{"self":[{"href":"https:\/\/kre-art.fr\/index.php\/wp-json\/wp\/v2\/pages\/530","targetHints":{"allow":["GET"]}}],"collection":[{"href":"https:\/\/kre-art.fr\/index.php\/wp-json\/wp\/v2\/pages"}],"about":[{"href":"https:\/\/kre-art.fr\/index.php\/wp-json\/wp\/v2\/types\/page"}],"author":[{"embeddable":true,"href":"https:\/\/kre-art.fr\/index.php\/wp-json\/wp\/v2\/users\/1"}],"replies":[{"embeddable":true,"href":"https:\/\/kre-art.fr\/index.php\/wp-json\/wp\/v2\/comments?post=530"}],"version-history":[{"count":8,"href":"https:\/\/kre-art.fr\/index.php\/wp-json\/wp\/v2\/pages\/530\/revisions"}],"predecessor-version":[{"id":4041,"href":"https:\/\/kre-art.fr\/index.php\/wp-json\/wp\/v2\/pages\/530\/revisions\/4041"}],"up":[{"embeddable":true,"href":"https:\/\/kre-art.fr\/index.php\/wp-json\/wp\/v2\/pages\/152"}],"wp:featuredmedia":[{"embeddable":true,"href":"https:\/\/kre-art.fr\/index.php\/wp-json\/wp\/v2\/media\/913"}],"wp:attachment":[{"href":"https:\/\/kre-art.fr\/index.php\/wp-json\/wp\/v2\/media?parent=530"}],"curies":[{"name":"wp","href":"https:\/\/api.w.org\/{rel}","templated":true}]}}