{"id":863,"date":"2020-12-08T22:05:56","date_gmt":"2020-12-08T21:05:56","guid":{"rendered":"http:\/\/kre-art.fr\/?page_id=863"},"modified":"2023-08-11T22:18:07","modified_gmt":"2023-08-11T20:18:07","slug":"flyers","status":"publish","type":"page","link":"https:\/\/kre-art.fr\/index.php\/webmastering\/flyers\/","title":{"rendered":"Flyers"},"content":{"rendered":"\n<p>Kre-Art cr\u00e9e des flyers pour tout type d&#8217;\u00e9v\u00e8nement. Vous recevrez le produit final dans diff\u00e9rents formats et r\u00e9solutions. Tarif \u00e0 partir de 50 euros jusqu\u2019\u00e0 150 euros, le prix d\u00e9pend de la complexit\u00e9 du travail. <\/p>\n\n\n\n<p>Pour plus d\u2019informations, devis gratuit ou pour toute question, n\u2019h\u00e9sitez pas \u00e0 me contacter via mon formulaire :\u00a0<a href=\"https:\/\/kre-art.fr\/index.php\/contact\/\">Contact<\/a>\u00a0<\/p>\n\n\n\n<p>Quelques exemples de conceptions de flyers \/ affiches :<\/p>\n\n\n\n<figure class=\"wp-block-gallery has-nested-images columns-default wp-block-gallery-1 is-layout-flex wp-block-gallery-is-layout-flex\">\n<figure class=\"wp-block-image size-large\"><img loading=\"lazy\" decoding=\"async\" width=\"731\" height=\"1024\" data-id=\"1600\" src=\"https:\/\/kre-art.fr\/wp-content\/uploads\/2021\/04\/Flyer-Noel-Seyssel-2020-731x1024.jpg\" alt=\"\" class=\"wp-image-1600\" srcset=\"https:\/\/kre-art.fr\/wp-content\/uploads\/2021\/04\/Flyer-Noel-Seyssel-2020-731x1024.jpg 731w, https:\/\/kre-art.fr\/wp-content\/uploads\/2021\/04\/Flyer-Noel-Seyssel-2020-214x300.jpg 214w, https:\/\/kre-art.fr\/wp-content\/uploads\/2021\/04\/Flyer-Noel-Seyssel-2020-768x1075.jpg 768w, https:\/\/kre-art.fr\/wp-content\/uploads\/2021\/04\/Flyer-Noel-Seyssel-2020-1097x1536.jpg 1097w, https:\/\/kre-art.fr\/wp-content\/uploads\/2021\/04\/Flyer-Noel-Seyssel-2020-1463x2048.jpg 1463w, https:\/\/kre-art.fr\/wp-content\/uploads\/2021\/04\/Flyer-Noel-Seyssel-2020-600x840.jpg 600w, https:\/\/kre-art.fr\/wp-content\/uploads\/2021\/04\/Flyer-Noel-Seyssel-2020-scaled.jpg 1828w\" sizes=\"auto, (max-width: 731px) 100vw, 731px\" \/><\/figure>\n\n\n\n<figure class=\"wp-block-image size-large\"><img loading=\"lazy\" decoding=\"async\" width=\"1024\" height=\"904\" data-id=\"1601\" src=\"https:\/\/kre-art.fr\/wp-content\/uploads\/2021\/04\/flyer-mairie-de-Seyssel-2020-1024x904.jpg\" alt=\"\" class=\"wp-image-1601\" srcset=\"https:\/\/kre-art.fr\/wp-content\/uploads\/2021\/04\/flyer-mairie-de-Seyssel-2020-1024x904.jpg 1024w, https:\/\/kre-art.fr\/wp-content\/uploads\/2021\/04\/flyer-mairie-de-Seyssel-2020-300x265.jpg 300w, https:\/\/kre-art.fr\/wp-content\/uploads\/2021\/04\/flyer-mairie-de-Seyssel-2020-768x678.jpg 768w, https:\/\/kre-art.fr\/wp-content\/uploads\/2021\/04\/flyer-mairie-de-Seyssel-2020-1536x1355.jpg 1536w, https:\/\/kre-art.fr\/wp-content\/uploads\/2021\/04\/flyer-mairie-de-Seyssel-2020-340x300.jpg 340w, https:\/\/kre-art.fr\/wp-content\/uploads\/2021\/04\/flyer-mairie-de-Seyssel-2020-600x529.jpg 600w, https:\/\/kre-art.fr\/wp-content\/uploads\/2021\/04\/flyer-mairie-de-Seyssel-2020.jpg 2008w\" sizes=\"auto, (max-width: 1024px) 100vw, 1024px\" \/><\/figure>\n\n\n\n<figure class=\"wp-block-image size-large\"><img loading=\"lazy\" decoding=\"async\" width=\"724\" height=\"1024\" data-id=\"1602\" src=\"https:\/\/kre-art.fr\/wp-content\/uploads\/2021\/04\/flyer-for-Irkutsk-Tourist-Information-Office-2016-724x1024.jpg\" alt=\"\" class=\"wp-image-1602\" srcset=\"https:\/\/kre-art.fr\/wp-content\/uploads\/2021\/04\/flyer-for-Irkutsk-Tourist-Information-Office-2016-724x1024.jpg 724w, https:\/\/kre-art.fr\/wp-content\/uploads\/2021\/04\/flyer-for-Irkutsk-Tourist-Information-Office-2016-212x300.jpg 212w, https:\/\/kre-art.fr\/wp-content\/uploads\/2021\/04\/flyer-for-Irkutsk-Tourist-Information-Office-2016-768x1086.jpg 768w, https:\/\/kre-art.fr\/wp-content\/uploads\/2021\/04\/flyer-for-Irkutsk-Tourist-Information-Office-2016-600x849.jpg 600w, https:\/\/kre-art.fr\/wp-content\/uploads\/2021\/04\/flyer-for-Irkutsk-Tourist-Information-Office-2016.jpg 842w\" sizes=\"auto, (max-width: 724px) 100vw, 724px\" \/><\/figure>\n<\/figure>\n","protected":false},"excerpt":{"rendered":"<p>Kre-Art cr\u00e9e des flyers pour tout type d&#8217;\u00e9v\u00e8nement. Vous recevrez le produit final dans diff\u00e9rents formats et r\u00e9solutions. Tarif \u00e0 partir de 50 euros jusqu\u2019\u00e0 150 euros, le prix d\u00e9pend de la complexit\u00e9 du travail. Pour plus d\u2019informations, devis gratuit ou pour toute question, n\u2019h\u00e9sitez pas \u00e0 me contacter via &hellip;<\/p>\n","protected":false},"author":1,"featured_media":537,"parent":140,"menu_order":39,"comment_status":"closed","ping_status":"closed","template":"","meta":{"footnotes":""},"class_list":["post-863","page","type-page","status-publish","has-post-thumbnail","hentry"],"_links":{"self":[{"href":"https:\/\/kre-art.fr\/index.php\/wp-json\/wp\/v2\/pages\/863","targetHints":{"allow":["GET"]}}],"collection":[{"href":"https:\/\/kre-art.fr\/index.php\/wp-json\/wp\/v2\/pages"}],"about":[{"href":"https:\/\/kre-art.fr\/index.php\/wp-json\/wp\/v2\/types\/page"}],"author":[{"embeddable":true,"href":"https:\/\/kre-art.fr\/index.php\/wp-json\/wp\/v2\/users\/1"}],"replies":[{"embeddable":true,"href":"https:\/\/kre-art.fr\/index.php\/wp-json\/wp\/v2\/comments?post=863"}],"version-history":[{"count":6,"href":"https:\/\/kre-art.fr\/index.php\/wp-json\/wp\/v2\/pages\/863\/revisions"}],"predecessor-version":[{"id":4014,"href":"https:\/\/kre-art.fr\/index.php\/wp-json\/wp\/v2\/pages\/863\/revisions\/4014"}],"up":[{"embeddable":true,"href":"https:\/\/kre-art.fr\/index.php\/wp-json\/wp\/v2\/pages\/140"}],"wp:featuredmedia":[{"embeddable":true,"href":"https:\/\/kre-art.fr\/index.php\/wp-json\/wp\/v2\/media\/537"}],"wp:attachment":[{"href":"https:\/\/kre-art.fr\/index.php\/wp-json\/wp\/v2\/media?parent=863"}],"curies":[{"name":"wp","href":"https:\/\/api.w.org\/{rel}","templated":true}]}}