{"id":2586,"date":"2022-05-12T20:55:17","date_gmt":"2022-05-12T18:55:17","guid":{"rendered":"https:\/\/kre-art.fr\/?post_type=product&#038;p=2586"},"modified":"2022-05-13T20:11:43","modified_gmt":"2022-05-13T18:11:43","slug":"figurine-licorne-pate-fimo","status":"publish","type":"product","link":"https:\/\/kre-art.fr\/index.php\/product\/figurine-licorne-pate-fimo\/","title":{"rendered":"Figurine \u00ab Licorne \u00bb (p\u00e2te FIMO)"},"content":{"rendered":"<p>Le produit fait en p\u00e2te polym\u00e8re FIMO.<\/p>\n<p>Figurine est tr\u00e8s fragile et n\u00e9cessite beaucoup de pr\u00e9caution.<\/p>\n","protected":false},"excerpt":{"rendered":"<p>Le produit fait en p\u00e2te polym\u00e8re FIMO.<\/p>\n<p>Figurine est tr\u00e8s fragile et n\u00e9cessite beaucoup de pr\u00e9caution.<\/p>\n","protected":false},"featured_media":1773,"comment_status":"open","ping_status":"closed","template":"","meta":[],"product_cat":[107],"product_tag":[111,109,110],"class_list":["post-2586","product","type-product","status-publish","has-post-thumbnail","hentry","product_cat-pate-fimo","product_tag-figurine","product_tag-fimo","product_tag-patefimo"],"_links":{"self":[{"href":"https:\/\/kre-art.fr\/index.php\/wp-json\/wp\/v2\/product\/2586","targetHints":{"allow":["GET"]}}],"collection":[{"href":"https:\/\/kre-art.fr\/index.php\/wp-json\/wp\/v2\/product"}],"about":[{"href":"https:\/\/kre-art.fr\/index.php\/wp-json\/wp\/v2\/types\/product"}],"replies":[{"embeddable":true,"href":"https:\/\/kre-art.fr\/index.php\/wp-json\/wp\/v2\/comments?post=2586"}],"wp:featuredmedia":[{"embeddable":true,"href":"https:\/\/kre-art.fr\/index.php\/wp-json\/wp\/v2\/media\/1773"}],"wp:attachment":[{"href":"https:\/\/kre-art.fr\/index.php\/wp-json\/wp\/v2\/media?parent=2586"}],"wp:term":[{"taxonomy":"product_cat","embeddable":true,"href":"https:\/\/kre-art.fr\/index.php\/wp-json\/wp\/v2\/product_cat?post=2586"},{"taxonomy":"product_tag","embeddable":true,"href":"https:\/\/kre-art.fr\/index.php\/wp-json\/wp\/v2\/product_tag?post=2586"}],"curies":[{"name":"wp","href":"https:\/\/api.w.org\/{rel}","templated":true}]}}