{"id":2600,"date":"2022-05-12T21:13:11","date_gmt":"2022-05-12T19:13:11","guid":{"rendered":"https:\/\/kre-art.fr\/?post_type=product&#038;p=2600"},"modified":"2022-05-13T20:12:54","modified_gmt":"2022-05-13T18:12:54","slug":"porte-cle-yeti-pate-fimo","status":"publish","type":"product","link":"https:\/\/kre-art.fr\/index.php\/product\/porte-cle-yeti-pate-fimo\/","title":{"rendered":"Porte-cl\u00e9 &#8220;Y\u00e9ti&#8221; (p\u00e2te FIMO)"},"content":{"rendered":"<p>Le produit fait en p\u00e2te polym\u00e8re FIMO.<\/p>\n<p>Figurine est tr\u00e8s fragile et n\u00e9cessite beaucoup de pr\u00e9caution.<\/p>\n","protected":false},"excerpt":{"rendered":"<p>Le produit fait en p\u00e2te polym\u00e8re FIMO.<\/p>\n<p>Figurine est tr\u00e8s fragile et n\u00e9cessite beaucoup de pr\u00e9caution.<\/p>\n","protected":false},"featured_media":1788,"comment_status":"open","ping_status":"closed","template":"","meta":[],"product_cat":[107],"product_tag":[109,110,114],"class_list":["post-2600","product","type-product","status-publish","has-post-thumbnail","hentry","product_cat-pate-fimo","product_tag-fimo","product_tag-patefimo","product_tag-portecle"],"_links":{"self":[{"href":"https:\/\/kre-art.fr\/index.php\/wp-json\/wp\/v2\/product\/2600","targetHints":{"allow":["GET"]}}],"collection":[{"href":"https:\/\/kre-art.fr\/index.php\/wp-json\/wp\/v2\/product"}],"about":[{"href":"https:\/\/kre-art.fr\/index.php\/wp-json\/wp\/v2\/types\/product"}],"replies":[{"embeddable":true,"href":"https:\/\/kre-art.fr\/index.php\/wp-json\/wp\/v2\/comments?post=2600"}],"wp:featuredmedia":[{"embeddable":true,"href":"https:\/\/kre-art.fr\/index.php\/wp-json\/wp\/v2\/media\/1788"}],"wp:attachment":[{"href":"https:\/\/kre-art.fr\/index.php\/wp-json\/wp\/v2\/media?parent=2600"}],"wp:term":[{"taxonomy":"product_cat","embeddable":true,"href":"https:\/\/kre-art.fr\/index.php\/wp-json\/wp\/v2\/product_cat?post=2600"},{"taxonomy":"product_tag","embeddable":true,"href":"https:\/\/kre-art.fr\/index.php\/wp-json\/wp\/v2\/product_tag?post=2600"}],"curies":[{"name":"wp","href":"https:\/\/api.w.org\/{rel}","templated":true}]}}