{"id":2603,"date":"2022-05-12T21:20:35","date_gmt":"2022-05-12T19:20:35","guid":{"rendered":"https:\/\/kre-art.fr\/?post_type=product&#038;p=2603"},"modified":"2022-05-13T20:13:06","modified_gmt":"2022-05-13T18:13:06","slug":"boucles-doreilles-cygnes","status":"publish","type":"product","link":"https:\/\/kre-art.fr\/index.php\/product\/boucles-doreilles-cygnes\/","title":{"rendered":"Boucles d&#8217;oreilles &#8220;Cygnes&#8221;"},"content":{"rendered":"<p>Le produit fait en p\u00e2te polym\u00e8re FIMO.<\/p>\n<p>Figurine est tr\u00e8s fragile et n\u00e9cessite beaucoup de pr\u00e9caution.<\/p>\n","protected":false},"excerpt":{"rendered":"<p>Le produit fait en p\u00e2te polym\u00e8re FIMO.<\/p>\n<p>Figurine est tr\u00e8s fragile et n\u00e9cessite beaucoup de pr\u00e9caution.<\/p>\n","protected":false},"featured_media":1796,"comment_status":"open","ping_status":"closed","template":"","meta":[],"product_cat":[107],"product_tag":[115,109,110],"class_list":["post-2603","product","type-product","status-publish","has-post-thumbnail","hentry","product_cat-pate-fimo","product_tag-bouclesdoreilles","product_tag-fimo","product_tag-patefimo"],"_links":{"self":[{"href":"https:\/\/kre-art.fr\/index.php\/wp-json\/wp\/v2\/product\/2603","targetHints":{"allow":["GET"]}}],"collection":[{"href":"https:\/\/kre-art.fr\/index.php\/wp-json\/wp\/v2\/product"}],"about":[{"href":"https:\/\/kre-art.fr\/index.php\/wp-json\/wp\/v2\/types\/product"}],"replies":[{"embeddable":true,"href":"https:\/\/kre-art.fr\/index.php\/wp-json\/wp\/v2\/comments?post=2603"}],"wp:featuredmedia":[{"embeddable":true,"href":"https:\/\/kre-art.fr\/index.php\/wp-json\/wp\/v2\/media\/1796"}],"wp:attachment":[{"href":"https:\/\/kre-art.fr\/index.php\/wp-json\/wp\/v2\/media?parent=2603"}],"wp:term":[{"taxonomy":"product_cat","embeddable":true,"href":"https:\/\/kre-art.fr\/index.php\/wp-json\/wp\/v2\/product_cat?post=2603"},{"taxonomy":"product_tag","embeddable":true,"href":"https:\/\/kre-art.fr\/index.php\/wp-json\/wp\/v2\/product_tag?post=2603"}],"curies":[{"name":"wp","href":"https:\/\/api.w.org\/{rel}","templated":true}]}}