{"id":2608,"date":"2022-05-12T21:28:36","date_gmt":"2022-05-12T19:28:36","guid":{"rendered":"https:\/\/kre-art.fr\/?post_type=product&#038;p=2608"},"modified":"2022-05-13T20:13:42","modified_gmt":"2022-05-13T18:13:42","slug":"pinces-a-linge-cygne","status":"publish","type":"product","link":"https:\/\/kre-art.fr\/index.php\/product\/pinces-a-linge-cygne\/","title":{"rendered":"Pinces \u00e0 linge &#8220;Cygne&#8221;"},"content":{"rendered":"<p>Le produit fait en p\u00e2te polym\u00e8re FIMO.<\/p>\n<p>Figurine est tr\u00e8s fragile et n\u00e9cessite beaucoup de pr\u00e9caution.<\/p>\n<p>4.5 cm x 3.5 cm 0.5 cm (taille de cygne)<\/p>\n","protected":false},"excerpt":{"rendered":"<p>Le produit fait en p\u00e2te polym\u00e8re FIMO.<\/p>\n<p>Figurine est tr\u00e8s fragile et n\u00e9cessite beaucoup de pr\u00e9caution.<\/p>\n<p>4.5 cm x 3.5 cm 0.5 cm (taille de cygne)<\/p>\n","protected":false},"featured_media":907,"comment_status":"open","ping_status":"closed","template":"","meta":[],"product_cat":[107],"product_tag":[109,110,117],"class_list":["post-2608","product","type-product","status-publish","has-post-thumbnail","hentry","product_cat-pate-fimo","product_tag-fimo","product_tag-patefimo","product_tag-pincesalinge"],"_links":{"self":[{"href":"https:\/\/kre-art.fr\/index.php\/wp-json\/wp\/v2\/product\/2608","targetHints":{"allow":["GET"]}}],"collection":[{"href":"https:\/\/kre-art.fr\/index.php\/wp-json\/wp\/v2\/product"}],"about":[{"href":"https:\/\/kre-art.fr\/index.php\/wp-json\/wp\/v2\/types\/product"}],"replies":[{"embeddable":true,"href":"https:\/\/kre-art.fr\/index.php\/wp-json\/wp\/v2\/comments?post=2608"}],"wp:featuredmedia":[{"embeddable":true,"href":"https:\/\/kre-art.fr\/index.php\/wp-json\/wp\/v2\/media\/907"}],"wp:attachment":[{"href":"https:\/\/kre-art.fr\/index.php\/wp-json\/wp\/v2\/media?parent=2608"}],"wp:term":[{"taxonomy":"product_cat","embeddable":true,"href":"https:\/\/kre-art.fr\/index.php\/wp-json\/wp\/v2\/product_cat?post=2608"},{"taxonomy":"product_tag","embeddable":true,"href":"https:\/\/kre-art.fr\/index.php\/wp-json\/wp\/v2\/product_tag?post=2608"}],"curies":[{"name":"wp","href":"https:\/\/api.w.org\/{rel}","templated":true}]}}