{"id":2633,"date":"2022-05-13T20:02:47","date_gmt":"2022-05-13T18:02:47","guid":{"rendered":"https:\/\/kre-art.fr\/?post_type=product&#038;p=2633"},"modified":"2022-05-13T20:13:56","modified_gmt":"2022-05-13T18:13:56","slug":"chaussettes-pour-nouveau-nes","status":"publish","type":"product","link":"https:\/\/kre-art.fr\/index.php\/product\/chaussettes-pour-nouveau-nes\/","title":{"rendered":"Chaussettes pour nouveau-n\u00e9s"},"content":{"rendered":"<p>Chaussettes pour nouveau-n\u00e9s en crochet<br \/>\nCouleur rose et blanc<br \/>\nFait main<br \/>\nFil acrylique premium<br \/>\nLa taille en diagonale est 12 cm, l\u2019\u00e2ge 0-3 mois<br \/>\nLavable en machine en programme d\u00e9licat \u00e0 30\u00b0c, essorage conseill\u00e9 \u00e0 600 trs., s\u00e8che linge interdit, s\u00e9cher \u00e0 plat \u00e0 l\u2019air libre<\/p>\n","protected":false},"excerpt":{"rendered":"<p>Chaussettes pour nouveau-n\u00e9s en crochet<br \/>\nCouleur rose et blanc<br \/>\nFait main<br \/>\nFil acrylique premium<br \/>\nLa taille en diagonale est 12 cm, l\u2019\u00e2ge 0-3 mois<br \/>\nLavable en machine en programme d\u00e9licat \u00e0 30\u00b0c, essorage conseill\u00e9 \u00e0 600 trs., s\u00e8che linge interdit, s\u00e9cher \u00e0 plat \u00e0 l\u2019air libre<\/p>\n","protected":false},"featured_media":2310,"comment_status":"open","ping_status":"closed","template":"","meta":[],"product_cat":[118],"product_tag":[121,122,119,120],"class_list":["post-2633","product","type-product","status-publish","has-post-thumbnail","hentry","product_cat-crochet","product_tag-chaussettes","product_tag-chaussettespournouveau-nes","product_tag-crochet","product_tag-faitmain"],"_links":{"self":[{"href":"https:\/\/kre-art.fr\/index.php\/wp-json\/wp\/v2\/product\/2633","targetHints":{"allow":["GET"]}}],"collection":[{"href":"https:\/\/kre-art.fr\/index.php\/wp-json\/wp\/v2\/product"}],"about":[{"href":"https:\/\/kre-art.fr\/index.php\/wp-json\/wp\/v2\/types\/product"}],"replies":[{"embeddable":true,"href":"https:\/\/kre-art.fr\/index.php\/wp-json\/wp\/v2\/comments?post=2633"}],"wp:featuredmedia":[{"embeddable":true,"href":"https:\/\/kre-art.fr\/index.php\/wp-json\/wp\/v2\/media\/2310"}],"wp:attachment":[{"href":"https:\/\/kre-art.fr\/index.php\/wp-json\/wp\/v2\/media?parent=2633"}],"wp:term":[{"taxonomy":"product_cat","embeddable":true,"href":"https:\/\/kre-art.fr\/index.php\/wp-json\/wp\/v2\/product_cat?post=2633"},{"taxonomy":"product_tag","embeddable":true,"href":"https:\/\/kre-art.fr\/index.php\/wp-json\/wp\/v2\/product_tag?post=2633"}],"curies":[{"name":"wp","href":"https:\/\/api.w.org\/{rel}","templated":true}]}}