{"id":2635,"date":"2022-05-13T20:06:51","date_gmt":"2022-05-13T18:06:51","guid":{"rendered":"https:\/\/kre-art.fr\/?post_type=product&#038;p=2635"},"modified":"2022-05-13T20:14:17","modified_gmt":"2022-05-13T18:14:17","slug":"chaussettes-pour-nouveau-nes-2","status":"publish","type":"product","link":"https:\/\/kre-art.fr\/index.php\/product\/chaussettes-pour-nouveau-nes-2\/","title":{"rendered":"Chaussettes pour nouveau-n\u00e9s"},"content":{"rendered":"<p>Chaussettes pour nouveau-n\u00e9s en crochet<br \/>\nCouleur bleu et blanc<br \/>\nFait main<br \/>\nFil acrylique premium<br \/>\nLa taille en diagonale est 12 cm, l\u2019\u00e2ge 0-3 mois<br \/>\nLavable en machine en programme d\u00e9licat \u00e0 30\u00b0c, essorage conseill\u00e9 \u00e0 600 trs., s\u00e8che linge interdit, s\u00e9cher \u00e0 plat \u00e0 l\u2019air libre<\/p>\n","protected":false},"excerpt":{"rendered":"<p>Chaussettes pour nouveau-n\u00e9s en crochet<br \/>\nCouleur bleu et blanc<br \/>\nFait main<br \/>\nFil acrylique premium<br \/>\nLa taille en diagonale est 12 cm, l\u2019\u00e2ge 0-3 mois<br \/>\nLavable en machine en programme d\u00e9licat \u00e0 30\u00b0c, essorage conseill\u00e9 \u00e0 600 trs., s\u00e8che linge interdit, s\u00e9cher \u00e0 plat \u00e0 l\u2019air libre<\/p>\n","protected":false},"featured_media":2312,"comment_status":"open","ping_status":"closed","template":"","meta":[],"product_cat":[118],"product_tag":[121,122,119,120],"class_list":["post-2635","product","type-product","status-publish","has-post-thumbnail","hentry","product_cat-crochet","product_tag-chaussettes","product_tag-chaussettespournouveau-nes","product_tag-crochet","product_tag-faitmain"],"_links":{"self":[{"href":"https:\/\/kre-art.fr\/index.php\/wp-json\/wp\/v2\/product\/2635","targetHints":{"allow":["GET"]}}],"collection":[{"href":"https:\/\/kre-art.fr\/index.php\/wp-json\/wp\/v2\/product"}],"about":[{"href":"https:\/\/kre-art.fr\/index.php\/wp-json\/wp\/v2\/types\/product"}],"replies":[{"embeddable":true,"href":"https:\/\/kre-art.fr\/index.php\/wp-json\/wp\/v2\/comments?post=2635"}],"wp:featuredmedia":[{"embeddable":true,"href":"https:\/\/kre-art.fr\/index.php\/wp-json\/wp\/v2\/media\/2312"}],"wp:attachment":[{"href":"https:\/\/kre-art.fr\/index.php\/wp-json\/wp\/v2\/media?parent=2635"}],"wp:term":[{"taxonomy":"product_cat","embeddable":true,"href":"https:\/\/kre-art.fr\/index.php\/wp-json\/wp\/v2\/product_cat?post=2635"},{"taxonomy":"product_tag","embeddable":true,"href":"https:\/\/kre-art.fr\/index.php\/wp-json\/wp\/v2\/product_tag?post=2635"}],"curies":[{"name":"wp","href":"https:\/\/api.w.org\/{rel}","templated":true}]}}