{"id":2646,"date":"2022-05-13T20:35:43","date_gmt":"2022-05-13T18:35:43","guid":{"rendered":"https:\/\/kre-art.fr\/?post_type=product&#038;p=2646"},"modified":"2022-05-13T20:37:30","modified_gmt":"2022-05-13T18:37:30","slug":"jouet-souris-pour-chat-en-assortiment-couleur-beige","status":"publish","type":"product","link":"https:\/\/kre-art.fr\/index.php\/product\/jouet-souris-pour-chat-en-assortiment-couleur-beige\/","title":{"rendered":"Jouet &#8220;Souris &#8221; pour chat en assortiment (couleur beige)"},"content":{"rendered":"<p>Jouet &#8220;Souris &#8221; pour chat en assortiment (couleur beige)<br \/>\nCouleur beige<br \/>\nFait main<br \/>\nFil acrylique, fibres creuses silicon\u00e9es dedans<br \/>\nLavable en machine en programme d\u00e9licat \u00e0 30\u00b0c, essorage conseill\u00e9 \u00e0 600 trs., s\u00e8che linge interdit, s\u00e9cher \u00e0 plat \u00e0 l\u2019air libre<br \/>\nLa taille est 5 cm x 2.5 cm x 2.5 cm<\/p>\n","protected":false},"excerpt":{"rendered":"<p>Jouet &#8220;Souris &#8221; pour chat en assortiment (couleur beige)<br \/>\nCouleur beige<br \/>\nFait main<br \/>\nFil acrylique, fibres creuses silicon\u00e9es dedans<br \/>\nLavable en machine en programme d\u00e9licat \u00e0 30\u00b0c, essorage conseill\u00e9 \u00e0 600 trs., s\u00e8che linge interdit, s\u00e9cher \u00e0 plat \u00e0 l\u2019air libre<br \/>\nLa taille est 5 cm x 2.5 cm x 2.5 cm<\/p>\n","protected":false},"featured_media":2641,"comment_status":"open","ping_status":"closed","template":"","meta":[],"product_cat":[118],"product_tag":[119,120,123,124],"class_list":["post-2646","product","type-product","status-publish","has-post-thumbnail","hentry","product_cat-crochet","product_tag-crochet","product_tag-faitmain","product_tag-jouets","product_tag-jouetspourchat"],"_links":{"self":[{"href":"https:\/\/kre-art.fr\/index.php\/wp-json\/wp\/v2\/product\/2646","targetHints":{"allow":["GET"]}}],"collection":[{"href":"https:\/\/kre-art.fr\/index.php\/wp-json\/wp\/v2\/product"}],"about":[{"href":"https:\/\/kre-art.fr\/index.php\/wp-json\/wp\/v2\/types\/product"}],"replies":[{"embeddable":true,"href":"https:\/\/kre-art.fr\/index.php\/wp-json\/wp\/v2\/comments?post=2646"}],"wp:featuredmedia":[{"embeddable":true,"href":"https:\/\/kre-art.fr\/index.php\/wp-json\/wp\/v2\/media\/2641"}],"wp:attachment":[{"href":"https:\/\/kre-art.fr\/index.php\/wp-json\/wp\/v2\/media?parent=2646"}],"wp:term":[{"taxonomy":"product_cat","embeddable":true,"href":"https:\/\/kre-art.fr\/index.php\/wp-json\/wp\/v2\/product_cat?post=2646"},{"taxonomy":"product_tag","embeddable":true,"href":"https:\/\/kre-art.fr\/index.php\/wp-json\/wp\/v2\/product_tag?post=2646"}],"curies":[{"name":"wp","href":"https:\/\/api.w.org\/{rel}","templated":true}]}}