{"id":2650,"date":"2022-05-13T21:10:29","date_gmt":"2022-05-13T19:10:29","guid":{"rendered":"https:\/\/kre-art.fr\/?post_type=product&#038;p=2650"},"modified":"2022-05-13T21:10:41","modified_gmt":"2022-05-13T19:10:41","slug":"jouet-souris-pour-chat","status":"publish","type":"product","link":"https:\/\/kre-art.fr\/index.php\/product\/jouet-souris-pour-chat\/","title":{"rendered":"Jouet &#8220;Souris &#8221; pour chat"},"content":{"rendered":"<p>Jouet &#8220;Souris &#8221; pour chat<br \/>\nCouleur jaune<br \/>\nFait main<br \/>\nFil coton, fibres creuses silicon\u00e9es dedans<br \/>\nLavable en machine en programme d\u00e9licat \u00e0 30\u00b0c, essorage conseill\u00e9 \u00e0 600 trs., s\u00e8che linge interdit, s\u00e9cher \u00e0 plat \u00e0 l\u2019air libre<br \/>\nLa taille est 6 cm x 4.5 cm x 3.5 cm<\/p>\n","protected":false},"excerpt":{"rendered":"<p>Jouet &#8220;Souris &#8221; pour chat<br \/>\nCouleur jaune<br \/>\nFait main<br \/>\nFil coton, fibres creuses silicon\u00e9es dedans<br \/>\nLavable en machine en programme d\u00e9licat \u00e0 30\u00b0c, essorage conseill\u00e9 \u00e0 600 trs., s\u00e8che linge interdit, s\u00e9cher \u00e0 plat \u00e0 l\u2019air libre<br \/>\nLa taille est 6 cm x 4.5 cm x 3.5 cm<\/p>\n","protected":false},"featured_media":2653,"comment_status":"open","ping_status":"closed","template":"","meta":[],"product_cat":[118],"product_tag":[119,120,123,124],"class_list":["post-2650","product","type-product","status-publish","has-post-thumbnail","hentry","product_cat-crochet","product_tag-crochet","product_tag-faitmain","product_tag-jouets","product_tag-jouetspourchat"],"_links":{"self":[{"href":"https:\/\/kre-art.fr\/index.php\/wp-json\/wp\/v2\/product\/2650","targetHints":{"allow":["GET"]}}],"collection":[{"href":"https:\/\/kre-art.fr\/index.php\/wp-json\/wp\/v2\/product"}],"about":[{"href":"https:\/\/kre-art.fr\/index.php\/wp-json\/wp\/v2\/types\/product"}],"replies":[{"embeddable":true,"href":"https:\/\/kre-art.fr\/index.php\/wp-json\/wp\/v2\/comments?post=2650"}],"wp:featuredmedia":[{"embeddable":true,"href":"https:\/\/kre-art.fr\/index.php\/wp-json\/wp\/v2\/media\/2653"}],"wp:attachment":[{"href":"https:\/\/kre-art.fr\/index.php\/wp-json\/wp\/v2\/media?parent=2650"}],"wp:term":[{"taxonomy":"product_cat","embeddable":true,"href":"https:\/\/kre-art.fr\/index.php\/wp-json\/wp\/v2\/product_cat?post=2650"},{"taxonomy":"product_tag","embeddable":true,"href":"https:\/\/kre-art.fr\/index.php\/wp-json\/wp\/v2\/product_tag?post=2650"}],"curies":[{"name":"wp","href":"https:\/\/api.w.org\/{rel}","templated":true}]}}