{"id":2690,"date":"2022-05-14T16:55:44","date_gmt":"2022-05-14T14:55:44","guid":{"rendered":"https:\/\/kre-art.fr\/?post_type=product&#038;p=2690"},"modified":"2022-05-14T16:58:19","modified_gmt":"2022-05-14T14:58:19","slug":"jouet-peluche-lapin-en-forme-du-coeur","status":"publish","type":"product","link":"https:\/\/kre-art.fr\/index.php\/product\/jouet-peluche-lapin-en-forme-du-coeur\/","title":{"rendered":"Jouet peluche &#8220;Lapin en forme du c\u0153ur&#8221;"},"content":{"rendered":"<p>Jouet peluche &#8220;Lapin en forme du c\u0153ur&#8221;<br \/>\nCouleur gris, rouge<br \/>\nFait main<br \/>\nFil acrylique, fibres creuses silicon\u00e9es dedans, les d\u00e9tailles en plastique (les yeux,\u00a0le nez)<br \/>\nN\u2019est pas recommander pour les enfants moins de 3 ans<br \/>\nLavage non recommand\u00e9e, mais si besoin, lavable en machine en programme d\u00e9licat \u00e0 30\u00b0c, essorage conseill\u00e9 \u00e0 600 trs., s\u00e8che linge interdit, s\u00e9cher \u00e0 plat \u00e0 l\u2019air libre<br \/>\nLa taille est 12 cm x 7 cm x 16 cm<\/p>\n","protected":false},"excerpt":{"rendered":"<p>Jouet peluche &#8220;Lapin en forme du c\u0153ur&#8221;<br \/>\nCouleur gris, rouge<br \/>\nFait main<br \/>\nFil acrylique, fibres creuses silicon\u00e9es dedans, les d\u00e9tailles en plastique (les yeux,\u00a0le nez)<br \/>\nN\u2019est pas recommander pour les enfants moins de 3 ans<br \/>\nLavage non recommand\u00e9e, mais si besoin, lavable en machine en programme d\u00e9licat \u00e0 30\u00b0c, essorage conseill\u00e9 \u00e0 600 trs., s\u00e8che linge interdit, s\u00e9cher \u00e0 plat \u00e0 l\u2019air libre<br \/>\nLa taille est 12 cm x 7 cm x 16 cm<\/p>\n","protected":false},"featured_media":2457,"comment_status":"open","ping_status":"closed","template":"","meta":[],"product_cat":[118],"product_tag":[119,120,123,125],"class_list":["post-2690","product","type-product","status-publish","has-post-thumbnail","hentry","product_cat-crochet","product_tag-crochet","product_tag-faitmain","product_tag-jouets","product_tag-peluche"],"_links":{"self":[{"href":"https:\/\/kre-art.fr\/index.php\/wp-json\/wp\/v2\/product\/2690","targetHints":{"allow":["GET"]}}],"collection":[{"href":"https:\/\/kre-art.fr\/index.php\/wp-json\/wp\/v2\/product"}],"about":[{"href":"https:\/\/kre-art.fr\/index.php\/wp-json\/wp\/v2\/types\/product"}],"replies":[{"embeddable":true,"href":"https:\/\/kre-art.fr\/index.php\/wp-json\/wp\/v2\/comments?post=2690"}],"wp:featuredmedia":[{"embeddable":true,"href":"https:\/\/kre-art.fr\/index.php\/wp-json\/wp\/v2\/media\/2457"}],"wp:attachment":[{"href":"https:\/\/kre-art.fr\/index.php\/wp-json\/wp\/v2\/media?parent=2690"}],"wp:term":[{"taxonomy":"product_cat","embeddable":true,"href":"https:\/\/kre-art.fr\/index.php\/wp-json\/wp\/v2\/product_cat?post=2690"},{"taxonomy":"product_tag","embeddable":true,"href":"https:\/\/kre-art.fr\/index.php\/wp-json\/wp\/v2\/product_tag?post=2690"}],"curies":[{"name":"wp","href":"https:\/\/api.w.org\/{rel}","templated":true}]}}