{"id":2699,"date":"2022-05-14T17:24:50","date_gmt":"2022-05-14T15:24:50","guid":{"rendered":"https:\/\/kre-art.fr\/?post_type=product&#038;p=2699"},"modified":"2022-05-14T17:32:24","modified_gmt":"2022-05-14T15:32:24","slug":"jouet-peluche-souris-amoureux","status":"publish","type":"product","link":"https:\/\/kre-art.fr\/index.php\/product\/jouet-peluche-souris-amoureux\/","title":{"rendered":"Jouet peluche &#8220;Souris amoureux&#8221;"},"content":{"rendered":"<p>Jouet peluche &#8220;Souris amoureux&#8221;<br \/>\nCouleur blanc, beige, rouge, bleu et jaune<br \/>\nFait main<br \/>\nFil acrylique, fibres creuses silicon\u00e9es dedans, les d\u00e9tailles en plastique (les yeux)<br \/>\nN\u2019est pas recommander pour les enfants moins de 3 ans<br \/>\nLavage non recommand\u00e9e, mais si besoin, lavable \u00e0 la main au l&#8217;eau froid, s\u00e8che linge interdit, s\u00e9cher \u00e0 plat \u00e0 l\u2019air libre<br \/>\nLa taille de chaque souris est 7 cm x 6 cm x 16.5 cm, la taille du c\u0153ur est 3 cm x 3 cm<\/p>\n","protected":false},"excerpt":{"rendered":"<p>Jouet peluche &#8220;Souris amoureux&#8221;<br \/>\nCouleur blanc, beige, rouge, bleu et jaune<br \/>\nFait main<br \/>\nFil acrylique, fibres creuses silicon\u00e9es dedans, les d\u00e9tailles en plastique (les yeux)<br \/>\nN\u2019est pas recommander pour les enfants moins de 3 ans<br \/>\nLavage non recommand\u00e9e, mais si besoin, lavable \u00e0 la main au l&#8217;eau froid, s\u00e8che linge interdit, s\u00e9cher \u00e0 plat \u00e0 l\u2019air libre<br \/>\nLa taille de chaque souris est 7 cm x 6 cm x 16.5 cm, la taille du c\u0153ur est 3 cm x 3 cm<\/p>\n","protected":false},"featured_media":2491,"comment_status":"open","ping_status":"closed","template":"","meta":[],"product_cat":[118],"product_tag":[119,120,123,125],"class_list":["post-2699","product","type-product","status-publish","has-post-thumbnail","hentry","product_cat-crochet","product_tag-crochet","product_tag-faitmain","product_tag-jouets","product_tag-peluche"],"_links":{"self":[{"href":"https:\/\/kre-art.fr\/index.php\/wp-json\/wp\/v2\/product\/2699","targetHints":{"allow":["GET"]}}],"collection":[{"href":"https:\/\/kre-art.fr\/index.php\/wp-json\/wp\/v2\/product"}],"about":[{"href":"https:\/\/kre-art.fr\/index.php\/wp-json\/wp\/v2\/types\/product"}],"replies":[{"embeddable":true,"href":"https:\/\/kre-art.fr\/index.php\/wp-json\/wp\/v2\/comments?post=2699"}],"wp:featuredmedia":[{"embeddable":true,"href":"https:\/\/kre-art.fr\/index.php\/wp-json\/wp\/v2\/media\/2491"}],"wp:attachment":[{"href":"https:\/\/kre-art.fr\/index.php\/wp-json\/wp\/v2\/media?parent=2699"}],"wp:term":[{"taxonomy":"product_cat","embeddable":true,"href":"https:\/\/kre-art.fr\/index.php\/wp-json\/wp\/v2\/product_cat?post=2699"},{"taxonomy":"product_tag","embeddable":true,"href":"https:\/\/kre-art.fr\/index.php\/wp-json\/wp\/v2\/product_tag?post=2699"}],"curies":[{"name":"wp","href":"https:\/\/api.w.org\/{rel}","templated":true}]}}