{"id":2806,"date":"2022-05-14T19:24:42","date_gmt":"2022-05-14T17:24:42","guid":{"rendered":"https:\/\/kre-art.fr\/?post_type=product&#038;p=2806"},"modified":"2022-05-14T19:26:51","modified_gmt":"2022-05-14T17:26:51","slug":"jouet-panier","status":"publish","type":"product","link":"https:\/\/kre-art.fr\/index.php\/product\/jouet-panier\/","title":{"rendered":"Jouet &#8220;Panier&#8221;"},"content":{"rendered":"<p>Jouet &#8220;Panier&#8221;<br \/>\nCouleur vert, rose<br \/>\nFait main<br \/>\nFil acrylique.<br \/>\nLavage non recommand\u00e9e, mais si besoin, lavable en machine en programme d\u00e9licat \u00e0 30\u00b0c, essorage conseill\u00e9 \u00e0 600 trs., s\u00e8che linge interdit, s\u00e9cher \u00e0 plat \u00e0 l\u2019air libre<br \/>\nLa taille de panier est 13.5 x8 cm, la longueur d\u2019anse est 14 cm<\/p>\n","protected":false},"excerpt":{"rendered":"<p>Jouet &#8220;Panier&#8221;<br \/>\nCouleur vert, rose<br \/>\nFait main<br \/>\nFil acrylique.<br \/>\nLavage non recommand\u00e9e, mais si besoin, lavable en machine en programme d\u00e9licat \u00e0 30\u00b0c, essorage conseill\u00e9 \u00e0 600 trs., s\u00e8che linge interdit, s\u00e9cher \u00e0 plat \u00e0 l\u2019air libre<br \/>\nLa taille de panier est 13.5 x8 cm, la longueur d\u2019anse est 14 cm<\/p>\n","protected":false},"featured_media":2737,"comment_status":"open","ping_status":"closed","template":"","meta":[],"product_cat":[118],"product_tag":[119,120,123],"class_list":["post-2806","product","type-product","status-publish","has-post-thumbnail","hentry","product_cat-crochet","product_tag-crochet","product_tag-faitmain","product_tag-jouets"],"_links":{"self":[{"href":"https:\/\/kre-art.fr\/index.php\/wp-json\/wp\/v2\/product\/2806","targetHints":{"allow":["GET"]}}],"collection":[{"href":"https:\/\/kre-art.fr\/index.php\/wp-json\/wp\/v2\/product"}],"about":[{"href":"https:\/\/kre-art.fr\/index.php\/wp-json\/wp\/v2\/types\/product"}],"replies":[{"embeddable":true,"href":"https:\/\/kre-art.fr\/index.php\/wp-json\/wp\/v2\/comments?post=2806"}],"wp:featuredmedia":[{"embeddable":true,"href":"https:\/\/kre-art.fr\/index.php\/wp-json\/wp\/v2\/media\/2737"}],"wp:attachment":[{"href":"https:\/\/kre-art.fr\/index.php\/wp-json\/wp\/v2\/media?parent=2806"}],"wp:term":[{"taxonomy":"product_cat","embeddable":true,"href":"https:\/\/kre-art.fr\/index.php\/wp-json\/wp\/v2\/product_cat?post=2806"},{"taxonomy":"product_tag","embeddable":true,"href":"https:\/\/kre-art.fr\/index.php\/wp-json\/wp\/v2\/product_tag?post=2806"}],"curies":[{"name":"wp","href":"https:\/\/api.w.org\/{rel}","templated":true}]}}