{"id":2807,"date":"2022-05-14T19:27:19","date_gmt":"2022-05-14T17:27:19","guid":{"rendered":"https:\/\/kre-art.fr\/?post_type=product&#038;p=2807"},"modified":"2022-05-14T19:28:43","modified_gmt":"2022-05-14T17:28:43","slug":"jouet-petit-panier","status":"publish","type":"product","link":"https:\/\/kre-art.fr\/index.php\/product\/jouet-petit-panier\/","title":{"rendered":"Jouet &#8220;Petit Panier&#8221;"},"content":{"rendered":"<p>Jouet &#8220;Petit Panier&#8221;<br \/>\nCouleur rouge, gris<br \/>\nFait main<br \/>\nFil acrylique.<br \/>\nLavage non recommand\u00e9e, mais si besoin, lavable en machine en programme d\u00e9licat \u00e0 30\u00b0c, essorage conseill\u00e9 \u00e0 600 trs., s\u00e8che linge interdit, s\u00e9cher \u00e0 plat \u00e0 l\u2019air libre<br \/>\nLa taille est 3.5 x7 cm<\/p>\n","protected":false},"excerpt":{"rendered":"<p>Jouet &#8220;Petit Panier&#8221;<br \/>\nCouleur rouge, gris<br \/>\nFait main<br \/>\nFil acrylique.<br \/>\nLavage non recommand\u00e9e, mais si besoin, lavable en machine en programme d\u00e9licat \u00e0 30\u00b0c, essorage conseill\u00e9 \u00e0 600 trs., s\u00e8che linge interdit, s\u00e9cher \u00e0 plat \u00e0 l\u2019air libre<br \/>\nLa taille est 3.5 x7 cm<\/p>\n","protected":false},"featured_media":2740,"comment_status":"open","ping_status":"closed","template":"","meta":[],"product_cat":[118],"product_tag":[119,120,123],"class_list":["post-2807","product","type-product","status-publish","has-post-thumbnail","hentry","product_cat-crochet","product_tag-crochet","product_tag-faitmain","product_tag-jouets"],"_links":{"self":[{"href":"https:\/\/kre-art.fr\/index.php\/wp-json\/wp\/v2\/product\/2807","targetHints":{"allow":["GET"]}}],"collection":[{"href":"https:\/\/kre-art.fr\/index.php\/wp-json\/wp\/v2\/product"}],"about":[{"href":"https:\/\/kre-art.fr\/index.php\/wp-json\/wp\/v2\/types\/product"}],"replies":[{"embeddable":true,"href":"https:\/\/kre-art.fr\/index.php\/wp-json\/wp\/v2\/comments?post=2807"}],"wp:featuredmedia":[{"embeddable":true,"href":"https:\/\/kre-art.fr\/index.php\/wp-json\/wp\/v2\/media\/2740"}],"wp:attachment":[{"href":"https:\/\/kre-art.fr\/index.php\/wp-json\/wp\/v2\/media?parent=2807"}],"wp:term":[{"taxonomy":"product_cat","embeddable":true,"href":"https:\/\/kre-art.fr\/index.php\/wp-json\/wp\/v2\/product_cat?post=2807"},{"taxonomy":"product_tag","embeddable":true,"href":"https:\/\/kre-art.fr\/index.php\/wp-json\/wp\/v2\/product_tag?post=2807"}],"curies":[{"name":"wp","href":"https:\/\/api.w.org\/{rel}","templated":true}]}}