{"id":2813,"date":"2022-05-14T19:41:17","date_gmt":"2022-05-14T17:41:17","guid":{"rendered":"https:\/\/kre-art.fr\/?post_type=product&#038;p=2813"},"modified":"2022-05-14T19:43:31","modified_gmt":"2022-05-14T17:43:31","slug":"jouet-peluche-poussin-2","status":"publish","type":"product","link":"https:\/\/kre-art.fr\/index.php\/product\/jouet-peluche-poussin-2\/","title":{"rendered":"Jouet peluche &#8220;Poussin&#8221;"},"content":{"rendered":"<p>Jouet peluche &#8220;Poussin&#8221;<br \/>\nCouleur jaune, blanc<br \/>\nFait main<br \/>\nFil coton, fil acrylique, fibres creuses silicon\u00e9es dedans<br \/>\nLavage non recommand\u00e9e, mais si besoin, lavable en machine en programme d\u00e9licat \u00e0 30\u00b0c, essorage conseill\u00e9 \u00e0 600 trs., s\u00e8che linge interdit, s\u00e9cher \u00e0 plat \u00e0 l\u2019air libre<br \/>\nLa taille est 11.5 cm x 9 cm x 11 cm<\/p>\n","protected":false},"excerpt":{"rendered":"<p>Jouet peluche &#8220;Poussin&#8221;<br \/>\nCouleur jaune, blanc<br \/>\nFait main<br \/>\nFil coton, fil acrylique, fibres creuses silicon\u00e9es dedans<br \/>\nLavage non recommand\u00e9e, mais si besoin, lavable en machine en programme d\u00e9licat \u00e0 30\u00b0c, essorage conseill\u00e9 \u00e0 600 trs., s\u00e8che linge interdit, s\u00e9cher \u00e0 plat \u00e0 l\u2019air libre<br \/>\nLa taille est 11.5 cm x 9 cm x 11 cm<\/p>\n","protected":false},"featured_media":2762,"comment_status":"open","ping_status":"closed","template":"","meta":[],"product_cat":[118],"product_tag":[119,120,123,125],"class_list":["post-2813","product","type-product","status-publish","has-post-thumbnail","hentry","product_cat-crochet","product_tag-crochet","product_tag-faitmain","product_tag-jouets","product_tag-peluche"],"_links":{"self":[{"href":"https:\/\/kre-art.fr\/index.php\/wp-json\/wp\/v2\/product\/2813","targetHints":{"allow":["GET"]}}],"collection":[{"href":"https:\/\/kre-art.fr\/index.php\/wp-json\/wp\/v2\/product"}],"about":[{"href":"https:\/\/kre-art.fr\/index.php\/wp-json\/wp\/v2\/types\/product"}],"replies":[{"embeddable":true,"href":"https:\/\/kre-art.fr\/index.php\/wp-json\/wp\/v2\/comments?post=2813"}],"wp:featuredmedia":[{"embeddable":true,"href":"https:\/\/kre-art.fr\/index.php\/wp-json\/wp\/v2\/media\/2762"}],"wp:attachment":[{"href":"https:\/\/kre-art.fr\/index.php\/wp-json\/wp\/v2\/media?parent=2813"}],"wp:term":[{"taxonomy":"product_cat","embeddable":true,"href":"https:\/\/kre-art.fr\/index.php\/wp-json\/wp\/v2\/product_cat?post=2813"},{"taxonomy":"product_tag","embeddable":true,"href":"https:\/\/kre-art.fr\/index.php\/wp-json\/wp\/v2\/product_tag?post=2813"}],"curies":[{"name":"wp","href":"https:\/\/api.w.org\/{rel}","templated":true}]}}